{"id":30919,"date":"2026-01-09T14:31:21","date_gmt":"2026-01-09T14:31:21","guid":{"rendered":"https:\/\/topprixsarl.ch\/product\/pile-bouton-lithium-energizer-cr2025-pack-de-4\/"},"modified":"2026-01-14T14:20:05","modified_gmt":"2026-01-14T14:20:05","slug":"pile-bouton-lithium-energizer-cr2025-pack-de-4","status":"publish","type":"product","link":"https:\/\/topprixsarl.ch\/en\/product-2\/pile-bouton-lithium-energizer-cr2025-pack-de-4\/","title":{"rendered":"Pile bouton lithium Energizer CR2025 &#8211; pack de 4"},"content":{"rendered":"<p>Une source d&rsquo;\u00e9nergie minuscule mais de grande capacit\u00e9. <\/p>\n<p>Personne ne veut que sa montre, calculatrice ou autres appareils s&rsquo;arr\u00eatent soudainement de fonctionner. Mais c\u2019est ce qui se passe avec une pile ordinaire. Elle s\u2019\u00e9puise tr\u00e8s rapidement et peut fuir, ce qui laisse des r\u00e9sidus dans l&rsquo;\u00e9lectronique. <\/p>\n<p>Ces piles sont bon march\u00e9. Mais, vous devez comparer et \u00e9valuer le temps de fonctionnement de la pile Energizer CR2025 au lithium. Cette pile haut de gamme peut m\u00eame \u00eatre \u00e9conomique. <\/p>\n<p>Chaque pile bouton contient beaucoup d&rsquo;\u00e9nergie et peut fonctionner pendant des ann\u00e9es. Elle produit une tension standard de 3 V et la maintient longtemps, ce qui garantit le bon fonctionnement de l&rsquo;\u00e9lectronique. <\/p>\n<p>De plus, ces piles sont fabriqu\u00e9es \u00e0 partir de composants de haute qualit\u00e9 utilisant une technologie moderne. Elles ont donc un taux d&rsquo;autod\u00e9charge aussi faible que possible et peuvent \u00eatre stock\u00e9es pendant huit ans. Vous pouvez ainsi en acheter quelques-unes sans vous soucier de leur inutilit\u00e9 apr\u00e8s quelques ann\u00e9es. <\/p>\n<p>Ces piles sont aussi fiables: pas de fuites ou d&rsquo;autres probl\u00e8mes. Elles sont donc l&rsquo;un des meilleurs choix pour les appareils \u00e9lectroniques co\u00fbteux de haute qualit\u00e9 ou un dispositif qui doit bien fonctionner. <\/p>\n<p>Assurez-vous de votre source d&rsquo;\u00e9nergie! <\/p>\n<p>+ Garantie 8 ans<\/p>","protected":false},"excerpt":{"rendered":"<p>Une source d&rsquo;\u00e9nergie minuscule mais de grande capacit\u00e9 Personne ne veut que sa montre, calculatrice ou autres appareils s&rsquo;arr\u00eatent soudainement de fonctionner. Mais c\u2019est ce qui se passe avec une pile ordinaire. Elle s\u2019\u00e9puise tr\u00e8s rapidement et peut <\/p>","protected":false},"featured_media":30918,"comment_status":"open","ping_status":"closed","template":"","meta":[],"product_brand":[],"product_cat":[142],"product_tag":[],"class_list":{"0":"post-30919","1":"product","2":"type-product","3":"status-publish","4":"has-post-thumbnail","6":"product_cat-entretien","8":"first","9":"instock","10":"shipping-taxable","11":"purchasable","12":"product-type-simple"},"_links":{"self":[{"href":"https:\/\/topprixsarl.ch\/en\/wp-json\/wp\/v2\/product\/30919","targetHints":{"allow":["GET"]}}],"collection":[{"href":"https:\/\/topprixsarl.ch\/en\/wp-json\/wp\/v2\/product"}],"about":[{"href":"https:\/\/topprixsarl.ch\/en\/wp-json\/wp\/v2\/types\/product"}],"replies":[{"embeddable":true,"href":"https:\/\/topprixsarl.ch\/en\/wp-json\/wp\/v2\/comments?post=30919"}],"version-history":[{"count":2,"href":"https:\/\/topprixsarl.ch\/en\/wp-json\/wp\/v2\/product\/30919\/revisions"}],"predecessor-version":[{"id":32795,"href":"https:\/\/topprixsarl.ch\/en\/wp-json\/wp\/v2\/product\/30919\/revisions\/32795"}],"wp:featuredmedia":[{"embeddable":true,"href":"https:\/\/topprixsarl.ch\/en\/wp-json\/wp\/v2\/media\/30918"}],"wp:attachment":[{"href":"https:\/\/topprixsarl.ch\/en\/wp-json\/wp\/v2\/media?parent=30919"}],"wp:term":[{"taxonomy":"product_brand","embeddable":true,"href":"https:\/\/topprixsarl.ch\/en\/wp-json\/wp\/v2\/product_brand?post=30919"},{"taxonomy":"product_cat","embeddable":true,"href":"https:\/\/topprixsarl.ch\/en\/wp-json\/wp\/v2\/product_cat?post=30919"},{"taxonomy":"product_tag","embeddable":true,"href":"https:\/\/topprixsarl.ch\/en\/wp-json\/wp\/v2\/product_tag?post=30919"}],"curies":[{"name":"wp","href":"https:\/\/api.w.org\/{rel}","templated":true}]}}