{"id":30911,"date":"2026-01-09T14:30:19","date_gmt":"2026-01-09T14:30:19","guid":{"rendered":"https:\/\/topprixsarl.ch\/product\/roller-de-correction-pritt-eco-flex-10-m-x-42-mm\/"},"modified":"2026-01-14T14:20:05","modified_gmt":"2026-01-14T14:20:05","slug":"roller-de-correction-pritt-eco-flex-10-m-x-42-mm","status":"publish","type":"product","link":"https:\/\/topprixsarl.ch\/en\/product\/roller-de-correction-pritt-eco-flex-10-m-x-42-mm\/","title":{"rendered":"Roller de correction Pritt Eco Flex &#8211; 10 m x 4,2 mm"},"content":{"rendered":"<p>Correction rapide des erreurs<\/p>\n<p>Les employ\u00e9s de bureau passent des heures \u00e0 \u00e9crire, ce qui est impossible sans fourniture de bureau sp\u00e9ciale. Dans ce cas, le correcteur est inestimable et irrempla\u00e7able pour rem\u00e9dier \u00e0 tout moment aux erreurs ou fautes de frappe. <\/p>\n<p>Mais que faire si des correcteurs tachent vos documents? Pritt propose une alternative aux correcteurs standard &#8211; un rouleau de correction innovant pour une utilisation pratique. <\/p>\n<p>+ Au lieu d&rsquo;un remplissage liquide, le rouleau correcteur est muni d&rsquo;un ruban blanc sec qui recouvre le texte d&rsquo;une couche plate propre, ce qui permet une r\u00e9\u00e9criture instantan\u00e9e. <\/p>\n<p>+ De plus, la fine couche recouvre compl\u00e8tement le texte, m\u00eame s&rsquo;il a \u00e9t\u00e9 \u00e9crit avec un stylo-gel ou un marqueur gras. <\/p>\n<p>+ Quoi de mieux pour cacher les erreurs dans les documents de travail comme les contrats et les formulaires? <\/p>\n<p>+ Gr\u00e2ce \u00e0 l&rsquo;application sp\u00e9ciale, vous pouvez tirer le correcteur pour une phrase enti\u00e8re ou le pousser pour une seule lettre. <\/p>\n<p>+ Ce n\u2019est donc pas difficile m\u00eame si le document n\u00e9cessite des corrections importantes. <\/p>\n<p>+ Son corps est en plastique recycl\u00e9 \u00e0 100 %.<\/p>\n<p>Fini les erreurs dans les documents avec un rouleau correcteur!<\/p>","protected":false},"excerpt":{"rendered":"<p>Correction rapide des erreursLes employ\u00e9s de bureau passent des heures \u00e0 \u00e9crire, ce qui est impossible sans fourniture de bureau sp\u00e9ciale. Dans ce cas, le correcteur est inestimable et irrempla\u00e7able pour rem\u00e9dier \u00e0 tout moment aux erreurs ou fautes d<\/p>","protected":false},"featured_media":30910,"comment_status":"open","ping_status":"closed","template":"","meta":[],"product_brand":[],"product_cat":[137],"product_tag":[],"class_list":{"0":"post-30911","1":"product","2":"type-product","3":"status-publish","4":"has-post-thumbnail","6":"product_cat-article-offic","8":"first","9":"instock","10":"shipping-taxable","11":"purchasable","12":"product-type-simple"},"_links":{"self":[{"href":"https:\/\/topprixsarl.ch\/en\/wp-json\/wp\/v2\/product\/30911","targetHints":{"allow":["GET"]}}],"collection":[{"href":"https:\/\/topprixsarl.ch\/en\/wp-json\/wp\/v2\/product"}],"about":[{"href":"https:\/\/topprixsarl.ch\/en\/wp-json\/wp\/v2\/types\/product"}],"replies":[{"embeddable":true,"href":"https:\/\/topprixsarl.ch\/en\/wp-json\/wp\/v2\/comments?post=30911"}],"version-history":[{"count":2,"href":"https:\/\/topprixsarl.ch\/en\/wp-json\/wp\/v2\/product\/30911\/revisions"}],"predecessor-version":[{"id":32791,"href":"https:\/\/topprixsarl.ch\/en\/wp-json\/wp\/v2\/product\/30911\/revisions\/32791"}],"wp:featuredmedia":[{"embeddable":true,"href":"https:\/\/topprixsarl.ch\/en\/wp-json\/wp\/v2\/media\/30910"}],"wp:attachment":[{"href":"https:\/\/topprixsarl.ch\/en\/wp-json\/wp\/v2\/media?parent=30911"}],"wp:term":[{"taxonomy":"product_brand","embeddable":true,"href":"https:\/\/topprixsarl.ch\/en\/wp-json\/wp\/v2\/product_brand?post=30911"},{"taxonomy":"product_cat","embeddable":true,"href":"https:\/\/topprixsarl.ch\/en\/wp-json\/wp\/v2\/product_cat?post=30911"},{"taxonomy":"product_tag","embeddable":true,"href":"https:\/\/topprixsarl.ch\/en\/wp-json\/wp\/v2\/product_tag?post=30911"}],"curies":[{"name":"wp","href":"https:\/\/api.w.org\/{rel}","templated":true}]}}