{"id":30909,"date":"2026-01-09T14:30:05","date_gmt":"2026-01-09T14:30:05","guid":{"rendered":"https:\/\/topprixsarl.ch\/product\/bureau-compact-paperflow-easydesk-l-114-cm-pieds-arche-blanc\/"},"modified":"2026-01-14T14:20:05","modified_gmt":"2026-01-14T14:20:05","slug":"bureau-compact-paperflow-easydesk-l-114-cm-pieds-arche-blanc","status":"publish","type":"product","link":"https:\/\/topprixsarl.ch\/en\/product\/bureau-compact-paperflow-easydesk-l-114-cm-pieds-arche-blanc\/","title":{"rendered":"Paperflow Easydesk compact desk - L 114 cm - arched legs - white"},"content":{"rendered":"<p>\u00ab\u00a0Table compacte pour les choses les plus importantesAvez-vous besoin d&rsquo;une petite table parce que votre espace est limit\u00e9? Are you always bumping into the corner of your own table? Dans des espaces limit\u00e9s, les tables compactes sont une grande aide et cr\u00e9ent une atmosph\u00e8re plus agr\u00e9able. Utilisez-en une sur votre lieu de travail pour un maximum d&rsquo;avantages!Cette table compacte Paperflow easyDesk est sp\u00e9cialement con\u00e7ue pour de petits espaces. Vous avez besoin d&rsquo;une surface pour poser un ordinateur, des papiers, des dossiers et de l&rsquo;espace pour \u00e9crire. Elle est facile \u00e0 installer sans aide en seulement cinq minutes. Gr\u00e2ce \u00e0 sa structure m\u00e9tallique, la table est tr\u00e8s robuste. Ces pieds r\u00e9glables assure une bonne stabilit\u00e9.Veuillez noter que cet article n&rsquo;est pas remboursable.Personnalisez votre poste de travail!\u00a0\u00bb > Garantie 1 an<\/p>","protected":false},"excerpt":{"rendered":"<p>\u00ab\u00a0Table compacte pour les choses les plus importantesAvez-vous besoin d&rsquo;une petite table parce que votre espace est limit\u00e9? Are you always bumping into the corner of your own table? Dans des espaces limit\u00e9s, les tables compactes sont une grande aide e<\/p>","protected":false},"featured_media":30908,"comment_status":"open","ping_status":"closed","template":"","meta":[],"product_brand":[],"product_cat":[137],"product_tag":[],"class_list":{"0":"post-30909","1":"product","2":"type-product","3":"status-publish","4":"has-post-thumbnail","6":"product_cat-article-offic","8":"first","9":"instock","10":"shipping-taxable","11":"purchasable","12":"product-type-simple"},"_links":{"self":[{"href":"https:\/\/topprixsarl.ch\/en\/wp-json\/wp\/v2\/product\/30909","targetHints":{"allow":["GET"]}}],"collection":[{"href":"https:\/\/topprixsarl.ch\/en\/wp-json\/wp\/v2\/product"}],"about":[{"href":"https:\/\/topprixsarl.ch\/en\/wp-json\/wp\/v2\/types\/product"}],"replies":[{"embeddable":true,"href":"https:\/\/topprixsarl.ch\/en\/wp-json\/wp\/v2\/comments?post=30909"}],"version-history":[{"count":1,"href":"https:\/\/topprixsarl.ch\/en\/wp-json\/wp\/v2\/product\/30909\/revisions"}],"predecessor-version":[{"id":31937,"href":"https:\/\/topprixsarl.ch\/en\/wp-json\/wp\/v2\/product\/30909\/revisions\/31937"}],"wp:featuredmedia":[{"embeddable":true,"href":"https:\/\/topprixsarl.ch\/en\/wp-json\/wp\/v2\/media\/30908"}],"wp:attachment":[{"href":"https:\/\/topprixsarl.ch\/en\/wp-json\/wp\/v2\/media?parent=30909"}],"wp:term":[{"taxonomy":"product_brand","embeddable":true,"href":"https:\/\/topprixsarl.ch\/en\/wp-json\/wp\/v2\/product_brand?post=30909"},{"taxonomy":"product_cat","embeddable":true,"href":"https:\/\/topprixsarl.ch\/en\/wp-json\/wp\/v2\/product_cat?post=30909"},{"taxonomy":"product_tag","embeddable":true,"href":"https:\/\/topprixsarl.ch\/en\/wp-json\/wp\/v2\/product_tag?post=30909"}],"curies":[{"name":"wp","href":"https:\/\/api.w.org\/{rel}","templated":true}]}}