{"id":30907,"date":"2026-01-09T14:29:52","date_gmt":"2026-01-09T14:29:52","guid":{"rendered":"https:\/\/topprixsarl.ch\/product\/notes-post-it-super-sticky-76-x-76-mm-cosmic-6-blocs-x-90-feuilles\/"},"modified":"2026-01-14T14:20:05","modified_gmt":"2026-01-14T14:20:05","slug":"notes-post-it-super-sticky-76-x-76-mm-cosmic-6-blocs-x-90-feuilles","status":"publish","type":"product","link":"https:\/\/topprixsarl.ch\/en\/product\/notes-post-it-super-sticky-76-x-76-mm-cosmic-6-blocs-x-90-feuilles\/","title":{"rendered":"Notes Post-it Super Sticky &#8211; 76 x 76 mm &#8211; Cosmic &#8211; 6 blocs x 90 feuilles"},"content":{"rendered":"<p>Notes pour un travail plus efficace Les rappels sont indispensables. Le meilleur endroit reste sur le bureau: collez les Post-it Sticky sur un \u00e9cran d&rsquo;ordinateur et vous ne manquerez pas une r\u00e9union importante. Le paquet se compose de 6 blocs de 90 notes pour une utilisation pendant des semaines, voire des mois, sans en manquer. Elles prennent tr\u00e8s peu de place sur votre bureau ou dans votre sac, vous pouvez y noter une adresse ou un num\u00e9ro de t\u00e9l\u00e9phone, m\u00eame en route. Les Post-it Super Sticky sont fabriqu\u00e9s avec le 100% de fibres de papier certifi\u00e9 PEFC. Ils sont de qualit\u00e9 \u00e9lev\u00e9e et ont une excellente apparence. Avec leurs couleurs, ils attirent l\u2019attention et ne passent pas inaper\u00e7us. La base adh\u00e9sive des notes ne laisse pas de marques sur les surfaces ou les v\u00eatements, mais elle est suffisamment adh\u00e9sive pour ne pas se d\u00e9tacher. Utilisez de bonnes notes adh\u00e9sives!<\/p>","protected":false},"excerpt":{"rendered":"<p>Notes pour un travail plus efficace Les rappels sont indispensables. Le meilleur endroit reste sur le bureau: collez les Post-it Sticky sur un \u00e9cran d&rsquo;ordinateur et vous ne manquerez pas une r\u00e9union importante. Le paquet se compose de 6 blocs de 90 n<\/p>","protected":false},"featured_media":30906,"comment_status":"open","ping_status":"closed","template":"","meta":[],"product_brand":[],"product_cat":[137],"product_tag":[],"class_list":{"0":"post-30907","1":"product","2":"type-product","3":"status-publish","4":"has-post-thumbnail","6":"product_cat-article-offic","8":"first","9":"instock","10":"shipping-taxable","11":"purchasable","12":"product-type-simple"},"_links":{"self":[{"href":"https:\/\/topprixsarl.ch\/en\/wp-json\/wp\/v2\/product\/30907","targetHints":{"allow":["GET"]}}],"collection":[{"href":"https:\/\/topprixsarl.ch\/en\/wp-json\/wp\/v2\/product"}],"about":[{"href":"https:\/\/topprixsarl.ch\/en\/wp-json\/wp\/v2\/types\/product"}],"replies":[{"embeddable":true,"href":"https:\/\/topprixsarl.ch\/en\/wp-json\/wp\/v2\/comments?post=30907"}],"version-history":[{"count":1,"href":"https:\/\/topprixsarl.ch\/en\/wp-json\/wp\/v2\/product\/30907\/revisions"}],"predecessor-version":[{"id":31936,"href":"https:\/\/topprixsarl.ch\/en\/wp-json\/wp\/v2\/product\/30907\/revisions\/31936"}],"wp:featuredmedia":[{"embeddable":true,"href":"https:\/\/topprixsarl.ch\/en\/wp-json\/wp\/v2\/media\/30906"}],"wp:attachment":[{"href":"https:\/\/topprixsarl.ch\/en\/wp-json\/wp\/v2\/media?parent=30907"}],"wp:term":[{"taxonomy":"product_brand","embeddable":true,"href":"https:\/\/topprixsarl.ch\/en\/wp-json\/wp\/v2\/product_brand?post=30907"},{"taxonomy":"product_cat","embeddable":true,"href":"https:\/\/topprixsarl.ch\/en\/wp-json\/wp\/v2\/product_cat?post=30907"},{"taxonomy":"product_tag","embeddable":true,"href":"https:\/\/topprixsarl.ch\/en\/wp-json\/wp\/v2\/product_tag?post=30907"}],"curies":[{"name":"wp","href":"https:\/\/api.w.org\/{rel}","templated":true}]}}