{"id":30899,"date":"2026-01-09T14:28:58","date_gmt":"2026-01-09T14:28:58","guid":{"rendered":"https:\/\/topprixsarl.ch\/product\/cartouche-dencre-hp-903-t6l99ae-noire\/"},"modified":"2026-01-14T14:20:05","modified_gmt":"2026-01-14T14:20:05","slug":"cartouche-dencre-hp-903-t6l99ae-noire","status":"publish","type":"product","link":"https:\/\/topprixsarl.ch\/en\/product\/cartouche-dencre-hp-903-t6l99ae-noire\/","title":{"rendered":"Ink cartridge HP 903- T6L99AE- black"},"content":{"rendered":"<p>Des r\u00e9sultats pr\u00e9cis et des couleurs riches : cette cartouche d&rsquo;encre HP va vous inspirer !<\/p>\n<p>Si vous voulez une technologie d&rsquo;impression innovante, les cartouches d&rsquo;encre HP sont faites pour vous. Vous obtiendrez des documents pr\u00e9cis avec des bords nets. <\/p>\n<p>+ Couleur : noir<br \/> + Contenance : 8 ml<br \/> + Code fabricant : T6L99AE<br \/> + Nombre d&rsquo;unit\u00e9s emball\u00e9es : 1 <\/p>\n<p>L&rsquo;encre noire de haute qualit\u00e9 garantit des r\u00e9sultats sobres et \u00e9l\u00e9gants, parfaits pour les tirages artistiques et les photographies en noir et blanc. <\/p>\n<p>En choisissant ce produit de marque authentique et neuf, vous optez pour la qualit\u00e9 et la fiabilit\u00e9. <\/p>\n<p>Notre service de r\u00e9approvisionnement automatique est la solution pour mieux g\u00e9rer votre budget et vous assurer une tranquillit\u00e9 d&rsquo;esprit. <\/p>\n<p>En fin de vie, vos cartouches ont encore une utilit\u00e9 : d\u00e9posez-les dans le container (r\u00e9f\u00e9rence : 2.157.879). <\/p>\n<p>Imprimez sans probl\u00e8me ! Imprimez avec de bons r\u00e9sultats ! <\/p>\n<p>> Garantie 2 ans*<\/p>","protected":false},"excerpt":{"rendered":"<p>Des r\u00e9sultats pr\u00e9cis et des couleurs riches : cette cartouche d&rsquo;encre HP va vous inspirer ! Si vous voulez une technologie d&rsquo;impression innovante, les cartouches d&rsquo;encre HP sont faites pour vous. Vous obtiendrez des documents pr\u00e9cis avec des bords ne<\/p>","protected":false},"featured_media":30898,"comment_status":"open","ping_status":"closed","template":"","meta":[],"product_brand":[],"product_cat":[137],"product_tag":[],"class_list":{"0":"post-30899","1":"product","2":"type-product","3":"status-publish","4":"has-post-thumbnail","6":"product_cat-article-offic","8":"first","9":"instock","10":"shipping-taxable","11":"purchasable","12":"product-type-simple"},"_links":{"self":[{"href":"https:\/\/topprixsarl.ch\/en\/wp-json\/wp\/v2\/product\/30899","targetHints":{"allow":["GET"]}}],"collection":[{"href":"https:\/\/topprixsarl.ch\/en\/wp-json\/wp\/v2\/product"}],"about":[{"href":"https:\/\/topprixsarl.ch\/en\/wp-json\/wp\/v2\/types\/product"}],"replies":[{"embeddable":true,"href":"https:\/\/topprixsarl.ch\/en\/wp-json\/wp\/v2\/comments?post=30899"}],"version-history":[{"count":3,"href":"https:\/\/topprixsarl.ch\/en\/wp-json\/wp\/v2\/product\/30899\/revisions"}],"predecessor-version":[{"id":33279,"href":"https:\/\/topprixsarl.ch\/en\/wp-json\/wp\/v2\/product\/30899\/revisions\/33279"}],"wp:featuredmedia":[{"embeddable":true,"href":"https:\/\/topprixsarl.ch\/en\/wp-json\/wp\/v2\/media\/30898"}],"wp:attachment":[{"href":"https:\/\/topprixsarl.ch\/en\/wp-json\/wp\/v2\/media?parent=30899"}],"wp:term":[{"taxonomy":"product_brand","embeddable":true,"href":"https:\/\/topprixsarl.ch\/en\/wp-json\/wp\/v2\/product_brand?post=30899"},{"taxonomy":"product_cat","embeddable":true,"href":"https:\/\/topprixsarl.ch\/en\/wp-json\/wp\/v2\/product_cat?post=30899"},{"taxonomy":"product_tag","embeddable":true,"href":"https:\/\/topprixsarl.ch\/en\/wp-json\/wp\/v2\/product_tag?post=30899"}],"curies":[{"name":"wp","href":"https:\/\/api.w.org\/{rel}","templated":true}]}}