{"id":30897,"date":"2026-01-09T14:28:45","date_gmt":"2026-01-09T14:28:45","guid":{"rendered":"https:\/\/topprixsarl.ch\/product\/cartouche-dencre-hp-903xl-t6m11ae-jaune\/"},"modified":"2026-01-14T14:20:05","modified_gmt":"2026-01-14T14:20:05","slug":"cartouche-dencre-hp-903xl-t6m11ae-jaune","status":"publish","type":"product","link":"https:\/\/topprixsarl.ch\/en\/product\/cartouche-dencre-hp-903xl-t6m11ae-jaune\/","title":{"rendered":"Ink cartridge HP 903XL- T6M11AE- yellow"},"content":{"rendered":"<p>**Cartouche d&rsquo;encre HP : des couleurs vives et \u00e9clatantes**<\/p>\n<p>Les cartouches d&rsquo;encre sont les consommables qu&rsquo;il vous faut si vous recherchez une technologie d&rsquo;impression innovante. Tirez le meilleur parti de votre imprimante avec HP ! Vous obtiendrez des documents pr\u00e9cis avec des bords nets.<\/p>\n<p>La cartouche de couleur jaune est sp\u00e9cialement con\u00e7ue pour une qualit\u00e9 d&rsquo;impression optimale et des couleurs intenses \u00e0 chaque impression. Il s&rsquo;agit d&rsquo;un produit de marque authentique, neuf, qui vous conviendra par sa grande qualit\u00e9.<\/p>\n<p>+ **Code fabricant :** T6M11AE<br \/> + **Nombre d&rsquo;unit\u00e9s emball\u00e9es :** 1<br \/> + **Couleur :** jaune<br \/> + **Contenance :** 9.5 ml <\/p>\n<p>Notre service de r\u00e9approvisionnement automatique est la solution id\u00e9ale pour mieux g\u00e9rer votre budget et vous assurer une tranquillit\u00e9 d&rsquo;esprit. <\/p>\n<p>Vos cartouches usag\u00e9es ne sont pas des d\u00e9chets ! D\u00e9posez-les dans le container (r\u00e9f\u00e9rence : 2.157.879). <\/p>\n<p>N&rsquo;attendez plus, commandez d\u00e8s maintenant ! <\/p>\n<p>> **Garantie 2 ans**<\/p>","protected":false},"excerpt":{"rendered":"<p>Cartouche d&rsquo;encre HP : des couleurs vives et \u00e9clatantes Les cartouches d&rsquo;encre sont les consommables qu&rsquo;il vous faut si vous recherchez une technologie d&rsquo;impression innovante. Tirez le meilleur parti de votre imprimante avec HP ! Vous obtiendrez des <\/p>","protected":false},"featured_media":30896,"comment_status":"open","ping_status":"closed","template":"","meta":[],"product_brand":[],"product_cat":[137],"product_tag":[],"class_list":{"0":"post-30897","1":"product","2":"type-product","3":"status-publish","4":"has-post-thumbnail","6":"product_cat-article-offic","8":"first","9":"instock","10":"shipping-taxable","11":"purchasable","12":"product-type-simple"},"_links":{"self":[{"href":"https:\/\/topprixsarl.ch\/en\/wp-json\/wp\/v2\/product\/30897","targetHints":{"allow":["GET"]}}],"collection":[{"href":"https:\/\/topprixsarl.ch\/en\/wp-json\/wp\/v2\/product"}],"about":[{"href":"https:\/\/topprixsarl.ch\/en\/wp-json\/wp\/v2\/types\/product"}],"replies":[{"embeddable":true,"href":"https:\/\/topprixsarl.ch\/en\/wp-json\/wp\/v2\/comments?post=30897"}],"version-history":[{"count":3,"href":"https:\/\/topprixsarl.ch\/en\/wp-json\/wp\/v2\/product\/30897\/revisions"}],"predecessor-version":[{"id":33280,"href":"https:\/\/topprixsarl.ch\/en\/wp-json\/wp\/v2\/product\/30897\/revisions\/33280"}],"wp:featuredmedia":[{"embeddable":true,"href":"https:\/\/topprixsarl.ch\/en\/wp-json\/wp\/v2\/media\/30896"}],"wp:attachment":[{"href":"https:\/\/topprixsarl.ch\/en\/wp-json\/wp\/v2\/media?parent=30897"}],"wp:term":[{"taxonomy":"product_brand","embeddable":true,"href":"https:\/\/topprixsarl.ch\/en\/wp-json\/wp\/v2\/product_brand?post=30897"},{"taxonomy":"product_cat","embeddable":true,"href":"https:\/\/topprixsarl.ch\/en\/wp-json\/wp\/v2\/product_cat?post=30897"},{"taxonomy":"product_tag","embeddable":true,"href":"https:\/\/topprixsarl.ch\/en\/wp-json\/wp\/v2\/product_tag?post=30897"}],"curies":[{"name":"wp","href":"https:\/\/api.w.org\/{rel}","templated":true}]}}