{"id":30895,"date":"2026-01-09T14:28:29","date_gmt":"2026-01-09T14:28:29","guid":{"rendered":"https:\/\/topprixsarl.ch\/product\/cartouche-dencre-hp-903xl-t6m07ae-magenta\/"},"modified":"2026-01-14T14:20:05","modified_gmt":"2026-01-14T14:20:05","slug":"cartouche-dencre-hp-903xl-t6m07ae-magenta","status":"publish","type":"product","link":"https:\/\/topprixsarl.ch\/en\/product\/cartouche-dencre-hp-903xl-t6m07ae-magenta\/","title":{"rendered":"Ink cartridge HP 903XL- T6M07AE- magenta"},"content":{"rendered":"<p>Lib\u00e9rez la magie des couleurs avec les cartouches d&rsquo;encre HP. <\/p>\n<p>La technologie d&rsquo;impression la plus moderne est \u00e0 votre port\u00e9e. Profitez-en au maximum en optant pour cartouches d&rsquo;encre HP. <\/p>\n<p>+ Documents pr\u00e9cis avec des bords nets.<br \/> + Qualit\u00e9 d&rsquo;impression in\u00e9gal\u00e9e et couleurs intenses gr\u00e2ce \u00e0 cette cartouche de couleur magenta.<br \/> + Produit de marque authentique, neuf, garantissant une grande qualit\u00e9. <\/p>\n<p>**D\u00e9tails du produit :**<br \/>&#8211; Code fabricant : T6M07AE<br \/>&#8211; Nombre d&rsquo;unit\u00e9s emball\u00e9es : 1<br \/>&#8211; Couleur : magenta<br \/>&#8211; Contenance : 9.5 ml <\/p>\n<p>Profitez de notre service de r\u00e9approvisionnement automatique de vos consommables : budget ma\u00eetris\u00e9, tranquillit\u00e9 assur\u00e9e ! <\/p>\n<p>En fin de vie, vos cartouches ont encore une utilit\u00e9 : d\u00e9posez-les dans le container (r\u00e9f\u00e9rence : 2.157.879). <\/p>\n<p>Imprimez sans probl\u00e8me ! Imprimez avec de bons r\u00e9sultats ! <\/p>\n<p>> Garantie 2 ans*<\/p>","protected":false},"excerpt":{"rendered":"<p>Lib\u00e9rez la magie des couleurs avec les cartouches d&rsquo;encre HP La technologie d&rsquo;impression la plus moderne est \u00e0 votre port\u00e9e. Profitez-en au maximum en optant pour cartouches d&rsquo;encre HP. Les documents seront pr\u00e9cis, avec des bords nets. Vous b\u00e9n\u00e9ficie<\/p>","protected":false},"featured_media":30894,"comment_status":"open","ping_status":"closed","template":"","meta":[],"product_brand":[],"product_cat":[137],"product_tag":[],"class_list":{"0":"post-30895","1":"product","2":"type-product","3":"status-publish","4":"has-post-thumbnail","6":"product_cat-article-offic","8":"first","9":"instock","10":"shipping-taxable","11":"purchasable","12":"product-type-simple"},"_links":{"self":[{"href":"https:\/\/topprixsarl.ch\/en\/wp-json\/wp\/v2\/product\/30895","targetHints":{"allow":["GET"]}}],"collection":[{"href":"https:\/\/topprixsarl.ch\/en\/wp-json\/wp\/v2\/product"}],"about":[{"href":"https:\/\/topprixsarl.ch\/en\/wp-json\/wp\/v2\/types\/product"}],"replies":[{"embeddable":true,"href":"https:\/\/topprixsarl.ch\/en\/wp-json\/wp\/v2\/comments?post=30895"}],"version-history":[{"count":3,"href":"https:\/\/topprixsarl.ch\/en\/wp-json\/wp\/v2\/product\/30895\/revisions"}],"predecessor-version":[{"id":33281,"href":"https:\/\/topprixsarl.ch\/en\/wp-json\/wp\/v2\/product\/30895\/revisions\/33281"}],"wp:featuredmedia":[{"embeddable":true,"href":"https:\/\/topprixsarl.ch\/en\/wp-json\/wp\/v2\/media\/30894"}],"wp:attachment":[{"href":"https:\/\/topprixsarl.ch\/en\/wp-json\/wp\/v2\/media?parent=30895"}],"wp:term":[{"taxonomy":"product_brand","embeddable":true,"href":"https:\/\/topprixsarl.ch\/en\/wp-json\/wp\/v2\/product_brand?post=30895"},{"taxonomy":"product_cat","embeddable":true,"href":"https:\/\/topprixsarl.ch\/en\/wp-json\/wp\/v2\/product_cat?post=30895"},{"taxonomy":"product_tag","embeddable":true,"href":"https:\/\/topprixsarl.ch\/en\/wp-json\/wp\/v2\/product_tag?post=30895"}],"curies":[{"name":"wp","href":"https:\/\/api.w.org\/{rel}","templated":true}]}}