{"id":30893,"date":"2026-01-09T14:28:15","date_gmt":"2026-01-09T14:28:15","guid":{"rendered":"https:\/\/topprixsarl.ch\/product\/cartouche-dencre-hp-903xl-t6m03ae-cyan\/"},"modified":"2026-01-14T14:20:05","modified_gmt":"2026-01-14T14:20:05","slug":"cartouche-dencre-hp-903xl-t6m03ae-cyan","status":"publish","type":"product","link":"https:\/\/topprixsarl.ch\/en\/product\/cartouche-dencre-hp-903xl-t6m03ae-cyan\/","title":{"rendered":"Ink cartridge HP 903XL- T6M03AE- cyan"},"content":{"rendered":"<p>Des r\u00e9sultats pr\u00e9cis et des couleurs riches : cette cartouche d&rsquo;encre HP va vous inspirer !<\/p>\n<p>Les cartouches d&rsquo;encre sont un \u00e9l\u00e9ment essentiel dans le monde professionnel. Avec HP, vous b\u00e9n\u00e9ficiez d&rsquo;une qualit\u00e9 et d&rsquo;une pr\u00e9cision optimales pour r\u00e9pondre \u00e0 tous vos besoins quotidiens.<\/p>\n<p>+ Qualit\u00e9 d&rsquo;impression in\u00e9gal\u00e9e<br \/> + Couleurs intenses gr\u00e2ce \u00e0 cette cartouche de couleur cyan<br \/> + Produit de marque authentique et neuf, garantissant qualit\u00e9 et fiabilit\u00e9 <\/p>\n<p>Code fabricant : T6M03AE<br \/> Nombre d&rsquo;unit\u00e9s emball\u00e9es : 1<br \/> Couleur : cyan<br \/> Contenance : 9.5 ml <\/p>\n<p>Gardez votre budget sous contr\u00f4le et profitez d&rsquo;une tranquillit\u00e9 d&rsquo;esprit gr\u00e2ce \u00e0 notre service de r\u00e9approvisionnement automatique de vos consommables !<\/p>\n<p>Le saviez-vous ? reprend vos cartouches usag\u00e9es pour les revaloriser (r\u00e9f\u00e9rence : 2.157.879) ! <\/p>\n<p>Imprimez sans probl\u00e8me ! Imprimez avec de bons r\u00e9sultats !<\/p>\n<p>> Garantie 2 ans<\/p>","protected":false},"excerpt":{"rendered":"<p>Des r\u00e9sultats pr\u00e9cis et des couleurs riches : cette cartouche d&rsquo;encre HP va vous inspirer ! Les cartouches d&rsquo;encre, sont un \u00e9l\u00e9ment essentiel dans le monde professionnel. Avec HP, vous b\u00e9n\u00e9ficiez d&rsquo;une qualit\u00e9 et d&rsquo;une pr\u00e9cision optimales pour r\u00e9pond<\/p>","protected":false},"featured_media":30892,"comment_status":"open","ping_status":"closed","template":"","meta":[],"product_brand":[],"product_cat":[137],"product_tag":[],"class_list":{"0":"post-30893","1":"product","2":"type-product","3":"status-publish","4":"has-post-thumbnail","6":"product_cat-article-offic","8":"first","9":"instock","10":"shipping-taxable","11":"purchasable","12":"product-type-simple"},"_links":{"self":[{"href":"https:\/\/topprixsarl.ch\/en\/wp-json\/wp\/v2\/product\/30893","targetHints":{"allow":["GET"]}}],"collection":[{"href":"https:\/\/topprixsarl.ch\/en\/wp-json\/wp\/v2\/product"}],"about":[{"href":"https:\/\/topprixsarl.ch\/en\/wp-json\/wp\/v2\/types\/product"}],"replies":[{"embeddable":true,"href":"https:\/\/topprixsarl.ch\/en\/wp-json\/wp\/v2\/comments?post=30893"}],"version-history":[{"count":3,"href":"https:\/\/topprixsarl.ch\/en\/wp-json\/wp\/v2\/product\/30893\/revisions"}],"predecessor-version":[{"id":33282,"href":"https:\/\/topprixsarl.ch\/en\/wp-json\/wp\/v2\/product\/30893\/revisions\/33282"}],"wp:featuredmedia":[{"embeddable":true,"href":"https:\/\/topprixsarl.ch\/en\/wp-json\/wp\/v2\/media\/30892"}],"wp:attachment":[{"href":"https:\/\/topprixsarl.ch\/en\/wp-json\/wp\/v2\/media?parent=30893"}],"wp:term":[{"taxonomy":"product_brand","embeddable":true,"href":"https:\/\/topprixsarl.ch\/en\/wp-json\/wp\/v2\/product_brand?post=30893"},{"taxonomy":"product_cat","embeddable":true,"href":"https:\/\/topprixsarl.ch\/en\/wp-json\/wp\/v2\/product_cat?post=30893"},{"taxonomy":"product_tag","embeddable":true,"href":"https:\/\/topprixsarl.ch\/en\/wp-json\/wp\/v2\/product_tag?post=30893"}],"curies":[{"name":"wp","href":"https:\/\/api.w.org\/{rel}","templated":true}]}}