{"id":30891,"date":"2026-01-09T14:27:59","date_gmt":"2026-01-09T14:27:59","guid":{"rendered":"https:\/\/topprixsarl.ch\/product\/cartouche-dencre-hp-903xl-t6m15ae-noire\/"},"modified":"2026-01-14T14:20:06","modified_gmt":"2026-01-14T14:20:06","slug":"cartouche-dencre-hp-903xl-t6m15ae-noire","status":"publish","type":"product","link":"https:\/\/topprixsarl.ch\/en\/product\/cartouche-dencre-hp-903xl-t6m15ae-noire\/","title":{"rendered":"Ink cartridge HP 903XL- T6M15AE- black"},"content":{"rendered":"<p>**Cartouche d&rsquo;encre HP : la solution parfaite pour votre imprimante**<\/p>\n<p>Les cartouches d&rsquo;encre sont un \u00e9l\u00e9ment incontournable de l&rsquo;environnement bureautique d&rsquo;aujourd&rsquo;hui, on ne peut tout simplement pas s&rsquo;en passer. Optez pour HP, et vous profiterez d&rsquo;une qualit\u00e9 et d&rsquo;une pr\u00e9cision optimales pour r\u00e9pondre \u00e0 vos besoins quotidiens.<\/p>\n<p>+ **Couleur :** noir<br \/> + **Contenance :** 21.5 ml<br \/> + **Code fabricant :** T6M15AE<br \/> + **Nombre d&rsquo;unit\u00e9s emball\u00e9es :** 1<br \/> + **Produit :** marque authentique, neuf<br \/> + **Garantie :** 2 ans <\/p>\n<p>Cette cartouche est un indispensable pour la plupart des besoins d&rsquo;impression quotidiens. Elle vous s\u00e9duira par sa grande qualit\u00e9.<\/p>\n<p>Notre service de r\u00e9approvisionnement automatique de vos consommables est la solution parfaite pour ma\u00eetriser votre budget et vous assurer une tranquillit\u00e9 d&rsquo;esprit.<\/p>\n<p>En fin de vie, vos cartouches ont encore une utilit\u00e9 : d\u00e9posez-les dans le container (r\u00e9f\u00e9rence : 2.157.879).<\/p>\n<p>Commandez d\u00e8s aujourd&rsquo;hui !<\/p>","protected":false},"excerpt":{"rendered":"<p>Cartouche d&rsquo;encre HP : la solution parfaite pour votre imprimante Les cartouches d&rsquo;encre sont un \u00e9l\u00e9ment incontournable de l&rsquo;environnement bureautique d&rsquo;aujourd&rsquo;hui, on ne peut tout simplement pas s&rsquo;en passer. Optez pour HP, et vous profiterez d&rsquo;une <\/p>","protected":false},"featured_media":30890,"comment_status":"open","ping_status":"closed","template":"","meta":[],"product_brand":[],"product_cat":[137],"product_tag":[],"class_list":{"0":"post-30891","1":"product","2":"type-product","3":"status-publish","4":"has-post-thumbnail","6":"product_cat-article-offic","8":"first","9":"instock","10":"shipping-taxable","11":"purchasable","12":"product-type-simple"},"_links":{"self":[{"href":"https:\/\/topprixsarl.ch\/en\/wp-json\/wp\/v2\/product\/30891","targetHints":{"allow":["GET"]}}],"collection":[{"href":"https:\/\/topprixsarl.ch\/en\/wp-json\/wp\/v2\/product"}],"about":[{"href":"https:\/\/topprixsarl.ch\/en\/wp-json\/wp\/v2\/types\/product"}],"replies":[{"embeddable":true,"href":"https:\/\/topprixsarl.ch\/en\/wp-json\/wp\/v2\/comments?post=30891"}],"version-history":[{"count":3,"href":"https:\/\/topprixsarl.ch\/en\/wp-json\/wp\/v2\/product\/30891\/revisions"}],"predecessor-version":[{"id":33283,"href":"https:\/\/topprixsarl.ch\/en\/wp-json\/wp\/v2\/product\/30891\/revisions\/33283"}],"wp:featuredmedia":[{"embeddable":true,"href":"https:\/\/topprixsarl.ch\/en\/wp-json\/wp\/v2\/media\/30890"}],"wp:attachment":[{"href":"https:\/\/topprixsarl.ch\/en\/wp-json\/wp\/v2\/media?parent=30891"}],"wp:term":[{"taxonomy":"product_brand","embeddable":true,"href":"https:\/\/topprixsarl.ch\/en\/wp-json\/wp\/v2\/product_brand?post=30891"},{"taxonomy":"product_cat","embeddable":true,"href":"https:\/\/topprixsarl.ch\/en\/wp-json\/wp\/v2\/product_cat?post=30891"},{"taxonomy":"product_tag","embeddable":true,"href":"https:\/\/topprixsarl.ch\/en\/wp-json\/wp\/v2\/product_tag?post=30891"}],"curies":[{"name":"wp","href":"https:\/\/api.w.org\/{rel}","templated":true}]}}