{"id":30881,"date":"2026-01-09T14:26:48","date_gmt":"2026-01-09T14:26:48","guid":{"rendered":"https:\/\/topprixsarl.ch\/product\/cartouche-dencre-brother-lc3219xl-c-cyan\/"},"modified":"2026-01-14T14:20:06","modified_gmt":"2026-01-14T14:20:06","slug":"cartouche-dencre-brother-lc3219xl-c-cyan","status":"publish","type":"product","link":"https:\/\/topprixsarl.ch\/en\/product-2\/cartouche-dencre-brother-lc3219xl-c-cyan\/","title":{"rendered":"Ink cartridge Brother LC3219XL C - cyan"},"content":{"rendered":"<p>R\u00e9pondez \u00e0 vos besoins en impression avec Brother. <\/p>\n<p>Si vous voulez profiter de la technologie d&rsquo;impression la plus moderne, les cartouches d&rsquo;encre Brother sont faites pour vous. Elles vous garantissent des documents pr\u00e9cis aux bords nets. <\/p>\n<p>La cartouche de couleur cyan est la solution id\u00e9ale pour une qualit\u00e9 d&rsquo;impression irr\u00e9prochable et des couleurs vives et \u00e9clatantes. Il s&rsquo;agit d&rsquo;un produit de marque authentique, neuf, qui vous conviendra par sa grande qualit\u00e9. <\/p>\n<p>+ Code fabricant : LC-3219XLC<br \/>\n+ Nombre d&rsquo;unit\u00e9s emball\u00e9es : 1<br \/>\n+ Couleur : cyan<br \/>\n+ Contenance : 12.4 ml  <\/p>\n<p>En vous abonnant \u00e0 notre service de r\u00e9approvisionnement automatique de vos consommables, vous b\u00e9n\u00e9ficierez d&rsquo;un meilleur contr\u00f4le de votre budget et d&rsquo;une plus grande tranquillit\u00e9 d&rsquo;esprit. <\/p>\n<p>Nous r\u00e9cup\u00e9rons et revalorisons les cartouches usag\u00e9es gr\u00e2ce \u00e0 notre container de r\u00e9cup\u00e9ration (r\u00e9f\u00e9rence : 2.157.879). <\/p>\n<p>N&rsquo;attendez plus, commandez d\u00e8s \u00e0 pr\u00e9sent ! <\/p>\n<p>> Garantie 2 ans<\/p>","protected":false},"excerpt":{"rendered":"<p>R\u00e9pondez \u00e0 vos besoins en impression avec Brother Si vous voulez profiter de la technologie d&rsquo;impression la plus moderne, les cartouches d&rsquo;encre Brother sont faites pour vous. Elles vous garantissent des documents pr\u00e9cis aux bords nets. La cartouche <\/p>","protected":false},"featured_media":30880,"comment_status":"open","ping_status":"closed","template":"","meta":[],"product_brand":[],"product_cat":[137],"product_tag":[],"class_list":{"0":"post-30881","1":"product","2":"type-product","3":"status-publish","4":"has-post-thumbnail","6":"product_cat-papier","8":"first","9":"instock","10":"shipping-taxable","11":"purchasable","12":"product-type-simple"},"_links":{"self":[{"href":"https:\/\/topprixsarl.ch\/en\/wp-json\/wp\/v2\/product\/30881","targetHints":{"allow":["GET"]}}],"collection":[{"href":"https:\/\/topprixsarl.ch\/en\/wp-json\/wp\/v2\/product"}],"about":[{"href":"https:\/\/topprixsarl.ch\/en\/wp-json\/wp\/v2\/types\/product"}],"replies":[{"embeddable":true,"href":"https:\/\/topprixsarl.ch\/en\/wp-json\/wp\/v2\/comments?post=30881"}],"version-history":[{"count":2,"href":"https:\/\/topprixsarl.ch\/en\/wp-json\/wp\/v2\/product\/30881\/revisions"}],"predecessor-version":[{"id":32778,"href":"https:\/\/topprixsarl.ch\/en\/wp-json\/wp\/v2\/product\/30881\/revisions\/32778"}],"wp:featuredmedia":[{"embeddable":true,"href":"https:\/\/topprixsarl.ch\/en\/wp-json\/wp\/v2\/media\/30880"}],"wp:attachment":[{"href":"https:\/\/topprixsarl.ch\/en\/wp-json\/wp\/v2\/media?parent=30881"}],"wp:term":[{"taxonomy":"product_brand","embeddable":true,"href":"https:\/\/topprixsarl.ch\/en\/wp-json\/wp\/v2\/product_brand?post=30881"},{"taxonomy":"product_cat","embeddable":true,"href":"https:\/\/topprixsarl.ch\/en\/wp-json\/wp\/v2\/product_cat?post=30881"},{"taxonomy":"product_tag","embeddable":true,"href":"https:\/\/topprixsarl.ch\/en\/wp-json\/wp\/v2\/product_tag?post=30881"}],"curies":[{"name":"wp","href":"https:\/\/api.w.org\/{rel}","templated":true}]}}