{"id":30877,"date":"2026-01-09T14:26:19","date_gmt":"2026-01-09T14:26:19","guid":{"rendered":"https:\/\/topprixsarl.ch\/product\/cartouche-dencre-hp-953xl-l0s070ae-noire\/"},"modified":"2026-01-14T14:20:06","modified_gmt":"2026-01-14T14:20:06","slug":"cartouche-dencre-hp-953xl-l0s070ae-noire","status":"publish","type":"product","link":"https:\/\/topprixsarl.ch\/en\/product-2\/cartouche-dencre-hp-953xl-l0s070ae-noire\/","title":{"rendered":"Ink cartridge HP 953XL- L0S070AE- black"},"content":{"rendered":"<p>La cartouche d&rsquo;encre HP est la meilleure option pour votre bureau. <\/p>\n<p>En optant pour la technologie d&rsquo;impression la plus moderne, vous faites le choix de la qualit\u00e9. Pour profiter pleinement de votre imprimante, utilisez les cartouches d&rsquo;encre HP. Vous serez alors assur\u00e9 d&rsquo;obtenir des documents pr\u00e9cis, aux bords nets et aux d\u00e9grad\u00e9s de couleurs superbes. <\/p>\n<p>+ Encre noire de haute qualit\u00e9 pour des r\u00e9sultats sobres et \u00e9l\u00e9gants, parfaits pour les tirages artistiques et les photographies en noir et blanc. <\/p>\n<p>+ Produit de marque authentique et neuf, garantissant qualit\u00e9 et fiabilit\u00e9. <\/p>\n<p>**Caract\u00e9ristiques :**<\/p>\n<p>&#8211; Code fabricant : L0S70AE<br \/>&#8211; Nombre d&rsquo;unit\u00e9s emball\u00e9es : 1<br \/>&#8211; Couleur : noir<br \/>&#8211; Contenance : 42.5 ml <\/p>\n<p>Pour un budget ma\u00eetris\u00e9 et une tranquillit\u00e9 assur\u00e9e : profitez de notre service de r\u00e9approvisionnement automatique de vos consommables ! <\/p>\n<p>Le saviez-vous ? reprend vos cartouches usag\u00e9es pour les revaloriser (r\u00e9f\u00e9rence : 2.157.879) ! <\/p>\n<p>Ajoutez ce produit \u00e0 votre panier, et commandez d\u00e8s \u00e0 pr\u00e9sent ! <\/p>\n<p>+ Garantie 2 ans<\/p>","protected":false},"excerpt":{"rendered":"<p>La cartouche d&rsquo;encre HP est la meilleure option pour votre bureau En optant pour la technologie d&rsquo;impression la plus moderne, vous faites le choix de la qualit\u00e9. Pour profiter pleinement de votre imprimante, utilisez les cartouches d&rsquo;encre HP. Vous s<\/p>","protected":false},"featured_media":30876,"comment_status":"open","ping_status":"closed","template":"","meta":[],"product_brand":[],"product_cat":[137],"product_tag":[],"class_list":{"0":"post-30877","1":"product","2":"type-product","3":"status-publish","4":"has-post-thumbnail","6":"product_cat-papier","8":"first","9":"instock","10":"shipping-taxable","11":"purchasable","12":"product-type-simple"},"_links":{"self":[{"href":"https:\/\/topprixsarl.ch\/en\/wp-json\/wp\/v2\/product\/30877","targetHints":{"allow":["GET"]}}],"collection":[{"href":"https:\/\/topprixsarl.ch\/en\/wp-json\/wp\/v2\/product"}],"about":[{"href":"https:\/\/topprixsarl.ch\/en\/wp-json\/wp\/v2\/types\/product"}],"replies":[{"embeddable":true,"href":"https:\/\/topprixsarl.ch\/en\/wp-json\/wp\/v2\/comments?post=30877"}],"version-history":[{"count":3,"href":"https:\/\/topprixsarl.ch\/en\/wp-json\/wp\/v2\/product\/30877\/revisions"}],"predecessor-version":[{"id":33286,"href":"https:\/\/topprixsarl.ch\/en\/wp-json\/wp\/v2\/product\/30877\/revisions\/33286"}],"wp:featuredmedia":[{"embeddable":true,"href":"https:\/\/topprixsarl.ch\/en\/wp-json\/wp\/v2\/media\/30876"}],"wp:attachment":[{"href":"https:\/\/topprixsarl.ch\/en\/wp-json\/wp\/v2\/media?parent=30877"}],"wp:term":[{"taxonomy":"product_brand","embeddable":true,"href":"https:\/\/topprixsarl.ch\/en\/wp-json\/wp\/v2\/product_brand?post=30877"},{"taxonomy":"product_cat","embeddable":true,"href":"https:\/\/topprixsarl.ch\/en\/wp-json\/wp\/v2\/product_cat?post=30877"},{"taxonomy":"product_tag","embeddable":true,"href":"https:\/\/topprixsarl.ch\/en\/wp-json\/wp\/v2\/product_tag?post=30877"}],"curies":[{"name":"wp","href":"https:\/\/api.w.org\/{rel}","templated":true}]}}