{"id":30873,"date":"2026-01-09T14:25:51","date_gmt":"2026-01-09T14:25:51","guid":{"rendered":"https:\/\/topprixsarl.ch\/product\/cartouche-dencre-hp-953xl-f6u17ae-magenta\/"},"modified":"2026-01-14T14:20:06","modified_gmt":"2026-01-14T14:20:06","slug":"cartouche-dencre-hp-953xl-f6u17ae-magenta","status":"publish","type":"product","link":"https:\/\/topprixsarl.ch\/en\/product\/cartouche-dencre-hp-953xl-f6u17ae-magenta\/","title":{"rendered":"Ink cartridge HP 953XL- F6U17AE- magenta"},"content":{"rendered":"<p>R\u00e9pondez \u00e0 vos besoins en impression avec HP. <\/p>\n<p>En vous offrant une technologie d&rsquo;impression de pointe, vous faites le choix de la qualit\u00e9. Les cartouches d&rsquo;encre HP sont les consommables id\u00e9aux pour votre imprimante. Elles vous permettent d&rsquo;obtenir des documents pr\u00e9cis aux bords nets. <\/p>\n<p>+ Couleur : magenta<br \/> + Contenance : 18.5 ml<br \/> + Code fabricant : F6U17AE<br \/> + Nombre d&rsquo;unit\u00e9s emball\u00e9es : 1 <\/p>\n<p>Cette cartouche est un choix id\u00e9al pour toutes vos impressions couleur. En choisissant ce produit de marque authentique et neuf, vous optez pour la qualit\u00e9 et la fiabilit\u00e9. <\/p>\n<p>Gardez votre budget sous contr\u00f4le et profitez d&rsquo;une tranquillit\u00e9 d&rsquo;esprit gr\u00e2ce \u00e0 notre service de r\u00e9approvisionnement automatique de vos consommables ! <\/p>\n<p>Pour la reprise de vos cartouches usag\u00e9es, pensez au container (r\u00e9f\u00e9rence : 2.157.879) ! <\/p>\n<p>Ce produit va vous impressionner, commandez d\u00e8s aujourd&rsquo;hui ! <\/p>\n<p>> Garantie 2 ans*<\/p>","protected":false},"excerpt":{"rendered":"<p>R\u00e9pondez \u00e0 vos besoins en impression avec HP En vous offrant une technologie d&rsquo;impression de pointe, vous faites le choix de la qualit\u00e9. Les cartouches d&rsquo;encre HP sont les consommables id\u00e9aux pour votre imprimante. Ils vous permettent d&rsquo;obtenir des d<\/p>","protected":false},"featured_media":30872,"comment_status":"open","ping_status":"closed","template":"","meta":[],"product_brand":[],"product_cat":[137],"product_tag":[],"class_list":{"0":"post-30873","1":"product","2":"type-product","3":"status-publish","4":"has-post-thumbnail","6":"product_cat-article-offic","8":"first","9":"instock","10":"shipping-taxable","11":"purchasable","12":"product-type-simple"},"_links":{"self":[{"href":"https:\/\/topprixsarl.ch\/en\/wp-json\/wp\/v2\/product\/30873","targetHints":{"allow":["GET"]}}],"collection":[{"href":"https:\/\/topprixsarl.ch\/en\/wp-json\/wp\/v2\/product"}],"about":[{"href":"https:\/\/topprixsarl.ch\/en\/wp-json\/wp\/v2\/types\/product"}],"replies":[{"embeddable":true,"href":"https:\/\/topprixsarl.ch\/en\/wp-json\/wp\/v2\/comments?post=30873"}],"version-history":[{"count":3,"href":"https:\/\/topprixsarl.ch\/en\/wp-json\/wp\/v2\/product\/30873\/revisions"}],"predecessor-version":[{"id":33288,"href":"https:\/\/topprixsarl.ch\/en\/wp-json\/wp\/v2\/product\/30873\/revisions\/33288"}],"wp:featuredmedia":[{"embeddable":true,"href":"https:\/\/topprixsarl.ch\/en\/wp-json\/wp\/v2\/media\/30872"}],"wp:attachment":[{"href":"https:\/\/topprixsarl.ch\/en\/wp-json\/wp\/v2\/media?parent=30873"}],"wp:term":[{"taxonomy":"product_brand","embeddable":true,"href":"https:\/\/topprixsarl.ch\/en\/wp-json\/wp\/v2\/product_brand?post=30873"},{"taxonomy":"product_cat","embeddable":true,"href":"https:\/\/topprixsarl.ch\/en\/wp-json\/wp\/v2\/product_cat?post=30873"},{"taxonomy":"product_tag","embeddable":true,"href":"https:\/\/topprixsarl.ch\/en\/wp-json\/wp\/v2\/product_tag?post=30873"}],"curies":[{"name":"wp","href":"https:\/\/api.w.org\/{rel}","templated":true}]}}