{"id":30871,"date":"2026-01-09T14:25:37","date_gmt":"2026-01-09T14:25:37","guid":{"rendered":"https:\/\/topprixsarl.ch\/product\/cartouche-dencre-hp-953xl-f6u16ae-cyan\/"},"modified":"2026-01-14T14:20:07","modified_gmt":"2026-01-14T14:20:07","slug":"cartouche-dencre-hp-953xl-f6u16ae-cyan","status":"publish","type":"product","link":"https:\/\/topprixsarl.ch\/en\/product\/cartouche-dencre-hp-953xl-f6u16ae-cyan\/","title":{"rendered":"Ink cartridge HP 953XL- F6U16AE- cyan"},"content":{"rendered":"<p>Lib\u00e9rez la magie des couleurs avec les cartouches d&rsquo;encre HP. <\/p>\n<p>Les cartouches d&rsquo;encre HP sont les consommables indispensables pour profiter pleinement de votre imprimante. Avec elles, vous imprimez des documents pr\u00e9cis, aux bords nets. <\/p>\n<p>Cette cartouche de couleur cyan assure des r\u00e9sultats de qualit\u00e9 constante et des couleurs vives et \u00e9clatantes \u00e0 chaque impression. <\/p>\n<p>En choisissant ce produit de marque authentique et neuf, vous optez pour la qualit\u00e9 et la fiabilit\u00e9. <\/p>\n<p>+ Code fabricant : F6U16AE<br \/> + Nombre d&rsquo;unit\u00e9s emball\u00e9es : 1<br \/> + Couleur : cyan<br \/> + Contenance : 18 ml <\/p>\n<p>Profitez de notre service de r\u00e9approvisionnement automatique de vos consommables : budget ma\u00eetris\u00e9, tranquillit\u00e9 assur\u00e9e ! <\/p>\n<p>Toutes vos cartouches usag\u00e9es ont leur place dans le container (r\u00e9f\u00e9rence : 2.157.879). <\/p>\n<p>N&rsquo;attendez plus, commandez d\u00e8s maintenant ! <\/p>\n<p>> Garantie 2 ans*<\/p>","protected":false},"excerpt":{"rendered":"<p>Lib\u00e9rez la magie des couleurs avec les cartouches d&rsquo;encre HP Les cartouches d&rsquo;encre HP sont les consommables indispensables pour profiter pleinement de votre imprimante. Avec elles, vous imprimez des documents pr\u00e9cis, aux bords nets. Cette cartouche <\/p>","protected":false},"featured_media":30870,"comment_status":"open","ping_status":"closed","template":"","meta":[],"product_brand":[],"product_cat":[137],"product_tag":[],"class_list":{"0":"post-30871","1":"product","2":"type-product","3":"status-publish","4":"has-post-thumbnail","6":"product_cat-article-offic","8":"first","9":"instock","10":"shipping-taxable","11":"purchasable","12":"product-type-simple"},"_links":{"self":[{"href":"https:\/\/topprixsarl.ch\/en\/wp-json\/wp\/v2\/product\/30871","targetHints":{"allow":["GET"]}}],"collection":[{"href":"https:\/\/topprixsarl.ch\/en\/wp-json\/wp\/v2\/product"}],"about":[{"href":"https:\/\/topprixsarl.ch\/en\/wp-json\/wp\/v2\/types\/product"}],"replies":[{"embeddable":true,"href":"https:\/\/topprixsarl.ch\/en\/wp-json\/wp\/v2\/comments?post=30871"}],"version-history":[{"count":3,"href":"https:\/\/topprixsarl.ch\/en\/wp-json\/wp\/v2\/product\/30871\/revisions"}],"predecessor-version":[{"id":33289,"href":"https:\/\/topprixsarl.ch\/en\/wp-json\/wp\/v2\/product\/30871\/revisions\/33289"}],"wp:featuredmedia":[{"embeddable":true,"href":"https:\/\/topprixsarl.ch\/en\/wp-json\/wp\/v2\/media\/30870"}],"wp:attachment":[{"href":"https:\/\/topprixsarl.ch\/en\/wp-json\/wp\/v2\/media?parent=30871"}],"wp:term":[{"taxonomy":"product_brand","embeddable":true,"href":"https:\/\/topprixsarl.ch\/en\/wp-json\/wp\/v2\/product_brand?post=30871"},{"taxonomy":"product_cat","embeddable":true,"href":"https:\/\/topprixsarl.ch\/en\/wp-json\/wp\/v2\/product_cat?post=30871"},{"taxonomy":"product_tag","embeddable":true,"href":"https:\/\/topprixsarl.ch\/en\/wp-json\/wp\/v2\/product_tag?post=30871"}],"curies":[{"name":"wp","href":"https:\/\/api.w.org\/{rel}","templated":true}]}}