{"id":30863,"date":"2026-01-09T14:24:40","date_gmt":"2026-01-09T14:24:40","guid":{"rendered":"https:\/\/topprixsarl.ch\/product\/cartouche-dencre-hp-973x-f6t82ae-magenta\/"},"modified":"2026-01-14T14:20:07","modified_gmt":"2026-01-14T14:20:07","slug":"cartouche-dencre-hp-973x-f6t82ae-magenta","status":"publish","type":"product","link":"https:\/\/topprixsarl.ch\/en\/product\/cartouche-dencre-hp-973x-f6t82ae-magenta\/","title":{"rendered":"Ink cartridge HP 973X- F6T82AE- magenta"},"content":{"rendered":"<p>Des r\u00e9sultats pr\u00e9cis et des couleurs riches : cette cartouche d&rsquo;encre HP va vous inspirer !<\/p>\n<p>Les cartouches d&rsquo;encre sont les consommables qu&rsquo;il vous faut si vous recherchez une technologie d&rsquo;impression innovante. Tirez le meilleur parti de votre imprimante avec HP ! Vous obtiendrez des documents pr\u00e9cis avec des bords nets.<\/p>\n<p>La cartouche de couleur magenta est la solution id\u00e9ale pour une qualit\u00e9 d&rsquo;impression irr\u00e9prochable et des couleurs vives et \u00e9clatantes. Il s&rsquo;agit d&rsquo;un produit de marque authentique, neuf, qui vous s\u00e9duira par sa grande qualit\u00e9.<\/p>\n<p>+ Code fabricant : F6T82AE<br \/> + Nombre d&rsquo;unit\u00e9s emball\u00e9es : 1<br \/> + Couleur : magenta<br \/> + Contenance : 82 ml <\/p>\n<p>Gardez votre budget sous contr\u00f4le et profitez d&rsquo;une tranquillit\u00e9 d&rsquo;esprit gr\u00e2ce \u00e0 notre service de r\u00e9approvisionnement automatique de vos consommables ! Pensez \u00e0 d\u00e9poser vos cartouches usag\u00e9es dans le container pour qu&rsquo;elles puissent \u00eatre revaloris\u00e9es (r\u00e9f\u00e9rence : 2.157.879).<\/p>\n<p>Ajoutez ce produit \u00e0 votre panier, et commandez d\u00e8s maintenant !<\/p>\n<p>> Garantie 2 ans<\/p>","protected":false},"excerpt":{"rendered":"<p>Des r\u00e9sultats pr\u00e9cis et des couleurs riches : cette cartouche d&rsquo;encre HP va vous inspirer ! Les cartouches d&rsquo;encre sont les consommables qu&rsquo;il vous faut si vous recherchez une technologie d&rsquo;impression innovante. Tirez le meilleur parti de votre impri<\/p>","protected":false},"featured_media":30862,"comment_status":"open","ping_status":"closed","template":"","meta":[],"product_brand":[],"product_cat":[137],"product_tag":[],"class_list":{"0":"post-30863","1":"product","2":"type-product","3":"status-publish","4":"has-post-thumbnail","6":"product_cat-article-offic","8":"first","9":"instock","10":"shipping-taxable","11":"purchasable","12":"product-type-simple"},"_links":{"self":[{"href":"https:\/\/topprixsarl.ch\/en\/wp-json\/wp\/v2\/product\/30863","targetHints":{"allow":["GET"]}}],"collection":[{"href":"https:\/\/topprixsarl.ch\/en\/wp-json\/wp\/v2\/product"}],"about":[{"href":"https:\/\/topprixsarl.ch\/en\/wp-json\/wp\/v2\/types\/product"}],"replies":[{"embeddable":true,"href":"https:\/\/topprixsarl.ch\/en\/wp-json\/wp\/v2\/comments?post=30863"}],"version-history":[{"count":3,"href":"https:\/\/topprixsarl.ch\/en\/wp-json\/wp\/v2\/product\/30863\/revisions"}],"predecessor-version":[{"id":33291,"href":"https:\/\/topprixsarl.ch\/en\/wp-json\/wp\/v2\/product\/30863\/revisions\/33291"}],"wp:featuredmedia":[{"embeddable":true,"href":"https:\/\/topprixsarl.ch\/en\/wp-json\/wp\/v2\/media\/30862"}],"wp:attachment":[{"href":"https:\/\/topprixsarl.ch\/en\/wp-json\/wp\/v2\/media?parent=30863"}],"wp:term":[{"taxonomy":"product_brand","embeddable":true,"href":"https:\/\/topprixsarl.ch\/en\/wp-json\/wp\/v2\/product_brand?post=30863"},{"taxonomy":"product_cat","embeddable":true,"href":"https:\/\/topprixsarl.ch\/en\/wp-json\/wp\/v2\/product_cat?post=30863"},{"taxonomy":"product_tag","embeddable":true,"href":"https:\/\/topprixsarl.ch\/en\/wp-json\/wp\/v2\/product_tag?post=30863"}],"curies":[{"name":"wp","href":"https:\/\/api.w.org\/{rel}","templated":true}]}}