{"id":30851,"date":"2026-01-09T14:23:06","date_gmt":"2026-01-09T14:23:06","guid":{"rendered":"https:\/\/topprixsarl.ch\/product\/module-de-classement-exacompta-iderama-format-paysage-5-tiroirs-assortis\/"},"modified":"2026-01-14T14:20:07","modified_gmt":"2026-01-14T14:20:07","slug":"module-de-classement-exacompta-iderama-format-paysage-5-tiroirs-assortis","status":"publish","type":"product","link":"https:\/\/topprixsarl.ch\/en\/product\/module-de-classement-exacompta-iderama-format-paysage-5-tiroirs-assortis\/","title":{"rendered":"Module de classement Exacompta Id\u00e9rama &#8211; format paysage &#8211; 5 tiroirs &#8211; assortis"},"content":{"rendered":"<p>Un syst\u00e8me de classement adapt\u00e9 \u00e0 vos besoins<\/p>\n<p>+ Garantie 25 ans<\/p>","protected":false},"excerpt":{"rendered":"<p>Un syst\u00e8me de classement adapt\u00e9 \u00e0 vos besoins > Garantie 25 ans<\/p>","protected":false},"featured_media":30850,"comment_status":"open","ping_status":"closed","template":"","meta":[],"product_brand":[],"product_cat":[143],"product_tag":[],"class_list":{"0":"post-30851","1":"product","2":"type-product","3":"status-publish","4":"has-post-thumbnail","6":"product_cat-nettoyage","8":"first","9":"instock","10":"shipping-taxable","11":"purchasable","12":"product-type-simple"},"_links":{"self":[{"href":"https:\/\/topprixsarl.ch\/en\/wp-json\/wp\/v2\/product\/30851","targetHints":{"allow":["GET"]}}],"collection":[{"href":"https:\/\/topprixsarl.ch\/en\/wp-json\/wp\/v2\/product"}],"about":[{"href":"https:\/\/topprixsarl.ch\/en\/wp-json\/wp\/v2\/types\/product"}],"replies":[{"embeddable":true,"href":"https:\/\/topprixsarl.ch\/en\/wp-json\/wp\/v2\/comments?post=30851"}],"version-history":[{"count":2,"href":"https:\/\/topprixsarl.ch\/en\/wp-json\/wp\/v2\/product\/30851\/revisions"}],"predecessor-version":[{"id":32762,"href":"https:\/\/topprixsarl.ch\/en\/wp-json\/wp\/v2\/product\/30851\/revisions\/32762"}],"wp:featuredmedia":[{"embeddable":true,"href":"https:\/\/topprixsarl.ch\/en\/wp-json\/wp\/v2\/media\/30850"}],"wp:attachment":[{"href":"https:\/\/topprixsarl.ch\/en\/wp-json\/wp\/v2\/media?parent=30851"}],"wp:term":[{"taxonomy":"product_brand","embeddable":true,"href":"https:\/\/topprixsarl.ch\/en\/wp-json\/wp\/v2\/product_brand?post=30851"},{"taxonomy":"product_cat","embeddable":true,"href":"https:\/\/topprixsarl.ch\/en\/wp-json\/wp\/v2\/product_cat?post=30851"},{"taxonomy":"product_tag","embeddable":true,"href":"https:\/\/topprixsarl.ch\/en\/wp-json\/wp\/v2\/product_tag?post=30851"}],"curies":[{"name":"wp","href":"https:\/\/api.w.org\/{rel}","templated":true}]}}