{"id":30849,"date":"2026-01-09T14:22:52","date_gmt":"2026-01-09T14:22:52","guid":{"rendered":"https:\/\/topprixsarl.ch\/product\/couverture-a-anneaux-semi-ridige-a4-easy-15-mm-transparent-bleu\/"},"modified":"2026-01-14T14:20:07","modified_gmt":"2026-01-14T14:20:07","slug":"couverture-a-anneaux-semi-ridige-a4-easy-15-mm-transparent-bleu","status":"publish","type":"product","link":"https:\/\/topprixsarl.ch\/en\/product\/couverture-a-anneaux-semi-ridige-a4-easy-15-mm-transparent-bleu\/","title":{"rendered":"Couverture \u00e0 anneaux semi-ridige A4 Easy 15 mm, transparent bleu"},"content":{"rendered":"<p>**Couverture en mat\u00e9riau Kolmaflex transparent**<\/p>\n<p>+ Adapt\u00e9e pour le classement de documents A4<br \/>\n+ \u00d8 des anneaux : 15 mm<br \/>\n+ Dimensions : 310 x 245 mm<br \/>\n+ Conditionnement original : 10 pi\u00e8ces<br \/>\n+ Prix par pi\u00e8ce  <\/p>\n<p>*Note : Les dimensions et sp\u00e9cifications peuvent varier l\u00e9g\u00e8rement selon le fabricant.*<\/p>","protected":false},"excerpt":{"rendered":"<p>Couverture en mat\u00e9riau Kolmaflex transparent adapt\u00e9 pour le cassement de documents A4. \u00f8 des anneaux 15mm. Dimensions: 310&#215;245 mm. Conditionnement original: 10 pi\u00e8ces. Prix par pi\u00e8ce.<\/p>","protected":false},"featured_media":30848,"comment_status":"open","ping_status":"closed","template":"","meta":[],"product_brand":[],"product_cat":[137],"product_tag":[],"class_list":{"0":"post-30849","1":"product","2":"type-product","3":"status-publish","4":"has-post-thumbnail","6":"product_cat-article-offic","8":"first","9":"instock","10":"shipping-taxable","11":"purchasable","12":"product-type-simple"},"_links":{"self":[{"href":"https:\/\/topprixsarl.ch\/en\/wp-json\/wp\/v2\/product\/30849","targetHints":{"allow":["GET"]}}],"collection":[{"href":"https:\/\/topprixsarl.ch\/en\/wp-json\/wp\/v2\/product"}],"about":[{"href":"https:\/\/topprixsarl.ch\/en\/wp-json\/wp\/v2\/types\/product"}],"replies":[{"embeddable":true,"href":"https:\/\/topprixsarl.ch\/en\/wp-json\/wp\/v2\/comments?post=30849"}],"version-history":[{"count":2,"href":"https:\/\/topprixsarl.ch\/en\/wp-json\/wp\/v2\/product\/30849\/revisions"}],"predecessor-version":[{"id":32761,"href":"https:\/\/topprixsarl.ch\/en\/wp-json\/wp\/v2\/product\/30849\/revisions\/32761"}],"wp:featuredmedia":[{"embeddable":true,"href":"https:\/\/topprixsarl.ch\/en\/wp-json\/wp\/v2\/media\/30848"}],"wp:attachment":[{"href":"https:\/\/topprixsarl.ch\/en\/wp-json\/wp\/v2\/media?parent=30849"}],"wp:term":[{"taxonomy":"product_brand","embeddable":true,"href":"https:\/\/topprixsarl.ch\/en\/wp-json\/wp\/v2\/product_brand?post=30849"},{"taxonomy":"product_cat","embeddable":true,"href":"https:\/\/topprixsarl.ch\/en\/wp-json\/wp\/v2\/product_cat?post=30849"},{"taxonomy":"product_tag","embeddable":true,"href":"https:\/\/topprixsarl.ch\/en\/wp-json\/wp\/v2\/product_tag?post=30849"}],"curies":[{"name":"wp","href":"https:\/\/api.w.org\/{rel}","templated":true}]}}