{"id":30847,"date":"2026-01-09T14:22:38","date_gmt":"2026-01-09T14:22:38","guid":{"rendered":"https:\/\/topprixsarl.ch\/product\/savon-liquide-palmolive-sensitive-parfumee-500-ml\/"},"modified":"2026-04-11T01:24:42","modified_gmt":"2026-04-11T01:24:42","slug":"savon-liquide-palmolive-sensitive-parfumee-500-ml","status":"publish","type":"product","link":"https:\/\/topprixsarl.ch\/en\/product\/savon-liquide-palmolive-sensitive-parfumee-500-ml\/","title":{"rendered":"Savon liquide Palmolive Sensitive, parfum\u00e9e, 500 ml"},"content":{"rendered":"<p>Liquide qui prend soin de la vaisselle et des mains<\/p>\n<p>Combien de fois r\u00e9pare-t-on une chose avant d\u2019en casser une autre? En faisant la vaisselle, par ex. Pour laver la vaisselle, nous devons utiliser un nettoyant puissant qui ne dess\u00e8che pas la peau. Nous ne connaissons que trop bien ce sentiment, quand nous faisons la vaisselle depuis un certain temps. Mais Palmolive a tout chang\u00e9.<\/p>\n<p>+ Produit-vaisselle Palmolive ultra-sensible : assure non seulement la propret\u00e9 de votre vaisselle, mais prend \u00e9galement soin de vos mains. <\/p>\n<p>+ Formule sp\u00e9ciale au pH neutre : hydrate la peau et \u00e9limine rougeurs, s\u00e9cheresse ou irritation, m\u00eame chez les personnes ayant la peau sensible.<\/p>\n<p>+ Excellent pouvoir nettoyant : quelques gouttes font dispara\u00eetre les restes de nourriture, de graisse ou d&rsquo;huile, ne laissant qu\u2019une vaisselle propre et brillante.<\/p>\n<p>+ \u00c9conomie : gr\u00e2ce \u00e0 son efficacit\u00e9, un flacon de 500 ml durera longtemps. <\/p>\n<p>Vous pouvez d\u00e9sormais avoir de la vaisselle parfaitement propre et des mains jeunes et douces!<\/p>\n<p>3 bouteilles\/carton<br \/>\n392 cartons\/palette (=1176 bouteilles\/palette)  <\/p>\n<p>Produit dangereux. Respecter les pr\u00e9cautions d\u2019emploi indiqu\u00e9es sur la fiche de donn\u00e9es de s\u00e9curit\u00e9.*<\/p>","protected":false},"excerpt":{"rendered":"<p>Liquide qui prend soin de la vaisselle et des mains Combien de fois r\u00e9pare-t-on une chose avant d\u2019en casser une autre? En faisant la vaisselle, par ex. Pour laver la vaisselle, nous devons utiliser un nettoyant puissant qui ne dess\u00e8che pas la peau. N<\/p>","protected":false},"featured_media":30846,"comment_status":"open","ping_status":"closed","template":"","meta":[],"product_brand":[],"product_cat":[143],"product_tag":[],"class_list":{"0":"post-30847","1":"product","2":"type-product","3":"status-publish","4":"has-post-thumbnail","6":"product_cat-nettoyage","8":"first","9":"instock","10":"shipping-taxable","11":"purchasable","12":"product-type-simple"},"_links":{"self":[{"href":"https:\/\/topprixsarl.ch\/en\/wp-json\/wp\/v2\/product\/30847","targetHints":{"allow":["GET"]}}],"collection":[{"href":"https:\/\/topprixsarl.ch\/en\/wp-json\/wp\/v2\/product"}],"about":[{"href":"https:\/\/topprixsarl.ch\/en\/wp-json\/wp\/v2\/types\/product"}],"replies":[{"embeddable":true,"href":"https:\/\/topprixsarl.ch\/en\/wp-json\/wp\/v2\/comments?post=30847"}],"version-history":[{"count":2,"href":"https:\/\/topprixsarl.ch\/en\/wp-json\/wp\/v2\/product\/30847\/revisions"}],"predecessor-version":[{"id":32760,"href":"https:\/\/topprixsarl.ch\/en\/wp-json\/wp\/v2\/product\/30847\/revisions\/32760"}],"wp:featuredmedia":[{"embeddable":true,"href":"https:\/\/topprixsarl.ch\/en\/wp-json\/wp\/v2\/media\/30846"}],"wp:attachment":[{"href":"https:\/\/topprixsarl.ch\/en\/wp-json\/wp\/v2\/media?parent=30847"}],"wp:term":[{"taxonomy":"product_brand","embeddable":true,"href":"https:\/\/topprixsarl.ch\/en\/wp-json\/wp\/v2\/product_brand?post=30847"},{"taxonomy":"product_cat","embeddable":true,"href":"https:\/\/topprixsarl.ch\/en\/wp-json\/wp\/v2\/product_cat?post=30847"},{"taxonomy":"product_tag","embeddable":true,"href":"https:\/\/topprixsarl.ch\/en\/wp-json\/wp\/v2\/product_tag?post=30847"}],"curies":[{"name":"wp","href":"https:\/\/api.w.org\/{rel}","templated":true}]}}