{"id":30845,"date":"2026-01-09T14:22:23","date_gmt":"2026-01-09T14:22:23","guid":{"rendered":"https:\/\/topprixsarl.ch\/product\/recharge-desodorisant-aerosol-journee-de-la-mer-air-wick-freshmatic-max-250-ml\/"},"modified":"2026-04-11T13:42:23","modified_gmt":"2026-04-11T13:42:23","slug":"recharge-desodorisant-aerosol-journee-de-la-mer-air-wick-freshmatic-max-250-ml","status":"publish","type":"product","link":"https:\/\/topprixsarl.ch\/en\/product\/recharge-desodorisant-aerosol-journee-de-la-mer-air-wick-freshmatic-max-250-ml\/","title":{"rendered":"Recharge d\u00e9sodorisant a\u00e9rosol Journ\u00e9e de la mer Air Wick Freshmatic Max, 250 ml"},"content":{"rendered":"<p>L&rsquo;oc\u00e9an est plus proche qu&rsquo;il ne para\u00eet! Aimeriez-vous respirer l&rsquo;air de l&rsquo;oc\u00e9an tous les jours? <\/p>\n<p>Il vous faut un d\u00e9sodorisant Air Wick Freshmatic au parfum marin. Vous pouvez maintenant oublier les odeurs d\u00e9sagr\u00e9ables, car le parfum les neutralise au lieu de les masquer. <\/p>\n<p>+ Oubliez les odeurs g\u00eanantes : l&rsquo;odeur des ordures, des d\u00e9chets, de l&rsquo;eau sale ou de la cigarette vous g\u00eane? Oubliez-les: maintenant, l&rsquo;air frais de l&rsquo;oc\u00e9an vous ravira \u00e0 chaque respiration.<\/p>\n<p>+ Fra\u00eecheur durable : cette fra\u00eecheur ne dispara\u00eetra pas apr\u00e8s quelques heures, comme avec les d\u00e9sodorisants m\u00e9diocres. Chaque vaporisation dure longtemps, donc une seule recharge suffit pour deux mois, soit 2500 vaporisations.<\/p>\n<p>+ Efficacit\u00e9 prouv\u00e9e : le d\u00e9sodorisant fonctionne en conjonction avec le distributeur automatique Air Wick. M\u00eame avec un seul appareil dans une grande pi\u00e8ce, vous serez surpris du r\u00e9sultat, l&rsquo;ar\u00f4me se r\u00e9pandra dans toute la salle de bains sans laisser de mauvaises odeurs.<\/p>\n<p>Amenez le bord de mer au bureau! <\/p>\n<p>*Produit biocide. Les produits biocides doivent \u00eatre utilis\u00e9s avec pr\u00e9caution. Veuillez lire l\u2019\u00e9tiquette et la notice d\u2019emballage avant toute utilisation. Produit dangereux. Respecter les pr\u00e9cautions d\u2019emploi indiqu\u00e9es sur la fiche de donn\u00e9es de s\u00e9curit\u00e9.*<\/p>","protected":false},"excerpt":{"rendered":"<p>L&rsquo;oc\u00e9an est plus proche qu&rsquo;il ne para\u00eet! Aimeriez-vous respirer l&rsquo;air de l&rsquo;oc\u00e9an tous les jours? Il vous faut un d\u00e9sodorisant Air Wick Freshmatic au parfum marin. Vous pouvez maintenant oublier les odeurs d\u00e9sagr\u00e9ables, car le parfum les neutralise au<\/p>","protected":false},"featured_media":30844,"comment_status":"open","ping_status":"closed","template":"","meta":[],"product_brand":[],"product_cat":[143],"product_tag":[],"class_list":{"0":"post-30845","1":"product","2":"type-product","3":"status-publish","4":"has-post-thumbnail","6":"product_cat-nettoyage","8":"first","9":"instock","10":"shipping-taxable","11":"purchasable","12":"product-type-simple"},"_links":{"self":[{"href":"https:\/\/topprixsarl.ch\/en\/wp-json\/wp\/v2\/product\/30845","targetHints":{"allow":["GET"]}}],"collection":[{"href":"https:\/\/topprixsarl.ch\/en\/wp-json\/wp\/v2\/product"}],"about":[{"href":"https:\/\/topprixsarl.ch\/en\/wp-json\/wp\/v2\/types\/product"}],"replies":[{"embeddable":true,"href":"https:\/\/topprixsarl.ch\/en\/wp-json\/wp\/v2\/comments?post=30845"}],"version-history":[{"count":2,"href":"https:\/\/topprixsarl.ch\/en\/wp-json\/wp\/v2\/product\/30845\/revisions"}],"predecessor-version":[{"id":32759,"href":"https:\/\/topprixsarl.ch\/en\/wp-json\/wp\/v2\/product\/30845\/revisions\/32759"}],"wp:featuredmedia":[{"embeddable":true,"href":"https:\/\/topprixsarl.ch\/en\/wp-json\/wp\/v2\/media\/30844"}],"wp:attachment":[{"href":"https:\/\/topprixsarl.ch\/en\/wp-json\/wp\/v2\/media?parent=30845"}],"wp:term":[{"taxonomy":"product_brand","embeddable":true,"href":"https:\/\/topprixsarl.ch\/en\/wp-json\/wp\/v2\/product_brand?post=30845"},{"taxonomy":"product_cat","embeddable":true,"href":"https:\/\/topprixsarl.ch\/en\/wp-json\/wp\/v2\/product_cat?post=30845"},{"taxonomy":"product_tag","embeddable":true,"href":"https:\/\/topprixsarl.ch\/en\/wp-json\/wp\/v2\/product_tag?post=30845"}],"curies":[{"name":"wp","href":"https:\/\/api.w.org\/{rel}","templated":true}]}}