{"id":30833,"date":"2026-01-09T14:20:56","date_gmt":"2026-01-09T14:20:56","guid":{"rendered":"https:\/\/topprixsarl.ch\/product\/lunettes-de-protection-astrospec-9164-bleu-clair-bleu-pc-gris-23-uv-5-25\/"},"modified":"2026-01-14T14:20:08","modified_gmt":"2026-01-14T14:20:08","slug":"lunettes-de-protection-astrospec-9164-bleu-clair-bleu-pc-gris-23-uv-5-25","status":"publish","type":"product","link":"https:\/\/topprixsarl.ch\/en\/product\/lunettes-de-protection-astrospec-9164-bleu-clair-bleu-pc-gris-23-uv-5-25\/","title":{"rendered":"Lunettes de protection astrospec 9164, bleu clair\/bleu, PC gris 23%, UV 5-2,5"},"content":{"rendered":"<p>Confort ultime et s\u00e9curit\u00e9 maximale<\/p>\n<p>Les processus de travail peuvent n\u00e9cessiter l&rsquo;utilisation de mati\u00e8res dangereuses ou de liquides qui peuvent \u00eatre nocifs pour notre corps. Au travail, nous devons donc nous prot\u00e9ger de tout dommage ext\u00e9rieur. Si vous recherchez une paire de lunettes \u00e0 ces fins, ce mod\u00e8le Uvex est une excellente option.<\/p>\n<p>+ Style innovant et ajustement confortable pour toutes les formes et tailles de visage.<\/p>\n<p>+ Conception offrant un ajustement sans pression, gr\u00e2ce aux branches enveloppantes.<\/p>\n<p>+ Ventilation \u00e0 joint labyrinthe am\u00e9liorant le climat autour des yeux dans un environnement chaud, rendant le travail plus confortable.<\/p>\n<p>Le verre panoramique en polycarbonate est dot\u00e9 de protections lat\u00e9rales int\u00e9gr\u00e9es pour une couverture optimale des yeux. <\/p>\n<p>+ Am\u00e9lioration du degr\u00e9 de s\u00e9curit\u00e9 et pr\u00e9vention des dommages accidentels caus\u00e9s par les gouttes de liquide ou les gaz.<\/p>\n<p>+ Fiabilit\u00e9 et durabilit\u00e9 des lunettes de s\u00e9curit\u00e9.<\/p>\n<p>Fournissez un \u00e9quipement de premi\u00e8re classe en milieux dangereux!*<\/p>","protected":false},"excerpt":{"rendered":"<p>Confort ultime et s\u00e9curit\u00e9 maximale Les processus de travail peuvent n\u00e9cessiter l&rsquo;utilisation de mati\u00e8res dangereuses ou de liquides qui peuvent \u00eatre nocifs pour notre corps. Au travail, nous devons donc nous prot\u00e9ger de tout dommage ext\u00e9rieur. Si vo<\/p>","protected":false},"featured_media":30832,"comment_status":"open","ping_status":"closed","template":"","meta":[],"product_brand":[],"product_cat":[142],"product_tag":[],"class_list":{"0":"post-30833","1":"product","2":"type-product","3":"status-publish","4":"has-post-thumbnail","6":"product_cat-protection","8":"first","9":"instock","10":"shipping-taxable","11":"purchasable","12":"product-type-simple"},"_links":{"self":[{"href":"https:\/\/topprixsarl.ch\/en\/wp-json\/wp\/v2\/product\/30833","targetHints":{"allow":["GET"]}}],"collection":[{"href":"https:\/\/topprixsarl.ch\/en\/wp-json\/wp\/v2\/product"}],"about":[{"href":"https:\/\/topprixsarl.ch\/en\/wp-json\/wp\/v2\/types\/product"}],"replies":[{"embeddable":true,"href":"https:\/\/topprixsarl.ch\/en\/wp-json\/wp\/v2\/comments?post=30833"}],"version-history":[{"count":2,"href":"https:\/\/topprixsarl.ch\/en\/wp-json\/wp\/v2\/product\/30833\/revisions"}],"predecessor-version":[{"id":32753,"href":"https:\/\/topprixsarl.ch\/en\/wp-json\/wp\/v2\/product\/30833\/revisions\/32753"}],"wp:featuredmedia":[{"embeddable":true,"href":"https:\/\/topprixsarl.ch\/en\/wp-json\/wp\/v2\/media\/30832"}],"wp:attachment":[{"href":"https:\/\/topprixsarl.ch\/en\/wp-json\/wp\/v2\/media?parent=30833"}],"wp:term":[{"taxonomy":"product_brand","embeddable":true,"href":"https:\/\/topprixsarl.ch\/en\/wp-json\/wp\/v2\/product_brand?post=30833"},{"taxonomy":"product_cat","embeddable":true,"href":"https:\/\/topprixsarl.ch\/en\/wp-json\/wp\/v2\/product_cat?post=30833"},{"taxonomy":"product_tag","embeddable":true,"href":"https:\/\/topprixsarl.ch\/en\/wp-json\/wp\/v2\/product_tag?post=30833"}],"curies":[{"name":"wp","href":"https:\/\/api.w.org\/{rel}","templated":true}]}}