{"id":30827,"date":"2026-01-09T14:20:02","date_gmt":"2026-01-09T14:20:02","guid":{"rendered":"https:\/\/topprixsarl.ch\/product\/porte-revues-pliable-exacompta-dos-7-cm-noir\/"},"modified":"2026-01-14T14:20:08","modified_gmt":"2026-01-14T14:20:08","slug":"porte-revues-pliable-exacompta-dos-7-cm-noir","status":"publish","type":"product","link":"https:\/\/topprixsarl.ch\/en\/product\/porte-revues-pliable-exacompta-dos-7-cm-noir\/","title":{"rendered":"Porte-revues pliable Exacompta &#8211; dos 7 cm &#8211; noir"},"content":{"rendered":"<p>Une fa\u00e7on pratique de stocker l&rsquo;information.<\/p>\n<p>Les bureaux contiennent beaucoup de papiers. Les entreprises traitent avec un grand nombre de clients et les employ\u00e9s doivent g\u00e9rer une \u00e9norme quantit\u00e9 de documentation. Il est important de conserver ces donn\u00e9es \u00e0 proximit\u00e9 et de les rendre facilement accessibles. <\/p>\n<p>Dans ce cas, le porte-revue Exacompta est d&rsquo;une grande aide. <\/p>\n<p>+ Fabriqu\u00e9 en carton durable, recouvert de plastique. <\/p>\n<p>+ Protection suppl\u00e9mentaire sur les bords du produit pour augmenter sa durabilit\u00e9 et sa dur\u00e9e de vie. <\/p>\n<p>+ Taille adapt\u00e9e pour ranger des feuilles ou des dossiers au format A4 ou plus petit. <\/p>\n<p>+ Design \u00e9l\u00e9gant, parfait sur les \u00e9tag\u00e8res ou les bureaux. <\/p>\n<p>+ Poign\u00e9e sp\u00e9ciale pour retirer facilement le dossier de l&rsquo;\u00e9tag\u00e8re. <\/p>\n<p>+ Porte-\u00e9tiquette sp\u00e9cial pour mentionner des informations importantes sur les documents \u00e0 l&rsquo;attention des autres membres du personnel. <\/p>\n<p>Cela vous permettra, ainsi qu&rsquo;aux autres employ\u00e9s, d&rsquo;identifier rapidement le dossier d\u00e9sir\u00e9. <\/p>\n<p>Le design classique et \u00e9l\u00e9gant aux formes soign\u00e9es est parfait pour tout int\u00e9rieur et ne g\u00e2chera pas l&rsquo;allure du bureau. <\/p>\n<p>Transformez la recherche de documents importants en une op\u00e9ration simple et rapide!<\/p>","protected":false},"excerpt":{"rendered":"<p>Une fa\u00e7on pratique de stocker l&rsquo;informationLes bureaux contiennent beaucoup de papiers. Les entreprises traitent avec un grand nombre de clients et les employ\u00e9s doivent g\u00e9rer une \u00e9norme quantit\u00e9 de documentation. Il est important de conserver ces don<\/p>","protected":false},"featured_media":30826,"comment_status":"open","ping_status":"closed","template":"","meta":[],"product_brand":[],"product_cat":[137],"product_tag":[],"class_list":{"0":"post-30827","1":"product","2":"type-product","3":"status-publish","4":"has-post-thumbnail","6":"product_cat-article-offic","8":"first","9":"instock","10":"shipping-taxable","11":"purchasable","12":"product-type-simple"},"_links":{"self":[{"href":"https:\/\/topprixsarl.ch\/en\/wp-json\/wp\/v2\/product\/30827","targetHints":{"allow":["GET"]}}],"collection":[{"href":"https:\/\/topprixsarl.ch\/en\/wp-json\/wp\/v2\/product"}],"about":[{"href":"https:\/\/topprixsarl.ch\/en\/wp-json\/wp\/v2\/types\/product"}],"replies":[{"embeddable":true,"href":"https:\/\/topprixsarl.ch\/en\/wp-json\/wp\/v2\/comments?post=30827"}],"version-history":[{"count":2,"href":"https:\/\/topprixsarl.ch\/en\/wp-json\/wp\/v2\/product\/30827\/revisions"}],"predecessor-version":[{"id":32749,"href":"https:\/\/topprixsarl.ch\/en\/wp-json\/wp\/v2\/product\/30827\/revisions\/32749"}],"wp:featuredmedia":[{"embeddable":true,"href":"https:\/\/topprixsarl.ch\/en\/wp-json\/wp\/v2\/media\/30826"}],"wp:attachment":[{"href":"https:\/\/topprixsarl.ch\/en\/wp-json\/wp\/v2\/media?parent=30827"}],"wp:term":[{"taxonomy":"product_brand","embeddable":true,"href":"https:\/\/topprixsarl.ch\/en\/wp-json\/wp\/v2\/product_brand?post=30827"},{"taxonomy":"product_cat","embeddable":true,"href":"https:\/\/topprixsarl.ch\/en\/wp-json\/wp\/v2\/product_cat?post=30827"},{"taxonomy":"product_tag","embeddable":true,"href":"https:\/\/topprixsarl.ch\/en\/wp-json\/wp\/v2\/product_tag?post=30827"}],"curies":[{"name":"wp","href":"https:\/\/api.w.org\/{rel}","templated":true}]}}