{"id":30817,"date":"2026-01-09T14:18:50","date_gmt":"2026-01-09T14:18:50","guid":{"rendered":"https:\/\/topprixsarl.ch\/product\/classeur-swiss-standard-a4-7-cm-vert-clair\/"},"modified":"2026-01-14T14:20:09","modified_gmt":"2026-01-14T14:20:09","slug":"classeur-swiss-standard-a4-7-cm-vert-clair","status":"publish","type":"product","link":"https:\/\/topprixsarl.ch\/en\/product\/classeur-swiss-standard-a4-7-cm-vert-clair\/","title":{"rendered":"Classeur Swiss Standard A4, 7 cm, vert clair"},"content":{"rendered":"<p>Gardez vos documents en ordre ! <\/p>\n<p>Plus de fastidieuses feuilles volantes, de papiers froiss\u00e9s et de notes perdues : vous offre la solution id\u00e9ale pour stocker vos documents. <\/p>\n<p>Le classeur Swiss Standard est id\u00e9al pour archiver un grand volume de papiers de bureau. <\/p>\n<p>Ce produit, fait de carton et de plastique, durera longtemps et prot\u00e9gera tous vos documents des taches, de la lumi\u00e8re et des dommages. <\/p>\n<p>De plus, il est muni d&rsquo;une \u00e9tiquette sur le devant, afin de rendre son contenu visible. <\/p>\n<p>Essayez ce classeur \u00e9l\u00e9gant et simple ! <\/p>\n<p>+ Id\u00e9al pour archiver un grand volume de papiers de bureau<\/p>\n<p>+ Fabriqu\u00e9 en carton et plastique pour une durabilit\u00e9 accrue<\/p>\n<p>+ Prot\u00e8ge vos documents des taches, de la lumi\u00e8re et des dommages<\/p>\n<p>+ \u00c9tiquette sur le devant pour une visibilit\u00e9 optimale du contenu<\/p>\n<p>*Notes de bas de page : [ins\u00e9rer les notes ici]<\/p>\n","protected":false},"excerpt":{"rendered":"<p>Gardez vos documents en ordre! Plus de fastidieuses feuilles volantes, de papiers froiss\u00e9s et de notes perdues: vous offre la solution id\u00e9ale pour stocker vos documents. Le classeur Swiss Standard est id\u00e9al pour archiver un grand volume<\/p>","protected":false},"featured_media":30816,"comment_status":"open","ping_status":"closed","template":"","meta":[],"product_brand":[],"product_cat":[137],"product_tag":[],"class_list":{"0":"post-30817","1":"product","2":"type-product","3":"status-publish","4":"has-post-thumbnail","6":"product_cat-article-offic","8":"first","9":"instock","10":"shipping-taxable","11":"purchasable","12":"product-type-simple"},"_links":{"self":[{"href":"https:\/\/topprixsarl.ch\/en\/wp-json\/wp\/v2\/product\/30817","targetHints":{"allow":["GET"]}}],"collection":[{"href":"https:\/\/topprixsarl.ch\/en\/wp-json\/wp\/v2\/product"}],"about":[{"href":"https:\/\/topprixsarl.ch\/en\/wp-json\/wp\/v2\/types\/product"}],"replies":[{"embeddable":true,"href":"https:\/\/topprixsarl.ch\/en\/wp-json\/wp\/v2\/comments?post=30817"}],"version-history":[{"count":3,"href":"https:\/\/topprixsarl.ch\/en\/wp-json\/wp\/v2\/product\/30817\/revisions"}],"predecessor-version":[{"id":33297,"href":"https:\/\/topprixsarl.ch\/en\/wp-json\/wp\/v2\/product\/30817\/revisions\/33297"}],"wp:featuredmedia":[{"embeddable":true,"href":"https:\/\/topprixsarl.ch\/en\/wp-json\/wp\/v2\/media\/30816"}],"wp:attachment":[{"href":"https:\/\/topprixsarl.ch\/en\/wp-json\/wp\/v2\/media?parent=30817"}],"wp:term":[{"taxonomy":"product_brand","embeddable":true,"href":"https:\/\/topprixsarl.ch\/en\/wp-json\/wp\/v2\/product_brand?post=30817"},{"taxonomy":"product_cat","embeddable":true,"href":"https:\/\/topprixsarl.ch\/en\/wp-json\/wp\/v2\/product_cat?post=30817"},{"taxonomy":"product_tag","embeddable":true,"href":"https:\/\/topprixsarl.ch\/en\/wp-json\/wp\/v2\/product_tag?post=30817"}],"curies":[{"name":"wp","href":"https:\/\/api.w.org\/{rel}","templated":true}]}}