{"id":30813,"date":"2026-01-09T14:18:23","date_gmt":"2026-01-09T14:18:23","guid":{"rendered":"https:\/\/topprixsarl.ch\/product\/nettoyant-pour-sols-taski-jontec-300-pur-eco-1-4-litres-parfum-frais\/"},"modified":"2026-01-14T14:20:09","modified_gmt":"2026-01-14T14:20:09","slug":"nettoyant-pour-sols-taski-jontec-300-pur-eco-1-4-litres-parfum-frais","status":"publish","type":"product","link":"https:\/\/topprixsarl.ch\/en\/product\/nettoyant-pour-sols-taski-jontec-300-pur-eco-1-4-litres-parfum-frais\/","title":{"rendered":"Taski Jontec 300 Pur-Eco floor cleaner, 1.4 liters, fresh fragrance"},"content":{"rendered":"<p>Un champion du nettoyage<\/p>\n<p>Eric est concierge dans une salle de sport. On fait r\u00e9guli\u00e8rement appel \u00e0 lui lorsque des \u00e9coles ou des clubs sportifs organisent des \u00e9v\u00e9nements dans la salle. Que ce soit les matchs de basket-ball, les championnats d&rsquo;athl\u00e9tisme ou la retransmission en direct du Superbowl, ils sont \u00e0 chaque fois un succ\u00e8s total. <\/p>\n<p>Pendant ces \u00e9v\u00e9nements, le kiosque local est ouvert et propose des rafra\u00eechissements et des snacks aux spectateurs. Outre la salet\u00e9 caus\u00e9e par les \u00e9v\u00e9nements sportifs, l&rsquo;\u00e9quipe de nettoyage doit \u00e9galement s&rsquo;occuper des restes de nourriture collants sur le sol. Il est d&rsquo;autant plus important que vous ayez \u00e0 vos c\u00f4t\u00e9s un produit avec lequel vous pouvez traiter efficacement ces taches.<\/p>\n<p>Le nettoyant pour sols Taski Jontec 300 Smartdose est un nettoyant pour sols neutre et peu moussant pour tous les rev\u00eatements durs imperm\u00e9ables. <\/p>\n<p>+ Syst\u00e8me SmartDose pour un dosage facile et contr\u00f4l\u00e9. <\/p>\n<p>Apr\u00e8s avoir \u00e9t\u00e9 nettoy\u00e9 avec une machine \u00e0 r\u00e9curer, il s\u00e8che rapidement et garantit des r\u00e9sultats sans traces. <\/p>\n<p>+ Certification avec la Fleur de l&rsquo;UE pour une compatibilit\u00e9 environnementale particuli\u00e8re et un impact relativement faible sur la sant\u00e9.<\/p>\n<p>Gagnez avec ce nettoyeur!<\/p>","protected":false},"excerpt":{"rendered":"<p>Un champion du nettoyageEric est concierge dans une salle de sport. On fait r\u00e9guli\u00e8rement appel \u00e0 lui lorsque des \u00e9coles ou des clubs sportifs organisent des \u00e9v\u00e9nements dans la salle. Que ce soit les matchs de basket-ball, les championnats d&rsquo;athl\u00e9tis<\/p>","protected":false},"featured_media":30812,"comment_status":"open","ping_status":"closed","template":"","meta":[],"product_brand":[],"product_cat":[143],"product_tag":[],"class_list":{"0":"post-30813","1":"product","2":"type-product","3":"status-publish","4":"has-post-thumbnail","6":"product_cat-nettoyage","8":"first","9":"instock","10":"shipping-taxable","11":"purchasable","12":"product-type-simple"},"_links":{"self":[{"href":"https:\/\/topprixsarl.ch\/en\/wp-json\/wp\/v2\/product\/30813","targetHints":{"allow":["GET"]}}],"collection":[{"href":"https:\/\/topprixsarl.ch\/en\/wp-json\/wp\/v2\/product"}],"about":[{"href":"https:\/\/topprixsarl.ch\/en\/wp-json\/wp\/v2\/types\/product"}],"replies":[{"embeddable":true,"href":"https:\/\/topprixsarl.ch\/en\/wp-json\/wp\/v2\/comments?post=30813"}],"version-history":[{"count":2,"href":"https:\/\/topprixsarl.ch\/en\/wp-json\/wp\/v2\/product\/30813\/revisions"}],"predecessor-version":[{"id":32742,"href":"https:\/\/topprixsarl.ch\/en\/wp-json\/wp\/v2\/product\/30813\/revisions\/32742"}],"wp:featuredmedia":[{"embeddable":true,"href":"https:\/\/topprixsarl.ch\/en\/wp-json\/wp\/v2\/media\/30812"}],"wp:attachment":[{"href":"https:\/\/topprixsarl.ch\/en\/wp-json\/wp\/v2\/media?parent=30813"}],"wp:term":[{"taxonomy":"product_brand","embeddable":true,"href":"https:\/\/topprixsarl.ch\/en\/wp-json\/wp\/v2\/product_brand?post=30813"},{"taxonomy":"product_cat","embeddable":true,"href":"https:\/\/topprixsarl.ch\/en\/wp-json\/wp\/v2\/product_cat?post=30813"},{"taxonomy":"product_tag","embeddable":true,"href":"https:\/\/topprixsarl.ch\/en\/wp-json\/wp\/v2\/product_tag?post=30813"}],"curies":[{"name":"wp","href":"https:\/\/api.w.org\/{rel}","templated":true}]}}