{"id":30811,"date":"2026-01-09T14:18:09","date_gmt":"2026-01-09T14:18:09","guid":{"rendered":"https:\/\/topprixsarl.ch\/product\/pile-alcaline-energizer-max-plus-c-lr14-pack-de-2\/"},"modified":"2026-01-14T14:20:09","modified_gmt":"2026-01-14T14:20:09","slug":"pile-alcaline-energizer-max-plus-c-lr14-pack-de-2","status":"publish","type":"product","link":"https:\/\/topprixsarl.ch\/en\/product\/pile-alcaline-energizer-max-plus-c-lr14-pack-de-2\/","title":{"rendered":"Pile alcaline Energizer Max Plus C\/LR14 &#8211; pack de 2"},"content":{"rendered":"<p>Un r\u00e9el incontournable <\/p>\n<p>Les appareils portables renforcent notre mobilit\u00e9 et nous aident dans diverses situations. Ils sont nombreux \u00e0 fonctionner sur piles, ce qui pr\u00e9sente des avantages et des inconv\u00e9nients. D&rsquo;une part, vous pouvez transporter les objets avec vous. D&rsquo;autre part, certaines piles s&rsquo;usent vite et peuvent s&rsquo;\u00e9puiser \u00e0 tout moment, ce qui entra\u00eene d&rsquo;autres difficult\u00e9s. Si vous ne voulez pas que cela se produise, choisissez de bonnes piles.<\/p>\n<p>Si vous recherchez des piles fiables, Energizer Alkaline Advanced est l&rsquo;une des options les plus populaires que vous pouvez trouver. Elles sont fabriqu\u00e9es par une marque mondialement connue, ce qui garantit une excellente qualit\u00e9. <\/p>\n<p>+ Dur\u00e9e de vie prolong\u00e9e : Elles durent tr\u00e8s longtemps, vous permettent donc d&rsquo;\u00e9conomiser de l&rsquo;argent et de produire moins de d\u00e9chets, puisque vous ach\u00e8terez moins de piles. <\/p>\n<p>+ Stockage efficace : En fait, pendant leur stockage, elles conservent leur puissance jusqu&rsquo;\u00e0 12 ans. <\/p>\n<p>+ Polyvalence : Puisqu&rsquo;elles conviennent \u00e0 de nombreux types d&rsquo;appareils, elles peuvent \u00eatre consid\u00e9r\u00e9es comme un produit universel pour diverses situations. <\/p>\n<p>Choisissez un produit fiable pour votre entreprise! <\/p>\n<p>> Garantie 10 ans<\/p>","protected":false},"excerpt":{"rendered":"<p>Un r\u00e9el incontournable Les appareils portables renforcent notre mobilit\u00e9 et nous aident dans diverses situations. Ils sont nombreux \u00e0 fonctionner sur piles, ce qui pr\u00e9sente des avantages et des inconv\u00e9nients. D&rsquo;une part, vous pouvez transporter les o<\/p>","protected":false},"featured_media":30810,"comment_status":"open","ping_status":"closed","template":"","meta":[],"product_brand":[],"product_cat":[142],"product_tag":[],"class_list":{"0":"post-30811","1":"product","2":"type-product","3":"status-publish","4":"has-post-thumbnail","6":"product_cat-protection","8":"first","9":"instock","10":"shipping-taxable","11":"purchasable","12":"product-type-simple"},"_links":{"self":[{"href":"https:\/\/topprixsarl.ch\/en\/wp-json\/wp\/v2\/product\/30811","targetHints":{"allow":["GET"]}}],"collection":[{"href":"https:\/\/topprixsarl.ch\/en\/wp-json\/wp\/v2\/product"}],"about":[{"href":"https:\/\/topprixsarl.ch\/en\/wp-json\/wp\/v2\/types\/product"}],"replies":[{"embeddable":true,"href":"https:\/\/topprixsarl.ch\/en\/wp-json\/wp\/v2\/comments?post=30811"}],"version-history":[{"count":2,"href":"https:\/\/topprixsarl.ch\/en\/wp-json\/wp\/v2\/product\/30811\/revisions"}],"predecessor-version":[{"id":32741,"href":"https:\/\/topprixsarl.ch\/en\/wp-json\/wp\/v2\/product\/30811\/revisions\/32741"}],"wp:featuredmedia":[{"embeddable":true,"href":"https:\/\/topprixsarl.ch\/en\/wp-json\/wp\/v2\/media\/30810"}],"wp:attachment":[{"href":"https:\/\/topprixsarl.ch\/en\/wp-json\/wp\/v2\/media?parent=30811"}],"wp:term":[{"taxonomy":"product_brand","embeddable":true,"href":"https:\/\/topprixsarl.ch\/en\/wp-json\/wp\/v2\/product_brand?post=30811"},{"taxonomy":"product_cat","embeddable":true,"href":"https:\/\/topprixsarl.ch\/en\/wp-json\/wp\/v2\/product_cat?post=30811"},{"taxonomy":"product_tag","embeddable":true,"href":"https:\/\/topprixsarl.ch\/en\/wp-json\/wp\/v2\/product_tag?post=30811"}],"curies":[{"name":"wp","href":"https:\/\/api.w.org\/{rel}","templated":true}]}}