{"id":30809,"date":"2026-01-09T14:17:53","date_gmt":"2026-01-09T14:17:53","guid":{"rendered":"https:\/\/topprixsarl.ch\/product\/pile-alcaline-energizer-max-plus-aaa-lr03-pack-de-20\/"},"modified":"2026-01-14T14:20:09","modified_gmt":"2026-01-14T14:20:09","slug":"pile-alcaline-energizer-max-plus-aaa-lr03-pack-de-20","status":"publish","type":"product","link":"https:\/\/topprixsarl.ch\/en\/product\/pile-alcaline-energizer-max-plus-aaa-lr03-pack-de-20\/","title":{"rendered":"Pile alcaline Energizer Max Plus AAA\/LR03 &#8211; pack de 20"},"content":{"rendered":"<p>Piles efficaces et durables<\/p>\n<p>De nombreux appareils essentiels fonctionnent sur piles. Malheureusement, t\u00f4t ou tard, les piles s&rsquo;\u00e9puisent. Imaginez que votre calculatrice, votre t\u00e9l\u00e9commande ou une lampe cesse de fonctionner pendant une r\u00e9union importante. Cela causerait probablement des probl\u00e8mes, il est donc extr\u00eamement important de munir vos appareils de piles fiables et d&rsquo;en garder en r\u00e9serve.<\/p>\n<p>Les piles Energizer EcoAdvanced sont un produit innovant. Ce sont les toutes premi\u00e8res piles AAA au monde, fabriqu\u00e9es avec 4% de mat\u00e9riaux recycl\u00e9s. Ce produit montre que vous soutenez l&rsquo;environnement et notre plan\u00e8te.<\/p>\n<p>+ Piles fabriqu\u00e9es avec 4% de mat\u00e9riaux recycl\u00e9s<br \/>\n+ \u00c9nergie durant jusqu&rsquo;\u00e0 60% plus longtemps<br \/>\n+ Garantie de 12 ans de stockage  <\/p>\n<p>Autre caract\u00e9ristique importante: elles garantissent une \u00e9nergie durant jusqu&rsquo;\u00e0 60% plus longtemps. Vous n&rsquo;aurez donc pas \u00e0 les changer avant longtemps.<\/p>\n<p>La dur\u00e9e de vie des piles standards explique leur assez faible long\u00e9vit\u00e9. Un long stockage en magasin r\u00e9duit leur puissance, si bien qu&rsquo;elles ne fonctionnent que quelques semaines. Ce n&rsquo;est pas le cas de ces piles Energizer, qui peuvent supporter jusqu&rsquo;\u00e0 12 ans de stockage. Par cons\u00e9quent, vous pouvez \u00eatre s\u00fbr de leur performance, m\u00eame dans les appareils les plus \u00e9nergivores.<\/p>\n<p>Obtenez un rendement durable en toute simplicit\u00e9! <\/p>\n<p>*Garantie 12 ans<\/p>","protected":false},"excerpt":{"rendered":"<p>Piles efficaces et durables De nombreux appareils essentiels fonctionnent sur piles. Malheureusement, t\u00f4t ou tard, les piles s&rsquo;\u00e9puisent. Imaginez que votre calculatrice, votre t\u00e9l\u00e9commande ou une lampe cesse de fonctionner pendant une r\u00e9union importa<\/p>","protected":false},"featured_media":30808,"comment_status":"open","ping_status":"closed","template":"","meta":[],"product_brand":[],"product_cat":[142],"product_tag":[],"class_list":{"0":"post-30809","1":"product","2":"type-product","3":"status-publish","4":"has-post-thumbnail","6":"product_cat-protection","8":"first","9":"instock","10":"shipping-taxable","11":"purchasable","12":"product-type-simple"},"_links":{"self":[{"href":"https:\/\/topprixsarl.ch\/en\/wp-json\/wp\/v2\/product\/30809","targetHints":{"allow":["GET"]}}],"collection":[{"href":"https:\/\/topprixsarl.ch\/en\/wp-json\/wp\/v2\/product"}],"about":[{"href":"https:\/\/topprixsarl.ch\/en\/wp-json\/wp\/v2\/types\/product"}],"replies":[{"embeddable":true,"href":"https:\/\/topprixsarl.ch\/en\/wp-json\/wp\/v2\/comments?post=30809"}],"version-history":[{"count":2,"href":"https:\/\/topprixsarl.ch\/en\/wp-json\/wp\/v2\/product\/30809\/revisions"}],"predecessor-version":[{"id":32740,"href":"https:\/\/topprixsarl.ch\/en\/wp-json\/wp\/v2\/product\/30809\/revisions\/32740"}],"wp:featuredmedia":[{"embeddable":true,"href":"https:\/\/topprixsarl.ch\/en\/wp-json\/wp\/v2\/media\/30808"}],"wp:attachment":[{"href":"https:\/\/topprixsarl.ch\/en\/wp-json\/wp\/v2\/media?parent=30809"}],"wp:term":[{"taxonomy":"product_brand","embeddable":true,"href":"https:\/\/topprixsarl.ch\/en\/wp-json\/wp\/v2\/product_brand?post=30809"},{"taxonomy":"product_cat","embeddable":true,"href":"https:\/\/topprixsarl.ch\/en\/wp-json\/wp\/v2\/product_cat?post=30809"},{"taxonomy":"product_tag","embeddable":true,"href":"https:\/\/topprixsarl.ch\/en\/wp-json\/wp\/v2\/product_tag?post=30809"}],"curies":[{"name":"wp","href":"https:\/\/api.w.org\/{rel}","templated":true}]}}