{"id":30805,"date":"2026-01-09T14:17:26","date_gmt":"2026-01-09T14:17:26","guid":{"rendered":"https:\/\/topprixsarl.ch\/product\/pile-alcaline-energizer-max-plus-aaa-lr03-pack-de-4\/"},"modified":"2026-01-14T14:20:09","modified_gmt":"2026-01-14T14:20:09","slug":"pile-alcaline-energizer-max-plus-aaa-lr03-pack-de-4","status":"publish","type":"product","link":"https:\/\/topprixsarl.ch\/en\/product\/pile-alcaline-energizer-max-plus-aaa-lr03-pack-de-4\/","title":{"rendered":"Pile alcaline Energizer Max Plus AAA\/LR03 &#8211; pack de 4"},"content":{"rendered":"<p>Pour une vie au-del\u00e0 de la prise de courant! <\/p>\n<p>La journ\u00e9e commence g\u00e9n\u00e9ralement par la sonnerie du r\u00e9veil. Plus tard dans la matin\u00e9e, la radio de la cuisine est au petit-d\u00e9jeuner ce que le lait est au muesli. Puis au travail, il est tout aussi normal de s&#8217;emparer de la calculatrice que de regarder l&rsquo;horloge qui fait tic-tac dans le coin cuisine. <\/p>\n<p>Toutes ces aides utiles font d\u00e9sormais partie int\u00e9grante de notre vie, tout comme leurs sources d&rsquo;\u00e9nergie: les piles. <\/p>\n<p>Gr\u00e2ce aux piles high-tech de la marque Energizer, vous pouvez \u00eatre s\u00fbrs de pouvoir travailler longtemps sans souci. <\/p>\n<p>+ Piles alcalines avec haute densit\u00e9 \u00e9nerg\u00e9tique<br \/>\n+ Dur\u00e9e de vie optimale<br \/>\n+ Id\u00e9ales pour t\u00e9l\u00e9commandes, manettes de jeu et appareils sans fil<br \/>\n+ Tension de sortie de 1.5 V<br \/>\n+ Capacit\u00e9 de 1200 mAh<br \/>\n+ Quatre piles par paquet  <\/p>\n<p>Que ce soit au travail ou \u00e0 la maison: pour un r\u00e9sultat parfait, une interaction optimale des composantes les plus diverses est n\u00e9cessaire. Avec la pile high-tech de la marque Energizer, ayez la certitude qu&rsquo;un facteur important ne soit pas laiss\u00e9 de c\u00f4t\u00e9: le fait de disposer d&rsquo;un \u00e9quipement high-tech performant. <\/p>\n<p>> Garantie 12 ans<\/p>","protected":false},"excerpt":{"rendered":"<p>Pour une vie au-del\u00e0 de la prise de courant! La journ\u00e9e commence g\u00e9n\u00e9ralement par la sonnerie du r\u00e9veil. Plus tard dans la matin\u00e9e, la radio de la cuisine est au petit-d\u00e9jeuner ce que le lait est au muesli. Puis au travail, il est tout aussi normal d<\/p>","protected":false},"featured_media":30804,"comment_status":"open","ping_status":"closed","template":"","meta":[],"product_brand":[],"product_cat":[142],"product_tag":[],"class_list":{"0":"post-30805","1":"product","2":"type-product","3":"status-publish","4":"has-post-thumbnail","6":"product_cat-protection","8":"first","9":"instock","10":"shipping-taxable","11":"purchasable","12":"product-type-simple"},"_links":{"self":[{"href":"https:\/\/topprixsarl.ch\/en\/wp-json\/wp\/v2\/product\/30805","targetHints":{"allow":["GET"]}}],"collection":[{"href":"https:\/\/topprixsarl.ch\/en\/wp-json\/wp\/v2\/product"}],"about":[{"href":"https:\/\/topprixsarl.ch\/en\/wp-json\/wp\/v2\/types\/product"}],"replies":[{"embeddable":true,"href":"https:\/\/topprixsarl.ch\/en\/wp-json\/wp\/v2\/comments?post=30805"}],"version-history":[{"count":2,"href":"https:\/\/topprixsarl.ch\/en\/wp-json\/wp\/v2\/product\/30805\/revisions"}],"predecessor-version":[{"id":32738,"href":"https:\/\/topprixsarl.ch\/en\/wp-json\/wp\/v2\/product\/30805\/revisions\/32738"}],"wp:featuredmedia":[{"embeddable":true,"href":"https:\/\/topprixsarl.ch\/en\/wp-json\/wp\/v2\/media\/30804"}],"wp:attachment":[{"href":"https:\/\/topprixsarl.ch\/en\/wp-json\/wp\/v2\/media?parent=30805"}],"wp:term":[{"taxonomy":"product_brand","embeddable":true,"href":"https:\/\/topprixsarl.ch\/en\/wp-json\/wp\/v2\/product_brand?post=30805"},{"taxonomy":"product_cat","embeddable":true,"href":"https:\/\/topprixsarl.ch\/en\/wp-json\/wp\/v2\/product_cat?post=30805"},{"taxonomy":"product_tag","embeddable":true,"href":"https:\/\/topprixsarl.ch\/en\/wp-json\/wp\/v2\/product_tag?post=30805"}],"curies":[{"name":"wp","href":"https:\/\/api.w.org\/{rel}","templated":true}]}}