{"id":30797,"date":"2026-01-09T14:16:30","date_gmt":"2026-01-09T14:16:30","guid":{"rendered":"https:\/\/topprixsarl.ch\/product\/recharge-desodorisant-aerosol-coton-lilas-air-wick-freshmatic-max-250-ml\/"},"modified":"2026-04-11T13:42:33","modified_gmt":"2026-04-11T13:42:33","slug":"recharge-desodorisant-aerosol-coton-lilas-air-wick-freshmatic-max-250-ml","status":"publish","type":"product","link":"https:\/\/topprixsarl.ch\/en\/product\/recharge-desodorisant-aerosol-coton-lilas-air-wick-freshmatic-max-250-ml\/","title":{"rendered":"Recharge d\u00e9sodorisant a\u00e9rosol Coton &#038; Lilas Air Wick Freshmatic Max, 250 ml"},"content":{"rendered":"<p>Vous r\u00eavez de toilettes parfum\u00e9es ? <\/p>\n<p>**Diffuseur de parfum Air Wick Freshmatic :** la r\u00e9ponse aux toilettes malodorantes. <\/p>\n<p>+ Par une seule vaporisation, il emplit l&rsquo;air d&rsquo;un agr\u00e9able parfum de coton et de lilas blanc. <\/p>\n<p>+ Ce diffuseur ne couvre pas seulement les particules ambiantes malodorantes dans l&rsquo;air, mais les \u00e9limine pour un air plus respirable. <\/p>\n<p>+ Une recharge peut durer jusqu&rsquo;\u00e0 deux mois pour 2 500 applications. <\/p>\n<p>+ Ce produit est s\u00fbr et ne contient aucun ingr\u00e9dient nocif. <\/p>\n<p>Rendez l&rsquo;air encore plus respirable ! <\/p>\n<p>**Produit biocide**<br \/>\nLes produits biocides doivent \u00eatre utilis\u00e9s avec pr\u00e9caution. Veuillez lire l\u2019\u00e9tiquette et la notice d\u2019emballage avant toute utilisation. <\/p>\n<p>**Produit dangereux.**<br \/>\nRespecter les pr\u00e9cautions d\u2019emploi indiqu\u00e9es sur la fiche de donn\u00e9es de s\u00e9curit\u00e9.<\/p>","protected":false},"excerpt":{"rendered":"<p>Vous r\u00eavez de toilettes parfum\u00e9es? Diffuseur de parfum Air Wick Freshmatic: la r\u00e9ponse aux toilettes malodorantes. Par une seule vaporisation, il emplit l&rsquo;air d&rsquo;un agr\u00e9able parfum de coton et de lilas blanc.Ce diffuseur ne couvre pas seulement les pa<\/p>","protected":false},"featured_media":30796,"comment_status":"open","ping_status":"closed","template":"","meta":[],"product_brand":[],"product_cat":[143],"product_tag":[],"class_list":{"0":"post-30797","1":"product","2":"type-product","3":"status-publish","4":"has-post-thumbnail","6":"product_cat-nettoyage","8":"first","9":"instock","10":"shipping-taxable","11":"purchasable","12":"product-type-simple"},"_links":{"self":[{"href":"https:\/\/topprixsarl.ch\/en\/wp-json\/wp\/v2\/product\/30797","targetHints":{"allow":["GET"]}}],"collection":[{"href":"https:\/\/topprixsarl.ch\/en\/wp-json\/wp\/v2\/product"}],"about":[{"href":"https:\/\/topprixsarl.ch\/en\/wp-json\/wp\/v2\/types\/product"}],"replies":[{"embeddable":true,"href":"https:\/\/topprixsarl.ch\/en\/wp-json\/wp\/v2\/comments?post=30797"}],"version-history":[{"count":2,"href":"https:\/\/topprixsarl.ch\/en\/wp-json\/wp\/v2\/product\/30797\/revisions"}],"predecessor-version":[{"id":32734,"href":"https:\/\/topprixsarl.ch\/en\/wp-json\/wp\/v2\/product\/30797\/revisions\/32734"}],"wp:featuredmedia":[{"embeddable":true,"href":"https:\/\/topprixsarl.ch\/en\/wp-json\/wp\/v2\/media\/30796"}],"wp:attachment":[{"href":"https:\/\/topprixsarl.ch\/en\/wp-json\/wp\/v2\/media?parent=30797"}],"wp:term":[{"taxonomy":"product_brand","embeddable":true,"href":"https:\/\/topprixsarl.ch\/en\/wp-json\/wp\/v2\/product_brand?post=30797"},{"taxonomy":"product_cat","embeddable":true,"href":"https:\/\/topprixsarl.ch\/en\/wp-json\/wp\/v2\/product_cat?post=30797"},{"taxonomy":"product_tag","embeddable":true,"href":"https:\/\/topprixsarl.ch\/en\/wp-json\/wp\/v2\/product_tag?post=30797"}],"curies":[{"name":"wp","href":"https:\/\/api.w.org\/{rel}","templated":true}]}}