{"id":30789,"date":"2026-01-09T14:15:23","date_gmt":"2026-01-09T14:15:23","guid":{"rendered":"https:\/\/topprixsarl.ch\/product\/enveloppes-elco-security-33886-c5-sans-fenetre-100-g-m2-blanc\/"},"modified":"2026-01-14T14:20:10","modified_gmt":"2026-01-14T14:20:10","slug":"enveloppes-elco-security-33886-c5-sans-fenetre-100-g-m2-blanc","status":"publish","type":"product","link":"https:\/\/topprixsarl.ch\/en\/product\/enveloppes-elco-security-33886-c5-sans-fenetre-100-g-m2-blanc\/","title":{"rendered":"Enveloppes Elco Security, 33886, C5, sans fen\u00eatre, 100 g\/m2, blanc"},"content":{"rendered":"<p>Protection des donn\u00e9es et qualit\u00e9 sup\u00e9rieure<\/p>\n<p>De grandes opportunit\u00e9s se pr\u00e9sentent \u00e0 votre soci\u00e9t\u00e9. L\u2019offre est pratiquement en poche, vous n\u2019avez plus qu\u2019\u00e0 r\u00e9gler les d\u00e9tails avec le client. Mais, vous ne devez pas n\u00e9gliger la concurrence qui peut prendre connaissance de votre offre et r\u00e9agir en premier. Il faut donc assurer la s\u00e9curit\u00e9 et la confidentialit\u00e9 de la correspondance.<\/p>\n<p>L\u2019enveloppe Elco Security C5 est alors tr\u00e8s utile. <\/p>\n<p>+ Elle se caract\u00e9rise par son impression interne sp\u00e9ciale qui prot\u00e8ge le contenu de l&rsquo;enveloppe, les secrets et informations confidentielles. <\/p>\n<p>+ Son design \u00e9l\u00e9gant de couleur blanche soulignera l&rsquo;importance de ces n\u00e9gociations.<\/p>\n<p>+ Le fabricant suisse offre \u00e9galement une facilit\u00e9 d&rsquo;utilisation &#8211; l&rsquo;enveloppe se ferme en quelques secondes, gr\u00e2ce \u00e0 un syst\u00e8me auto-adh\u00e9sif sp\u00e9cial. <\/p>\n<p>+ Toutes ces qualit\u00e9s ne nuisent pas \u00e0 la nature car le produit a re\u00e7u un certificat FSC attestant qu\u2019il est consid\u00e9r\u00e9 comme \u00e9cologique. <\/p>\n<p>+ De plus, il peut \u00eatre enti\u00e8rement recycl\u00e9 apr\u00e8s utilisation, ce qui profite aussi \u00e0 l&rsquo;environnement.<\/p>\n<p>Veillez sur la s\u00e9curit\u00e9 de vos donn\u00e9es confidentielles!*<\/p>","protected":false},"excerpt":{"rendered":"<p>Protection des donn\u00e9es et qualit\u00e9 sup\u00e9rieure De grandes opportunit\u00e9s se pr\u00e9sentent \u00e0 votre soci\u00e9t\u00e9. L\u2019offre est pratiquement en poche, vous n\u2019avez plus qu\u2019\u00e0 r\u00e9gler les d\u00e9tails avec le client. Mais, vous ne devez pas n\u00e9gliger la concurrence qui peut p<\/p>","protected":false},"featured_media":30788,"comment_status":"open","ping_status":"closed","template":"","meta":[],"product_brand":[],"product_cat":[137],"product_tag":[],"class_list":{"0":"post-30789","1":"product","2":"type-product","3":"status-publish","4":"has-post-thumbnail","6":"product_cat-article-offic","8":"first","9":"instock","10":"shipping-taxable","11":"purchasable","12":"product-type-simple"},"_links":{"self":[{"href":"https:\/\/topprixsarl.ch\/en\/wp-json\/wp\/v2\/product\/30789","targetHints":{"allow":["GET"]}}],"collection":[{"href":"https:\/\/topprixsarl.ch\/en\/wp-json\/wp\/v2\/product"}],"about":[{"href":"https:\/\/topprixsarl.ch\/en\/wp-json\/wp\/v2\/types\/product"}],"replies":[{"embeddable":true,"href":"https:\/\/topprixsarl.ch\/en\/wp-json\/wp\/v2\/comments?post=30789"}],"version-history":[{"count":2,"href":"https:\/\/topprixsarl.ch\/en\/wp-json\/wp\/v2\/product\/30789\/revisions"}],"predecessor-version":[{"id":32729,"href":"https:\/\/topprixsarl.ch\/en\/wp-json\/wp\/v2\/product\/30789\/revisions\/32729"}],"wp:featuredmedia":[{"embeddable":true,"href":"https:\/\/topprixsarl.ch\/en\/wp-json\/wp\/v2\/media\/30788"}],"wp:attachment":[{"href":"https:\/\/topprixsarl.ch\/en\/wp-json\/wp\/v2\/media?parent=30789"}],"wp:term":[{"taxonomy":"product_brand","embeddable":true,"href":"https:\/\/topprixsarl.ch\/en\/wp-json\/wp\/v2\/product_brand?post=30789"},{"taxonomy":"product_cat","embeddable":true,"href":"https:\/\/topprixsarl.ch\/en\/wp-json\/wp\/v2\/product_cat?post=30789"},{"taxonomy":"product_tag","embeddable":true,"href":"https:\/\/topprixsarl.ch\/en\/wp-json\/wp\/v2\/product_tag?post=30789"}],"curies":[{"name":"wp","href":"https:\/\/api.w.org\/{rel}","templated":true}]}}