{"id":30781,"date":"2026-01-09T14:14:24","date_gmt":"2026-01-09T14:14:24","guid":{"rendered":"https:\/\/topprixsarl.ch\/product\/desinfection-des-mains-hartmann-sterillium-gel-100-ml\/"},"modified":"2026-01-14T14:20:10","modified_gmt":"2026-01-14T14:20:10","slug":"desinfection-des-mains-hartmann-sterillium-gel-100-ml","status":"publish","type":"product","link":"https:\/\/topprixsarl.ch\/en\/product-2\/desinfection-des-mains-hartmann-sterillium-gel-100-ml\/","title":{"rendered":"Hand disinfection Hartmann Sterillium Gel, 100 ml"},"content":{"rendered":"<p>**D\u00e9sinfectant pour les mains \u00e0 base d&rsquo;\u00e9thanol**<\/p>\n<p>+ Action par friction<br \/>\n+ Bonne tol\u00e9rance cutan\u00e9e<br \/>\n+ Augmentation de l&rsquo;hydratation de la peau<br \/>\n+ Larges possibilit\u00e9s d&rsquo;utilisation<br \/>\n+ Test\u00e9 selon la norme EN 1500  <\/p>\n<p>**Contenu :** 100 ml<br \/>\n**Prix :** par flacon  <\/p>\n<p>Utilisez les biocides avec pr\u00e9caution. Avant toute utilisation, lisez l&rsquo;\u00e9tiquette et les informations concernant le produit.  <\/p>\n<p>**Produit biocide**<br \/>\nLes produits biocides doivent \u00eatre utilis\u00e9s avec pr\u00e9caution. Veuillez lire l\u2019\u00e9tiquette et la notice d\u2019emballage avant toute utilisation.  <\/p>\n<p>**Produit dangereux.**<br \/>\nRespecter les pr\u00e9cautions d\u2019emploi indiqu\u00e9es sur la fiche de donn\u00e9es de s\u00e9curit\u00e9.<\/p>","protected":false},"excerpt":{"rendered":"<p>D\u00e9sinfectant pour les mains \u00e0 base d&rsquo;\u00e9thanol. Action par friction. Bonne tol\u00e9rance cutan\u00e9e, et augmentation de l&rsquo;hydratation de la peau. Larges possibilit\u00e9s d&rsquo;utilisation. Test\u00e9 selon la norme EN 1500. Contenu: 100 ml. Prix par flacon. Utilisez les b<\/p>","protected":false},"featured_media":30780,"comment_status":"open","ping_status":"closed","template":"","meta":[],"product_brand":[],"product_cat":[141],"product_tag":[],"class_list":{"0":"post-30781","1":"product","2":"type-product","3":"status-publish","4":"has-post-thumbnail","6":"product_cat-covid-19","8":"first","9":"instock","10":"shipping-taxable","11":"purchasable","12":"product-type-simple"},"_links":{"self":[{"href":"https:\/\/topprixsarl.ch\/en\/wp-json\/wp\/v2\/product\/30781","targetHints":{"allow":["GET"]}}],"collection":[{"href":"https:\/\/topprixsarl.ch\/en\/wp-json\/wp\/v2\/product"}],"about":[{"href":"https:\/\/topprixsarl.ch\/en\/wp-json\/wp\/v2\/types\/product"}],"replies":[{"embeddable":true,"href":"https:\/\/topprixsarl.ch\/en\/wp-json\/wp\/v2\/comments?post=30781"}],"version-history":[{"count":2,"href":"https:\/\/topprixsarl.ch\/en\/wp-json\/wp\/v2\/product\/30781\/revisions"}],"predecessor-version":[{"id":32725,"href":"https:\/\/topprixsarl.ch\/en\/wp-json\/wp\/v2\/product\/30781\/revisions\/32725"}],"wp:featuredmedia":[{"embeddable":true,"href":"https:\/\/topprixsarl.ch\/en\/wp-json\/wp\/v2\/media\/30780"}],"wp:attachment":[{"href":"https:\/\/topprixsarl.ch\/en\/wp-json\/wp\/v2\/media?parent=30781"}],"wp:term":[{"taxonomy":"product_brand","embeddable":true,"href":"https:\/\/topprixsarl.ch\/en\/wp-json\/wp\/v2\/product_brand?post=30781"},{"taxonomy":"product_cat","embeddable":true,"href":"https:\/\/topprixsarl.ch\/en\/wp-json\/wp\/v2\/product_cat?post=30781"},{"taxonomy":"product_tag","embeddable":true,"href":"https:\/\/topprixsarl.ch\/en\/wp-json\/wp\/v2\/product_tag?post=30781"}],"curies":[{"name":"wp","href":"https:\/\/api.w.org\/{rel}","templated":true}]}}