{"id":30777,"date":"2026-01-09T14:13:53","date_gmt":"2026-01-09T14:13:53","guid":{"rendered":"https:\/\/topprixsarl.ch\/product\/boite-de-classement-exacompta-iderama-carte-dos-4-cm-assortis-par-8\/"},"modified":"2026-01-14T14:20:10","modified_gmt":"2026-01-14T14:20:10","slug":"boite-de-classement-exacompta-iderama-carte-dos-4-cm-assortis-par-8","status":"publish","type":"product","link":"https:\/\/topprixsarl.ch\/en\/product-2\/boite-de-classement-exacompta-iderama-carte-dos-4-cm-assortis-par-8\/","title":{"rendered":"Exacompta Iderama filing box - card - back 4 cm - assorted - set of 8"},"content":{"rendered":"<p>En carton avec fermeture par \u00e9lastique et \u00e9tiquette d&rsquo;indexage. <\/p>\n<p>+ Capacit\u00e9 : 350 feuilles<br \/>\n+ Dos : 40 mm<br \/>\n+ Dimensions : 33 x 24 cm  <\/p>\n<p>+ Couleurs assorties :<br \/>\n  &#8211; Noir<br \/>\n  &#8211; Bleu fonc\u00e9<br \/>\n  &#8211; Vert fonc\u00e9<br \/>\n  &#8211; Bleu clair<br \/>\n  &#8211; Jaune<br \/>\n  &#8211; Rose<br \/>\n  &#8211; Violet<br \/>\n  &#8211; Rouge  <\/p>\n<p>+ Emballage de 8 pi\u00e8ces<br \/>\n+ Prix par emballage  <\/p>\n<p>*Notes de bas de page*<\/p>","protected":false},"excerpt":{"rendered":"<p>En carton avec fermeture par \u00e9lastique et \u00e9tiquette d&rsquo;indexage. Capacit\u00e9: 350 feuilles. Dos: 40 mm. Dimensions: 33&#215;24 cm. Couleurs assorties: noir, bleu fonc\u00e9, vert fonc\u00e9, bleu clair, jaune, rose, violet, rouge. Emballage de 8 pi\u00e8ces. Prix par emball<\/p>","protected":false},"featured_media":30776,"comment_status":"open","ping_status":"closed","template":"","meta":[],"product_brand":[],"product_cat":[137],"product_tag":[],"class_list":{"0":"post-30777","1":"product","2":"type-product","3":"status-publish","4":"has-post-thumbnail","6":"product_cat-papier","8":"first","9":"instock","10":"shipping-taxable","11":"purchasable","12":"product-type-simple"},"_links":{"self":[{"href":"https:\/\/topprixsarl.ch\/en\/wp-json\/wp\/v2\/product\/30777","targetHints":{"allow":["GET"]}}],"collection":[{"href":"https:\/\/topprixsarl.ch\/en\/wp-json\/wp\/v2\/product"}],"about":[{"href":"https:\/\/topprixsarl.ch\/en\/wp-json\/wp\/v2\/types\/product"}],"replies":[{"embeddable":true,"href":"https:\/\/topprixsarl.ch\/en\/wp-json\/wp\/v2\/comments?post=30777"}],"version-history":[{"count":2,"href":"https:\/\/topprixsarl.ch\/en\/wp-json\/wp\/v2\/product\/30777\/revisions"}],"predecessor-version":[{"id":32723,"href":"https:\/\/topprixsarl.ch\/en\/wp-json\/wp\/v2\/product\/30777\/revisions\/32723"}],"wp:featuredmedia":[{"embeddable":true,"href":"https:\/\/topprixsarl.ch\/en\/wp-json\/wp\/v2\/media\/30776"}],"wp:attachment":[{"href":"https:\/\/topprixsarl.ch\/en\/wp-json\/wp\/v2\/media?parent=30777"}],"wp:term":[{"taxonomy":"product_brand","embeddable":true,"href":"https:\/\/topprixsarl.ch\/en\/wp-json\/wp\/v2\/product_brand?post=30777"},{"taxonomy":"product_cat","embeddable":true,"href":"https:\/\/topprixsarl.ch\/en\/wp-json\/wp\/v2\/product_cat?post=30777"},{"taxonomy":"product_tag","embeddable":true,"href":"https:\/\/topprixsarl.ch\/en\/wp-json\/wp\/v2\/product_tag?post=30777"}],"curies":[{"name":"wp","href":"https:\/\/api.w.org\/{rel}","templated":true}]}}