{"id":30765,"date":"2026-01-09T14:12:27","date_gmt":"2026-01-09T14:12:27","guid":{"rendered":"https:\/\/topprixsarl.ch\/product\/corbeille-a-courrier-biella-combo-gloss-a4-noir\/"},"modified":"2026-01-14T14:20:11","modified_gmt":"2026-01-14T14:20:11","slug":"corbeille-a-courrier-biella-combo-gloss-a4-noir","status":"publish","type":"product","link":"https:\/\/topprixsarl.ch\/en\/product\/corbeille-a-courrier-biella-combo-gloss-a4-noir\/","title":{"rendered":"Corbeille \u00e0 courrier Biella Combo Gloss, A4, noir"},"content":{"rendered":"<p>Un lieu de travail efficace et sans d\u00e9sordre<\/p>\n<p>Passez-vous des heures \u00e0 trier le papier sur votre bureau? C&rsquo;est un probl\u00e8me courant qui nuit \u00e0 votre productivit\u00e9 et \u00e0 vos performances. La solution? Une corbeille \u00e0 courrier.<\/p>\n<p>Cette corbeille \u00e0 courrier Biella se distingue par sa qualit\u00e9 et son espace. <\/p>\n<p>+ Bac en polypropyl\u00e8ne durable et brillant, robuste pour une longue utilisation. <\/p>\n<p>+ Construction robuste et stable pour vous servir pendant des ann\u00e9es. <\/p>\n<p>+ Garantie de 25 ans, un petit prix \u00e0 payer pour un milieu de travail plus efficace.<\/p>\n<p>Gr\u00e2ce \u00e0 sa grande capacit\u00e9, elle peut stocker jusqu&rsquo;\u00e0 500 feuilles de papier. <\/p>\n<p>+ Moyen tr\u00e8s pratique pour conserver des feuilles destin\u00e9es \u00e0 l&rsquo;impression ou des formulaires. <\/p>\n<p>La corbeille \u00e0 courrier peut se placer sur le bureau ou pr\u00e8s de l\u2019imprimante selon vos besoins.<\/p>\n<p>Certaines corbeilles sont livr\u00e9es avec des porte-\u00e9tiquettes. <\/p>\n<p>La corbeille \u00e0 courrier d&rsquo;Biella est une option id\u00e9ale pour travailler avec confort et commodit\u00e9.<\/p>\n<p>Triez vos papiers de mani\u00e8re intelligente! <\/p>\n<p>> Garantie 25 ans<\/p>","protected":false},"excerpt":{"rendered":"<p>Un lieu de travail efficace et sans d\u00e9sordre Passez-vous des heures \u00e0 trier le papier sur votre bureau? C&rsquo;est un probl\u00e8me courant qui nuit \u00e0 votre productivit\u00e9 et \u00e0 vos performances. La solution? Une corbeille \u00e0 courrier.Cette corbeille \u00e0 courrier Bi<\/p>","protected":false},"featured_media":30764,"comment_status":"open","ping_status":"closed","template":"","meta":[],"product_brand":[],"product_cat":[137],"product_tag":[],"class_list":{"0":"post-30765","1":"product","2":"type-product","3":"status-publish","4":"has-post-thumbnail","6":"product_cat-article-offic","8":"first","9":"instock","10":"shipping-taxable","11":"purchasable","12":"product-type-simple"},"_links":{"self":[{"href":"https:\/\/topprixsarl.ch\/en\/wp-json\/wp\/v2\/product\/30765","targetHints":{"allow":["GET"]}}],"collection":[{"href":"https:\/\/topprixsarl.ch\/en\/wp-json\/wp\/v2\/product"}],"about":[{"href":"https:\/\/topprixsarl.ch\/en\/wp-json\/wp\/v2\/types\/product"}],"replies":[{"embeddable":true,"href":"https:\/\/topprixsarl.ch\/en\/wp-json\/wp\/v2\/comments?post=30765"}],"version-history":[{"count":2,"href":"https:\/\/topprixsarl.ch\/en\/wp-json\/wp\/v2\/product\/30765\/revisions"}],"predecessor-version":[{"id":32717,"href":"https:\/\/topprixsarl.ch\/en\/wp-json\/wp\/v2\/product\/30765\/revisions\/32717"}],"wp:featuredmedia":[{"embeddable":true,"href":"https:\/\/topprixsarl.ch\/en\/wp-json\/wp\/v2\/media\/30764"}],"wp:attachment":[{"href":"https:\/\/topprixsarl.ch\/en\/wp-json\/wp\/v2\/media?parent=30765"}],"wp:term":[{"taxonomy":"product_brand","embeddable":true,"href":"https:\/\/topprixsarl.ch\/en\/wp-json\/wp\/v2\/product_brand?post=30765"},{"taxonomy":"product_cat","embeddable":true,"href":"https:\/\/topprixsarl.ch\/en\/wp-json\/wp\/v2\/product_cat?post=30765"},{"taxonomy":"product_tag","embeddable":true,"href":"https:\/\/topprixsarl.ch\/en\/wp-json\/wp\/v2\/product_tag?post=30765"}],"curies":[{"name":"wp","href":"https:\/\/api.w.org\/{rel}","templated":true}]}}