{"id":30763,"date":"2026-01-09T14:12:13","date_gmt":"2026-01-09T14:12:13","guid":{"rendered":"https:\/\/topprixsarl.ch\/product\/notes-post-it-super-sticky-76-x-76-mm-assortis-24-blocs-x-90-feuilles\/"},"modified":"2026-01-14T14:20:11","modified_gmt":"2026-01-14T14:20:11","slug":"notes-post-it-super-sticky-76-x-76-mm-assortis-24-blocs-x-90-feuilles","status":"publish","type":"product","link":"https:\/\/topprixsarl.ch\/en\/product\/notes-post-it-super-sticky-76-x-76-mm-assortis-24-blocs-x-90-feuilles\/","title":{"rendered":"Notes Post-it Super Sticky &#8211; 76 x 76 mm &#8211; assortis &#8211; 24 blocs x 90 feuilles"},"content":{"rendered":"<p>Avoir une meilleure semaine de travail <\/p>\n<p>La gestion du temps est primordiale pour les employ\u00e9s ambitieux quel que soit leur domaine. Ma\u00eetrisez les secrets d&rsquo;une bonne r\u00e9partition du temps avec ces Post-it Super Sticky. Placer des notes avec des to-do lists dans des endroits bien en vue augmente vos chances de succ\u00e8s. <\/p>\n<p>+A l&rsquo;aide de ces notes, planifiez votre travail pour la journ\u00e9e; elles sont id\u00e9ales pour noter des t\u00e2ches \u00e0 des endroits bien visibles. <\/p>\n<p>+Un paquet contient 24 blocs de 90 pages. <\/p>\n<p>+Vous pouvez prendre des notes lors des r\u00e9unions, compl\u00e9ter les pr\u00e9sentations, marquer les questions importantes et cr\u00e9er des \u00e9tiquettes pour vos dossiers. <\/p>\n<p>+Peu encombrant sur le bureau, les papillons adh\u00e9sifs sont toujours \u00e0 port\u00e9e de main. <\/p>\n<p>+L\u2019adh\u00e9sif renforc\u00e9 colle plus longtemps sur toutes les surfaces. <\/p>\n<p>+Les Post-it Super Sticky portent l&rsquo;\u00e9colabel PEFC pour une meilleure pr\u00e9servation de la plan\u00e8te. <\/p>\n<p>Illuminez votre journ\u00e9e de travail avec des notes de haute qualit\u00e9!*<\/p>","protected":false},"excerpt":{"rendered":"<p>Avoir une meilleure semaine de travail La gestion du temps est primordiale pour les employ\u00e9s ambitieux quel que soit leur domaine. Ma\u00eetrisez les secrets d&rsquo;une bonne r\u00e9partition du temps avec ces Post-it Super Sticky . Placer des notes avec des to-do <\/p>","protected":false},"featured_media":30762,"comment_status":"open","ping_status":"closed","template":"","meta":[],"product_brand":[],"product_cat":[137],"product_tag":[],"class_list":{"0":"post-30763","1":"product","2":"type-product","3":"status-publish","4":"has-post-thumbnail","6":"product_cat-article-offic","8":"first","9":"instock","10":"shipping-taxable","11":"purchasable","12":"product-type-simple"},"_links":{"self":[{"href":"https:\/\/topprixsarl.ch\/en\/wp-json\/wp\/v2\/product\/30763","targetHints":{"allow":["GET"]}}],"collection":[{"href":"https:\/\/topprixsarl.ch\/en\/wp-json\/wp\/v2\/product"}],"about":[{"href":"https:\/\/topprixsarl.ch\/en\/wp-json\/wp\/v2\/types\/product"}],"replies":[{"embeddable":true,"href":"https:\/\/topprixsarl.ch\/en\/wp-json\/wp\/v2\/comments?post=30763"}],"version-history":[{"count":2,"href":"https:\/\/topprixsarl.ch\/en\/wp-json\/wp\/v2\/product\/30763\/revisions"}],"predecessor-version":[{"id":32716,"href":"https:\/\/topprixsarl.ch\/en\/wp-json\/wp\/v2\/product\/30763\/revisions\/32716"}],"wp:featuredmedia":[{"embeddable":true,"href":"https:\/\/topprixsarl.ch\/en\/wp-json\/wp\/v2\/media\/30762"}],"wp:attachment":[{"href":"https:\/\/topprixsarl.ch\/en\/wp-json\/wp\/v2\/media?parent=30763"}],"wp:term":[{"taxonomy":"product_brand","embeddable":true,"href":"https:\/\/topprixsarl.ch\/en\/wp-json\/wp\/v2\/product_brand?post=30763"},{"taxonomy":"product_cat","embeddable":true,"href":"https:\/\/topprixsarl.ch\/en\/wp-json\/wp\/v2\/product_cat?post=30763"},{"taxonomy":"product_tag","embeddable":true,"href":"https:\/\/topprixsarl.ch\/en\/wp-json\/wp\/v2\/product_tag?post=30763"}],"curies":[{"name":"wp","href":"https:\/\/api.w.org\/{rel}","templated":true}]}}