{"id":30755,"date":"2026-01-09T14:10:49","date_gmt":"2026-01-09T14:10:49","guid":{"rendered":"https:\/\/topprixsarl.ch\/product\/stylo-bille-bic-atlantis-retractable-pointe-moyenne-bleu-par-36\/"},"modified":"2026-01-14T14:20:11","modified_gmt":"2026-01-14T14:20:11","slug":"stylo-bille-bic-atlantis-retractable-pointe-moyenne-bleu-par-36","status":"publish","type":"product","link":"https:\/\/topprixsarl.ch\/en\/product\/stylo-bille-bic-atlantis-retractable-pointe-moyenne-bleu-par-36\/","title":{"rendered":"Stylo bille Bic Atlantis &#8211; r\u00e9tractable &#8211; pointe moyenne &#8211; bleu &#8211; par 36"},"content":{"rendered":"<p>Des stylos dignes de confiance<\/p>\n<p>Quel genre de bureau peut se passer de fournitures de bureau les plus simples comme les stylos? M\u00eame si votre travail est li\u00e9 \u00e0 l&rsquo;informatique, pour faire un croquis, \u00e9crire un num\u00e9ro de t\u00e9l\u00e9phone ou laisser un mot, vous prenez un stylo. <\/p>\n<p>Ce pack de 36 stylos Bic est une option parfaite pour les employ\u00e9s de bureau. Bic fournit l&rsquo;une des meilleures fournitures de bureau. <\/p>\n<p>+ Stylos ergonomiques con\u00e7us pour des travaux d\u2019\u00e9criture courants. <\/p>\n<p>+ \u00c9quip\u00e9s d\u2019un grip caoutchouc confortable pour pr\u00e9venir les douleurs musculaires et la fatigue de la main, augmentant ainsi l&rsquo;efficacit\u00e9 du travail. <\/p>\n<p>+ Offre un confort d\u2019\u00e9criture agr\u00e9able et soign\u00e9 gr\u00e2ce \u00e0 sa pointe moyenne effleurant le papier. <\/p>\n<p>+ Clip en m\u00e9tal pour s\u2019accrocher \u00e0 votre poche, le gardant toujours \u00e0 port\u00e9e de main. <\/p>\n<p>+ Fabriqu\u00e9 en plastique recyclable, respectueux de l&rsquo;environnement, portant la marque NF-Environnement. <\/p>\n<p>Fournissez \u00e0 votre bureau des stylos de qualit\u00e9!<\/p>","protected":false},"excerpt":{"rendered":"<p>Des stylos dignes de confianceQuel genre de bureau peut se passer de fournitures de bureau les plus simples comme les stylos? M\u00eame si votre travail est li\u00e9 \u00e0 l&rsquo;informatique, pour faire un croquis, \u00e9crire un num\u00e9ro de t\u00e9l\u00e9phone ou laisser un mot, vous<\/p>","protected":false},"featured_media":30754,"comment_status":"open","ping_status":"closed","template":"","meta":[],"product_brand":[],"product_cat":[137],"product_tag":[],"class_list":{"0":"post-30755","1":"product","2":"type-product","3":"status-publish","4":"has-post-thumbnail","6":"product_cat-article-offic","8":"first","9":"instock","10":"shipping-taxable","11":"purchasable","12":"product-type-simple"},"_links":{"self":[{"href":"https:\/\/topprixsarl.ch\/en\/wp-json\/wp\/v2\/product\/30755","targetHints":{"allow":["GET"]}}],"collection":[{"href":"https:\/\/topprixsarl.ch\/en\/wp-json\/wp\/v2\/product"}],"about":[{"href":"https:\/\/topprixsarl.ch\/en\/wp-json\/wp\/v2\/types\/product"}],"replies":[{"embeddable":true,"href":"https:\/\/topprixsarl.ch\/en\/wp-json\/wp\/v2\/comments?post=30755"}],"version-history":[{"count":2,"href":"https:\/\/topprixsarl.ch\/en\/wp-json\/wp\/v2\/product\/30755\/revisions"}],"predecessor-version":[{"id":32709,"href":"https:\/\/topprixsarl.ch\/en\/wp-json\/wp\/v2\/product\/30755\/revisions\/32709"}],"wp:featuredmedia":[{"embeddable":true,"href":"https:\/\/topprixsarl.ch\/en\/wp-json\/wp\/v2\/media\/30754"}],"wp:attachment":[{"href":"https:\/\/topprixsarl.ch\/en\/wp-json\/wp\/v2\/media?parent=30755"}],"wp:term":[{"taxonomy":"product_brand","embeddable":true,"href":"https:\/\/topprixsarl.ch\/en\/wp-json\/wp\/v2\/product_brand?post=30755"},{"taxonomy":"product_cat","embeddable":true,"href":"https:\/\/topprixsarl.ch\/en\/wp-json\/wp\/v2\/product_cat?post=30755"},{"taxonomy":"product_tag","embeddable":true,"href":"https:\/\/topprixsarl.ch\/en\/wp-json\/wp\/v2\/product_tag?post=30755"}],"curies":[{"name":"wp","href":"https:\/\/api.w.org\/{rel}","templated":true}]}}