{"id":30751,"date":"2026-01-09T14:10:22","date_gmt":"2026-01-09T14:10:22","guid":{"rendered":"https:\/\/topprixsarl.ch\/product\/recharge-pour-stylo-bille-diplomat-largeur-de-trait-05-mm-bleu\/"},"modified":"2026-01-14T14:20:12","modified_gmt":"2026-01-14T14:20:12","slug":"recharge-pour-stylo-bille-diplomat-largeur-de-trait-05-mm-bleu","status":"publish","type":"product","link":"https:\/\/topprixsarl.ch\/en\/product\/recharge-pour-stylo-bille-diplomat-largeur-de-trait-05-mm-bleu\/","title":{"rendered":"Recharge pour stylo-bille Diplomat, largeur de trait\u00a00,5 mm, bleu"},"content":{"rendered":"<p>Pour une \u00e9criture dynamique, les notes illisibles \u00e0 cause d&rsquo;un instrument d&rsquo;\u00e9criture trop us\u00e9 peuvent \u00eatre une source de stress. Avec la cartouche de rechange pour stylos de la marque Diplomat, vous faites en sorte que votre instrument d&rsquo;\u00e9criture soit toujours pr\u00eat \u00e0 l&#8217;emploi. <\/p>\n<p>Gr\u00e2ce \u00e0 ses composants de haute qualit\u00e9, vous profiterez de vos notes et de vos id\u00e9es pendant longtemps. Ainsi, vous n&rsquo;aurez pas \u00e0 acheter inutilement de nouveaux outils et rendrez votre consommation durable. <\/p>\n<p>+ Encre p\u00e2teuse qui s\u00e8che rapidement, permettant une \u00e9criture claire, nette et pratiquement sans fuite. <\/p>\n<p>+ Pointe ogive, un classique polyvalent. <\/p>\n<p>+ Couleur bleue sobre et classique. <\/p>\n<p>Un instrument d&rsquo;\u00e9criture usag\u00e9 peut vite \u00eatre source d&rsquo;irritation dans les moments importants. Le mieux est donc d&rsquo;avoir toujours suffisamment de cartouches de rechange pour stylos de la marque Diplomat en stock. <\/p>\n<p>+ Limitez vos d\u00e9penses tout en maintenant un bon rendement. <\/p>\n<p>+ Rendement fiable et facilit\u00e9 d&rsquo;utilisation. <\/p>\n<p>Vous \u00e9vitez ainsi des d\u00e9sagr\u00e9ments tels que des mains tach\u00e9es ou m\u00eame des crayons cass\u00e9s. N&rsquo;h\u00e9sitez pas plus longtemps, vous pourrez compter sur cette r\u00e9serve!<\/p>","protected":false},"excerpt":{"rendered":"<p>Pour une \u00e9criture dynamique Les notes illisibles \u00e0 cause d&rsquo;un instrument d&rsquo;\u00e9criture trop us\u00e9 peuvent \u00eatre une source de stress. Avec la cartouche de rechange pour stylos de la marque Diplomat, vous faites en sorte que votre instrument d&rsquo;\u00e9criture soit<\/p>","protected":false},"featured_media":30750,"comment_status":"open","ping_status":"closed","template":"","meta":[],"product_brand":[],"product_cat":[137],"product_tag":[],"class_list":{"0":"post-30751","1":"product","2":"type-product","3":"status-publish","4":"has-post-thumbnail","6":"product_cat-article-offic","8":"first","9":"instock","10":"shipping-taxable","11":"purchasable","12":"product-type-simple"},"_links":{"self":[{"href":"https:\/\/topprixsarl.ch\/en\/wp-json\/wp\/v2\/product\/30751","targetHints":{"allow":["GET"]}}],"collection":[{"href":"https:\/\/topprixsarl.ch\/en\/wp-json\/wp\/v2\/product"}],"about":[{"href":"https:\/\/topprixsarl.ch\/en\/wp-json\/wp\/v2\/types\/product"}],"replies":[{"embeddable":true,"href":"https:\/\/topprixsarl.ch\/en\/wp-json\/wp\/v2\/comments?post=30751"}],"version-history":[{"count":2,"href":"https:\/\/topprixsarl.ch\/en\/wp-json\/wp\/v2\/product\/30751\/revisions"}],"predecessor-version":[{"id":32707,"href":"https:\/\/topprixsarl.ch\/en\/wp-json\/wp\/v2\/product\/30751\/revisions\/32707"}],"wp:featuredmedia":[{"embeddable":true,"href":"https:\/\/topprixsarl.ch\/en\/wp-json\/wp\/v2\/media\/30750"}],"wp:attachment":[{"href":"https:\/\/topprixsarl.ch\/en\/wp-json\/wp\/v2\/media?parent=30751"}],"wp:term":[{"taxonomy":"product_brand","embeddable":true,"href":"https:\/\/topprixsarl.ch\/en\/wp-json\/wp\/v2\/product_brand?post=30751"},{"taxonomy":"product_cat","embeddable":true,"href":"https:\/\/topprixsarl.ch\/en\/wp-json\/wp\/v2\/product_cat?post=30751"},{"taxonomy":"product_tag","embeddable":true,"href":"https:\/\/topprixsarl.ch\/en\/wp-json\/wp\/v2\/product_tag?post=30751"}],"curies":[{"name":"wp","href":"https:\/\/api.w.org\/{rel}","templated":true}]}}