{"id":30745,"date":"2026-01-09T14:09:39","date_gmt":"2026-01-09T14:09:39","guid":{"rendered":"https:\/\/topprixsarl.ch\/product\/papier-toilette-hartmann-cellulose-723015-4-couches-pqt-de-10x8-rouleaux\/"},"modified":"2026-04-11T13:47:32","modified_gmt":"2026-04-11T13:47:32","slug":"papier-toilette-hartmann-cellulose-723015-4-couches-pqt-de-10x8-rouleaux","status":"publish","type":"product","link":"https:\/\/topprixsarl.ch\/en\/product\/papier-toilette-hartmann-cellulose-723015-4-couches-pqt-de-10x8-rouleaux\/","title":{"rendered":"Papier toilette HARTMANN cellulose 723015, 4 couches, pqt de 10&#215;8 rouleaux"},"content":{"rendered":"<p>Le papier idoine \u00e0 l&rsquo;endroit id\u00e9al <\/p>\n<p>Octroyez-vous sans plus tarder des temps de pause encore plus longs tout en conservant une sensation de bien-\u00eatre! <\/p>\n<p>Le papier toilette de la marque Hartmann nettoie efficacement et tout en douceur, et permet de prolonger la sensation de bien-\u00eatre jusque dans les W.-C. Il saura ainsi r\u00e9pondre \u00e0 vos besoins, rouleau apr\u00e8s rouleau. <\/p>\n<p>+ Composition 100% pure ouate, ce produit est r\u00e9sistant et difficile \u00e0 d\u00e9chirer. <\/p>\n<p>+ Taille des feuilles : 11.9 x 9.6 cm. <\/p>\n<p>+ Couleur : blanc, enrichi d&rsquo;un gaufrage harmonieux. <\/p>\n<p>Disposant de bien quatre couches, cet article est un vrai luxe qui assure des instants de bien-\u00eatre. <\/p>\n<p>+ S&rsquo;adapte \u00e0 tous les d\u00e9rouleurs de papier-toilette classiques et peut \u00eatre imm\u00e9diatement mis en place sur tout type de supports. <\/p>\n<p>Vos coll\u00e8gues et vos clients appr\u00e9cieront \u00e0 n&rsquo;en pas douter le fait que vous ayez toujours ce produit indispensable \u00e0 port\u00e9e de main. <\/p>\n<p>Pour vous sentir propre, toute la journ\u00e9e! <\/p>\n<p>*Notes de bas de page : [ajouter ici les notes si n\u00e9cessaire]*<\/p>\n","protected":false},"excerpt":{"rendered":"<p>Le papier idoine \u00e0 l&rsquo;endroit id\u00e9al Octroyez-vous sans plus tarder des temps de pause encore plus longs tout en conservant une sensation de bien-\u00eatre! Le papier toilette de la marque Hartmann nettoie efficacement et tout en douceur, et permet de prolo<\/p>","protected":false},"featured_media":30744,"comment_status":"open","ping_status":"closed","template":"","meta":[],"product_brand":[],"product_cat":[143],"product_tag":[],"class_list":{"0":"post-30745","1":"product","2":"type-product","3":"status-publish","4":"has-post-thumbnail","6":"product_cat-nettoyage","8":"first","9":"instock","10":"shipping-taxable","11":"purchasable","12":"product-type-simple"},"_links":{"self":[{"href":"https:\/\/topprixsarl.ch\/en\/wp-json\/wp\/v2\/product\/30745","targetHints":{"allow":["GET"]}}],"collection":[{"href":"https:\/\/topprixsarl.ch\/en\/wp-json\/wp\/v2\/product"}],"about":[{"href":"https:\/\/topprixsarl.ch\/en\/wp-json\/wp\/v2\/types\/product"}],"replies":[{"embeddable":true,"href":"https:\/\/topprixsarl.ch\/en\/wp-json\/wp\/v2\/comments?post=30745"}],"version-history":[{"count":2,"href":"https:\/\/topprixsarl.ch\/en\/wp-json\/wp\/v2\/product\/30745\/revisions"}],"predecessor-version":[{"id":32704,"href":"https:\/\/topprixsarl.ch\/en\/wp-json\/wp\/v2\/product\/30745\/revisions\/32704"}],"wp:featuredmedia":[{"embeddable":true,"href":"https:\/\/topprixsarl.ch\/en\/wp-json\/wp\/v2\/media\/30744"}],"wp:attachment":[{"href":"https:\/\/topprixsarl.ch\/en\/wp-json\/wp\/v2\/media?parent=30745"}],"wp:term":[{"taxonomy":"product_brand","embeddable":true,"href":"https:\/\/topprixsarl.ch\/en\/wp-json\/wp\/v2\/product_brand?post=30745"},{"taxonomy":"product_cat","embeddable":true,"href":"https:\/\/topprixsarl.ch\/en\/wp-json\/wp\/v2\/product_cat?post=30745"},{"taxonomy":"product_tag","embeddable":true,"href":"https:\/\/topprixsarl.ch\/en\/wp-json\/wp\/v2\/product_tag?post=30745"}],"curies":[{"name":"wp","href":"https:\/\/api.w.org\/{rel}","templated":true}]}}