{"id":30743,"date":"2026-01-09T14:09:24","date_gmt":"2026-01-09T14:09:24","guid":{"rendered":"https:\/\/topprixsarl.ch\/product\/cartouche-de-toner-hp-130a-cf353a-magenta\/"},"modified":"2026-01-14T14:20:12","modified_gmt":"2026-01-14T14:20:12","slug":"cartouche-de-toner-hp-130a-cf353a-magenta","status":"publish","type":"product","link":"https:\/\/topprixsarl.ch\/en\/product\/cartouche-de-toner-hp-130a-cf353a-magenta\/","title":{"rendered":"HP 130A Toner Cartridge - CF353A - magenta"},"content":{"rendered":"<p>Lib\u00e9rez la magie des couleurs avec les cartouches de toner HP. <\/p>\n<p>Si vous voulez profiter de la technologie d&rsquo;impression la plus moderne, les cartouches de toner HP sont faites pour vous. Elles vous garantissent des documents pr\u00e9cis aux bords nets. <\/p>\n<p>La cartouche de couleur magenta est la solution id\u00e9ale pour une qualit\u00e9 d&rsquo;impression irr\u00e9prochable et des couleurs vives et \u00e9clatantes. <\/p>\n<p>En choisissant ce produit de marque authentique et neuf, vous optez pour la qualit\u00e9 et la fiabilit\u00e9. <\/p>\n<p>+ Code fabricant : HP 130A<br \/>\n+ Nombre d&rsquo;unit\u00e9s emball\u00e9es : 1<br \/>\n+ Couleur : magenta  <\/p>\n<p>Notre service de r\u00e9approvisionnement automatique de vos consommables est la solution parfaite pour ma\u00eetriser votre budget et vous assurer une tranquillit\u00e9 d&rsquo;esprit. <\/p>\n<p>Nous r\u00e9cup\u00e9rons et revalorisons les cartouches usag\u00e9es gr\u00e2ce \u00e0 notre container de r\u00e9cup\u00e9ration (r\u00e9f\u00e9rence : 2.157.879). <\/p>\n<p>Soyez fier de partager vos impressions ! <\/p>\n<p>> Garantie 2 ans*<\/p>","protected":false},"excerpt":{"rendered":"<p>Lib\u00e9rez la magie des couleurs avec les cartouches de toner HP Si vous voulez profiter de la technologie d&rsquo;impression la plus moderne, les cartouches de toner HP sont faites pour vous. Elles vous garantissent des documents pr\u00e9cis aux bords nets. La ca<\/p>","protected":false},"featured_media":30742,"comment_status":"open","ping_status":"closed","template":"","meta":[],"product_brand":[],"product_cat":[137],"product_tag":[],"class_list":{"0":"post-30743","1":"product","2":"type-product","3":"status-publish","4":"has-post-thumbnail","6":"product_cat-article-offic","8":"first","9":"instock","10":"shipping-taxable","11":"purchasable","12":"product-type-simple"},"_links":{"self":[{"href":"https:\/\/topprixsarl.ch\/en\/wp-json\/wp\/v2\/product\/30743","targetHints":{"allow":["GET"]}}],"collection":[{"href":"https:\/\/topprixsarl.ch\/en\/wp-json\/wp\/v2\/product"}],"about":[{"href":"https:\/\/topprixsarl.ch\/en\/wp-json\/wp\/v2\/types\/product"}],"replies":[{"embeddable":true,"href":"https:\/\/topprixsarl.ch\/en\/wp-json\/wp\/v2\/comments?post=30743"}],"version-history":[{"count":2,"href":"https:\/\/topprixsarl.ch\/en\/wp-json\/wp\/v2\/product\/30743\/revisions"}],"predecessor-version":[{"id":32703,"href":"https:\/\/topprixsarl.ch\/en\/wp-json\/wp\/v2\/product\/30743\/revisions\/32703"}],"wp:featuredmedia":[{"embeddable":true,"href":"https:\/\/topprixsarl.ch\/en\/wp-json\/wp\/v2\/media\/30742"}],"wp:attachment":[{"href":"https:\/\/topprixsarl.ch\/en\/wp-json\/wp\/v2\/media?parent=30743"}],"wp:term":[{"taxonomy":"product_brand","embeddable":true,"href":"https:\/\/topprixsarl.ch\/en\/wp-json\/wp\/v2\/product_brand?post=30743"},{"taxonomy":"product_cat","embeddable":true,"href":"https:\/\/topprixsarl.ch\/en\/wp-json\/wp\/v2\/product_cat?post=30743"},{"taxonomy":"product_tag","embeddable":true,"href":"https:\/\/topprixsarl.ch\/en\/wp-json\/wp\/v2\/product_tag?post=30743"}],"curies":[{"name":"wp","href":"https:\/\/api.w.org\/{rel}","templated":true}]}}