{"id":30741,"date":"2026-01-09T14:09:09","date_gmt":"2026-01-09T14:09:09","guid":{"rendered":"https:\/\/topprixsarl.ch\/product\/cartouche-de-toner-hp-130a-cf352a-jaune\/"},"modified":"2026-01-14T14:20:12","modified_gmt":"2026-01-14T14:20:12","slug":"cartouche-de-toner-hp-130a-cf352a-jaune","status":"publish","type":"product","link":"https:\/\/topprixsarl.ch\/en\/product\/cartouche-de-toner-hp-130a-cf352a-jaune\/","title":{"rendered":"Cartouche de toner HP 130A- CF352A- jaune"},"content":{"rendered":"<p>Choisissez HP pour des impressions \u00e9clatantes !<\/p>\n<p>Si vous voulez profiter de la technologie d&rsquo;impression la plus moderne, les cartouches de toner HP sont faites pour vous. Elles vous garantissent des documents pr\u00e9cis aux bords nets. <\/p>\n<p>+ Qualit\u00e9 d&rsquo;impression in\u00e9gal\u00e9e<br \/> + Couleurs intenses gr\u00e2ce \u00e0 cette cartouche de couleur jaune<br \/> + Produit de marque authentique et neuf, garantissant qualit\u00e9 et fiabilit\u00e9 <\/p>\n<p>Code fabricant : HP 130A<br \/> Nombre d&rsquo;unit\u00e9s emball\u00e9es : 1<br \/> Couleur : jaune <\/p>\n<p>Notre service de r\u00e9approvisionnement automatique est la solution parfaite pour mieux g\u00e9rer votre budget et vous assurer une tranquillit\u00e9 d&rsquo;esprit. <\/p>\n<p>Pour la reprise de vos cartouches usag\u00e9es, pensez au container (r\u00e9f\u00e9rence : 2.157.879) ! <\/p>\n<p>Imprimez sans probl\u00e8me ! Imprimez avec de bons r\u00e9sultats ! <\/p>\n<p>> Garantie 2 ans*<\/p>","protected":false},"excerpt":{"rendered":"<p>Choisissez HP pour des impressions \u00e9clatantes ! Si vous voulez profiter de la technologie d&rsquo;impression la plus moderne, les cartouches de toner HP sont faites pour vous. Elles vous garantissent des documents pr\u00e9cis aux bords nets. Vous b\u00e9n\u00e9ficiez d&rsquo;u<\/p>","protected":false},"featured_media":30740,"comment_status":"open","ping_status":"closed","template":"","meta":[],"product_brand":[],"product_cat":[137],"product_tag":[],"class_list":{"0":"post-30741","1":"product","2":"type-product","3":"status-publish","4":"has-post-thumbnail","6":"product_cat-article-offic","8":"first","9":"instock","10":"shipping-taxable","11":"purchasable","12":"product-type-simple"},"_links":{"self":[{"href":"https:\/\/topprixsarl.ch\/en\/wp-json\/wp\/v2\/product\/30741","targetHints":{"allow":["GET"]}}],"collection":[{"href":"https:\/\/topprixsarl.ch\/en\/wp-json\/wp\/v2\/product"}],"about":[{"href":"https:\/\/topprixsarl.ch\/en\/wp-json\/wp\/v2\/types\/product"}],"replies":[{"embeddable":true,"href":"https:\/\/topprixsarl.ch\/en\/wp-json\/wp\/v2\/comments?post=30741"}],"version-history":[{"count":3,"href":"https:\/\/topprixsarl.ch\/en\/wp-json\/wp\/v2\/product\/30741\/revisions"}],"predecessor-version":[{"id":33299,"href":"https:\/\/topprixsarl.ch\/en\/wp-json\/wp\/v2\/product\/30741\/revisions\/33299"}],"wp:featuredmedia":[{"embeddable":true,"href":"https:\/\/topprixsarl.ch\/en\/wp-json\/wp\/v2\/media\/30740"}],"wp:attachment":[{"href":"https:\/\/topprixsarl.ch\/en\/wp-json\/wp\/v2\/media?parent=30741"}],"wp:term":[{"taxonomy":"product_brand","embeddable":true,"href":"https:\/\/topprixsarl.ch\/en\/wp-json\/wp\/v2\/product_brand?post=30741"},{"taxonomy":"product_cat","embeddable":true,"href":"https:\/\/topprixsarl.ch\/en\/wp-json\/wp\/v2\/product_cat?post=30741"},{"taxonomy":"product_tag","embeddable":true,"href":"https:\/\/topprixsarl.ch\/en\/wp-json\/wp\/v2\/product_tag?post=30741"}],"curies":[{"name":"wp","href":"https:\/\/api.w.org\/{rel}","templated":true}]}}