{"id":30737,"date":"2026-01-09T14:08:38","date_gmt":"2026-01-09T14:08:38","guid":{"rendered":"https:\/\/topprixsarl.ch\/product\/cartouche-de-toner-hp-130a-cf350a-noire\/"},"modified":"2026-01-14T14:20:12","modified_gmt":"2026-01-14T14:20:12","slug":"cartouche-de-toner-hp-130a-cf350a-noire","status":"publish","type":"product","link":"https:\/\/topprixsarl.ch\/en\/product\/cartouche-de-toner-hp-130a-cf350a-noire\/","title":{"rendered":"HP 130A- CF350A- black toner cartridge"},"content":{"rendered":"<p>Le choix parfait pour votre bureau : cartouche de toner HP<\/p>\n<p>Les cartouches de toner, v\u00e9ritables alli\u00e9es de l&rsquo;environnement de bureau d&rsquo;aujourd&rsquo;hui, sont un incontournable que l&rsquo;on ne saurait n\u00e9gliger. Avec HP, vous faites de vos besoins quotidiens une \u0153uvre d&rsquo;art, o\u00f9 qualit\u00e9 et pr\u00e9cision sont au rendez-vous. <\/p>\n<p>+ Couleur : noir<br \/> + Code fabricant : HP 130A<br \/> + Nombre d&rsquo;unit\u00e9s emball\u00e9es : 1 <\/p>\n<p>Cette cartouche est un indispensable pour la plupart des besoins d&rsquo;impression quotidiens. En choisissant ce produit de marque authentique et neuf, vous optez pour la qualit\u00e9 et la fiabilit\u00e9. <\/p>\n<p>Notre service de r\u00e9approvisionnement automatique de vos consommables vous permettra de mieux g\u00e9rer votre budget tout en vous assurant une plus grande tranquillit\u00e9 d&rsquo;esprit. <\/p>\n<p>Le saviez-vous ? reprend vos cartouches usag\u00e9es pour les revaloriser (r\u00e9f\u00e9rence : 2.157.879) ! <\/p>\n<p>Passez votre commande d\u00e8s maintenant ! <\/p>\n<p>+ Garantie 2 ans<\/p>","protected":false},"excerpt":{"rendered":"<p>Le choix parfait pour votre bureau : cartouche de toner HP Les cartouches de toner, v\u00e9ritables alli\u00e9es de l&rsquo;environnement de bureau d&rsquo;aujourd&rsquo;hui, sont un incontournable que l&rsquo;on ne saurait n\u00e9gliger. Avec HP, vous faites de vos besoins quotidiens une<\/p>","protected":false},"featured_media":30736,"comment_status":"open","ping_status":"closed","template":"","meta":[],"product_brand":[],"product_cat":[137],"product_tag":[],"class_list":{"0":"post-30737","1":"product","2":"type-product","3":"status-publish","4":"has-post-thumbnail","6":"product_cat-article-offic","8":"first","9":"instock","10":"shipping-taxable","11":"purchasable","12":"product-type-simple"},"_links":{"self":[{"href":"https:\/\/topprixsarl.ch\/en\/wp-json\/wp\/v2\/product\/30737","targetHints":{"allow":["GET"]}}],"collection":[{"href":"https:\/\/topprixsarl.ch\/en\/wp-json\/wp\/v2\/product"}],"about":[{"href":"https:\/\/topprixsarl.ch\/en\/wp-json\/wp\/v2\/types\/product"}],"replies":[{"embeddable":true,"href":"https:\/\/topprixsarl.ch\/en\/wp-json\/wp\/v2\/comments?post=30737"}],"version-history":[{"count":3,"href":"https:\/\/topprixsarl.ch\/en\/wp-json\/wp\/v2\/product\/30737\/revisions"}],"predecessor-version":[{"id":33301,"href":"https:\/\/topprixsarl.ch\/en\/wp-json\/wp\/v2\/product\/30737\/revisions\/33301"}],"wp:featuredmedia":[{"embeddable":true,"href":"https:\/\/topprixsarl.ch\/en\/wp-json\/wp\/v2\/media\/30736"}],"wp:attachment":[{"href":"https:\/\/topprixsarl.ch\/en\/wp-json\/wp\/v2\/media?parent=30737"}],"wp:term":[{"taxonomy":"product_brand","embeddable":true,"href":"https:\/\/topprixsarl.ch\/en\/wp-json\/wp\/v2\/product_brand?post=30737"},{"taxonomy":"product_cat","embeddable":true,"href":"https:\/\/topprixsarl.ch\/en\/wp-json\/wp\/v2\/product_cat?post=30737"},{"taxonomy":"product_tag","embeddable":true,"href":"https:\/\/topprixsarl.ch\/en\/wp-json\/wp\/v2\/product_tag?post=30737"}],"curies":[{"name":"wp","href":"https:\/\/api.w.org\/{rel}","templated":true}]}}