{"id":30735,"date":"2026-01-09T14:08:24","date_gmt":"2026-01-09T14:08:24","guid":{"rendered":"https:\/\/topprixsarl.ch\/product\/nettoyant-wc-greenspeed-swan-wc-daily-750-ml-parfum-pin-frais\/"},"modified":"2026-01-14T14:20:12","modified_gmt":"2026-01-14T14:20:12","slug":"nettoyant-wc-greenspeed-swan-wc-daily-750-ml-parfum-pin-frais","status":"publish","type":"product","link":"https:\/\/topprixsarl.ch\/en\/product\/nettoyant-wc-greenspeed-swan-wc-daily-750-ml-parfum-pin-frais\/","title":{"rendered":"Nettoyant WC Greenspeed Swan WC Daily, 750 ml, parfum pin frais"},"content":{"rendered":"<p>Naturel mais efficace, le nettoyant WC professionnel Greenspeed est compos\u00e9 d&rsquo;ingr\u00e9dients naturels et offre des r\u00e9sultats exceptionnels. <\/p>\n<p>+ Il \u00e9limine efficacement toutes les substances nocives comme le tartre sans endommager les surfaces en c\u00e9ramique ou en porcelaine. <\/p>\n<p>+ La plomberie est comme neuve en un rien de temps apr\u00e8s utilisation. <\/p>\n<p>+ La forme innovante de la bouteille avec son bec verseur incurv\u00e9 permet d&rsquo;appliquer le liquide dans les endroits les plus inaccessibles, comme sous le rebord d&rsquo;une cuvette de toilette o\u00f9 les bact\u00e9ries sont connues pour se d\u00e9velopper. <\/p>\n<p>Au 21e si\u00e8cle, nous devons tous nous pr\u00e9occuper de l&rsquo;environnement. La bonne nouvelle, c&rsquo;est qu&rsquo;avec ce produit, c&rsquo;est possible. <\/p>\n<p>+ Le label \u00e9cologique de l&rsquo;UE garantit qu&rsquo;il ne contient pas de chlore, de compos\u00e9s halog\u00e9n\u00e9s ou d&rsquo;acides inorganiques nocifs pour la nature, alors que tous les ingr\u00e9dients sont biod\u00e9gradables. <\/p>\n<p>Voil\u00e0 \u00e0 quoi ressemble un nettoyant bien pens\u00e9 et complet. <\/p>\n<p>Apportez de la puret\u00e9 \u00e0 travers la nature!<\/p>\n<p>* 6 bouteilles\/carton<br \/>\n* 130 cartons\/palette (=780 bouteilles\/palette)<\/p>","protected":false},"excerpt":{"rendered":"<p>Naturel mais efficace Le nettoyant WC professionnel Greenspeed est compos\u00e9 d&rsquo;ingr\u00e9dients naturels et offre des r\u00e9sultats exceptionnels. Il \u00e9limine efficacement toutes les substances nocives comme le tartre sans endommager les surfaces en c\u00e9ramique ou<\/p>","protected":false},"featured_media":30734,"comment_status":"open","ping_status":"closed","template":"","meta":[],"product_brand":[],"product_cat":[143],"product_tag":[],"class_list":{"0":"post-30735","1":"product","2":"type-product","3":"status-publish","4":"has-post-thumbnail","6":"product_cat-nettoyage","8":"first","9":"instock","10":"shipping-taxable","11":"purchasable","12":"product-type-simple"},"_links":{"self":[{"href":"https:\/\/topprixsarl.ch\/en\/wp-json\/wp\/v2\/product\/30735","targetHints":{"allow":["GET"]}}],"collection":[{"href":"https:\/\/topprixsarl.ch\/en\/wp-json\/wp\/v2\/product"}],"about":[{"href":"https:\/\/topprixsarl.ch\/en\/wp-json\/wp\/v2\/types\/product"}],"replies":[{"embeddable":true,"href":"https:\/\/topprixsarl.ch\/en\/wp-json\/wp\/v2\/comments?post=30735"}],"version-history":[{"count":2,"href":"https:\/\/topprixsarl.ch\/en\/wp-json\/wp\/v2\/product\/30735\/revisions"}],"predecessor-version":[{"id":32699,"href":"https:\/\/topprixsarl.ch\/en\/wp-json\/wp\/v2\/product\/30735\/revisions\/32699"}],"wp:featuredmedia":[{"embeddable":true,"href":"https:\/\/topprixsarl.ch\/en\/wp-json\/wp\/v2\/media\/30734"}],"wp:attachment":[{"href":"https:\/\/topprixsarl.ch\/en\/wp-json\/wp\/v2\/media?parent=30735"}],"wp:term":[{"taxonomy":"product_brand","embeddable":true,"href":"https:\/\/topprixsarl.ch\/en\/wp-json\/wp\/v2\/product_brand?post=30735"},{"taxonomy":"product_cat","embeddable":true,"href":"https:\/\/topprixsarl.ch\/en\/wp-json\/wp\/v2\/product_cat?post=30735"},{"taxonomy":"product_tag","embeddable":true,"href":"https:\/\/topprixsarl.ch\/en\/wp-json\/wp\/v2\/product_tag?post=30735"}],"curies":[{"name":"wp","href":"https:\/\/api.w.org\/{rel}","templated":true}]}}