{"id":30729,"date":"2026-01-09T14:07:36","date_gmt":"2026-01-09T14:07:36","guid":{"rendered":"https:\/\/topprixsarl.ch\/product\/pochette-de-plastification-a-chaud-lyreco-a4-2x125-%c2%b5-par-100\/"},"modified":"2026-01-14T14:20:12","modified_gmt":"2026-01-14T14:20:12","slug":"pochette-de-plastification-a-chaud-lyreco-a4-2x125-%c2%b5-par-100","status":"publish","type":"product","link":"https:\/\/topprixsarl.ch\/en\/product\/pochette-de-plastification-a-chaud-lyreco-a4-2x125-%c2%b5-par-100\/","title":{"rendered":"Pochette de plastification \u00e0 chaud A4- 2&#215;125 \u00b5- par 100"},"content":{"rendered":"<p>Des produits de plastification simples et de haute qualit\u00e9. <\/p>\n<p>Il n&rsquo;est pas rare que nos documents soient ab\u00eem\u00e9s pendant leur transport ou simplement us\u00e9s. Nous les manipulons, nos coll\u00e8gues les manipulent et ils sont d\u00e9plac\u00e9s d&rsquo;un endroit \u00e0 l&rsquo;autre. Les papiers ab\u00eem\u00e9s et non prot\u00e9g\u00e9s ont l&rsquo;air brouillons et non professionnels. Pour pr\u00e9server l&rsquo;aspect d&rsquo;origine, vous pouvez les plastifier. <\/p>\n<p>Utilisez les pochettes pour une belle plastification. Apr\u00e8s la plastification, les dessins ou sch\u00e9mas peuvent s&rsquo;estomper en raison de la mauvaise qualit\u00e9 du plastique. Ces pochettes quant \u00e0 elles, sont fabriqu\u00e9es en polyester transparent de haute qualit\u00e9, elles traduisent parfaitement la couleur, le contraste et la saturation. <\/p>\n<p>+ Pochettes de plastification de 125 microns d&rsquo;\u00e9paisseur pour une r\u00e9sistance optimale aux rayures profondes et \u00e0 la d\u00e9formation. <\/p>\n<p>Si elles sont fines, les pochettes de plastification ne sont pas assez protectrices; ces pochettes mesurent 125 microns d&rsquo;\u00e9paisseur, ce qui leur conf\u00e8re une r\u00e9sistance optimale aux rayures profondes et \u00e0 la d\u00e9formation. <\/p>\n<p>+ Bords arrondis pour une manipulation facile. <\/p>\n<p>Apr\u00e8s la plastification, les bords de vos documents seront arrondis, ce qui est pratique pour les mains. <\/p>\n<p>+ Paquet de 100 feuilles pour prot\u00e9ger tous vos documents pr\u00e9cieux. <\/p>\n<p>Un paquet de 100 feuilles est parfait pour prot\u00e9ger tous vos documents les plus pr\u00e9cieux. La plastification est simple et rapide et ces feuilles s&rsquo;adaptent \u00e0 presque toutes les plastifieuses! <\/p>\n<p>+ Plastifiez facilement les documents importants!<\/p>","protected":false},"excerpt":{"rendered":"<p>Des produits de plastification simples et de haute qualit\u00e9 Il n&rsquo;est pas rare que nos documents soient ab\u00eem\u00e9s pendant leur transport ou simplement us\u00e9s. Nous les manipulons, nos coll\u00e8gues les manipulent et ils sont d\u00e9plac\u00e9s d&rsquo;un endroit \u00e0 l&rsquo;autre. Les<\/p>","protected":false},"featured_media":30728,"comment_status":"open","ping_status":"closed","template":"","meta":[],"product_brand":[],"product_cat":[137],"product_tag":[],"class_list":{"0":"post-30729","1":"product","2":"type-product","3":"status-publish","4":"has-post-thumbnail","6":"product_cat-article-offic","8":"first","9":"instock","10":"shipping-taxable","11":"purchasable","12":"product-type-simple"},"_links":{"self":[{"href":"https:\/\/topprixsarl.ch\/en\/wp-json\/wp\/v2\/product\/30729","targetHints":{"allow":["GET"]}}],"collection":[{"href":"https:\/\/topprixsarl.ch\/en\/wp-json\/wp\/v2\/product"}],"about":[{"href":"https:\/\/topprixsarl.ch\/en\/wp-json\/wp\/v2\/types\/product"}],"replies":[{"embeddable":true,"href":"https:\/\/topprixsarl.ch\/en\/wp-json\/wp\/v2\/comments?post=30729"}],"version-history":[{"count":3,"href":"https:\/\/topprixsarl.ch\/en\/wp-json\/wp\/v2\/product\/30729\/revisions"}],"predecessor-version":[{"id":33303,"href":"https:\/\/topprixsarl.ch\/en\/wp-json\/wp\/v2\/product\/30729\/revisions\/33303"}],"wp:featuredmedia":[{"embeddable":true,"href":"https:\/\/topprixsarl.ch\/en\/wp-json\/wp\/v2\/media\/30728"}],"wp:attachment":[{"href":"https:\/\/topprixsarl.ch\/en\/wp-json\/wp\/v2\/media?parent=30729"}],"wp:term":[{"taxonomy":"product_brand","embeddable":true,"href":"https:\/\/topprixsarl.ch\/en\/wp-json\/wp\/v2\/product_brand?post=30729"},{"taxonomy":"product_cat","embeddable":true,"href":"https:\/\/topprixsarl.ch\/en\/wp-json\/wp\/v2\/product_cat?post=30729"},{"taxonomy":"product_tag","embeddable":true,"href":"https:\/\/topprixsarl.ch\/en\/wp-json\/wp\/v2\/product_tag?post=30729"}],"curies":[{"name":"wp","href":"https:\/\/api.w.org\/{rel}","templated":true}]}}