{"id":30723,"date":"2026-01-09T14:06:50","date_gmt":"2026-01-09T14:06:50","guid":{"rendered":"https:\/\/topprixsarl.ch\/product\/gants-dexamen-sempercare-nitrile-sans-latex-taille-l\/"},"modified":"2026-01-21T00:18:02","modified_gmt":"2026-01-21T00:18:02","slug":"gants-dexamen-sempercare-nitrile-sans-latex-taille-l","status":"publish","type":"product","link":"https:\/\/topprixsarl.ch\/en\/product-2\/gants-dexamen-sempercare-nitrile-sans-latex-taille-l\/","title":{"rendered":"Sempercare Nitrile examination gloves, latex-free, size L"},"content":{"rendered":"<p>Powder-free nitrile examination glove** **Powder-free nitrile examination glove<\/p>\n<p>&#8211; Non st\u00e9rile, ambidextre. <\/p>\n<p>&#8211; En latex synth\u00e9tique, le gant ne contient pas de prot\u00e9ines de latex naturel et convient donc id\u00e9alement aux allergiques de type I. <\/p>\n<p>+ Protection des mains dans les h\u00f4pitaux, cabinets m\u00e9dicaux, laboratoires et industrie. <\/p>\n<p>+ Conforme \u00e0 la r\u00e9glementation pour le contact avec les denr\u00e9es alimentaires. <\/p>\n<p>+ Prot\u00e8ge des projections chimiques diverses et haute r\u00e9sistance aux huiles et graisses. <\/p>\n<p>&#8211; \u00c9paisseur : 0,20 mm. <\/p>\n<p>&#8211; Longueur totale : 240 mm. <\/p>\n<p>&#8211; Couleur : bleu. <\/p>\n<p>&#8211; Bo\u00eete distributrice de 100 pi\u00e8ces. <\/p>\n<p>&#8211; Prix par emballage. <\/p>\n<p>> Garantie 3 ans. <\/p>\n<p>*Note : Les informations sur la garantie et la conformit\u00e9 peuvent varier selon les r\u00e9glementations locales.*<\/p>","protected":false},"excerpt":{"rendered":"<p>Powder-free, non-sterile, ambidextrous nitrile examination glove. Made from synthetic latex, the glove contains no natural latex proteins, making it ideal for Type I allergy sufferers. For hand protection in hospitals, medical practices, etc.<\/p>","protected":false},"featured_media":30722,"comment_status":"open","ping_status":"closed","template":"","meta":[],"product_brand":[],"product_cat":[140],"product_tag":[],"class_list":{"0":"post-30723","1":"product","2":"type-product","3":"status-publish","4":"has-post-thumbnail","6":"product_cat-gants","7":"pa_taille-l","8":"pa_taille-m","9":"pa_taille-s","11":"first","12":"instock","13":"shipping-taxable","14":"purchasable","15":"product-type-variable"},"_links":{"self":[{"href":"https:\/\/topprixsarl.ch\/en\/wp-json\/wp\/v2\/product\/30723","targetHints":{"allow":["GET"]}}],"collection":[{"href":"https:\/\/topprixsarl.ch\/en\/wp-json\/wp\/v2\/product"}],"about":[{"href":"https:\/\/topprixsarl.ch\/en\/wp-json\/wp\/v2\/types\/product"}],"replies":[{"embeddable":true,"href":"https:\/\/topprixsarl.ch\/en\/wp-json\/wp\/v2\/comments?post=30723"}],"version-history":[{"count":2,"href":"https:\/\/topprixsarl.ch\/en\/wp-json\/wp\/v2\/product\/30723\/revisions"}],"predecessor-version":[{"id":32693,"href":"https:\/\/topprixsarl.ch\/en\/wp-json\/wp\/v2\/product\/30723\/revisions\/32693"}],"wp:featuredmedia":[{"embeddable":true,"href":"https:\/\/topprixsarl.ch\/en\/wp-json\/wp\/v2\/media\/30722"}],"wp:attachment":[{"href":"https:\/\/topprixsarl.ch\/en\/wp-json\/wp\/v2\/media?parent=30723"}],"wp:term":[{"taxonomy":"product_brand","embeddable":true,"href":"https:\/\/topprixsarl.ch\/en\/wp-json\/wp\/v2\/product_brand?post=30723"},{"taxonomy":"product_cat","embeddable":true,"href":"https:\/\/topprixsarl.ch\/en\/wp-json\/wp\/v2\/product_cat?post=30723"},{"taxonomy":"product_tag","embeddable":true,"href":"https:\/\/topprixsarl.ch\/en\/wp-json\/wp\/v2\/product_tag?post=30723"}],"curies":[{"name":"wp","href":"https:\/\/api.w.org\/{rel}","templated":true}]}}