{"id":30711,"date":"2026-01-09T14:05:20","date_gmt":"2026-01-09T14:05:20","guid":{"rendered":"https:\/\/topprixsarl.ch\/product\/cartouche-de-toner-brother-tn-245m-magenta\/"},"modified":"2026-01-14T14:20:13","modified_gmt":"2026-01-14T14:20:13","slug":"cartouche-de-toner-brother-tn-245m-magenta","status":"publish","type":"product","link":"https:\/\/topprixsarl.ch\/en\/product\/cartouche-de-toner-brother-tn-245m-magenta\/","title":{"rendered":"Brother TN-245M- magenta Toner Cartridge"},"content":{"rendered":"<p>R\u00e9pondez \u00e0 vos besoins en impression avec Brother. <\/p>\n<p>Vous pouvez vous offrir une technologie d&rsquo;impression innovante. Pourquoi ne pas utiliser les bons consommables ? <\/p>\n<p>Tirez le meilleur parti de votre imprimante avec les cartouches de toner Brother. Vous obtiendrez des documents pr\u00e9cis avec des bords nets et de magnifiques d\u00e9grad\u00e9s de couleurs. Que ce soit pour des photos, des graphiques ou des documents en couleur, cette cartouche magenta assure des r\u00e9sultats nets, pr\u00e9cis et d\u00e9taill\u00e9s. <\/p>\n<p>En choisissant ce produit de marque authentique et neuf, vous optez pour la qualit\u00e9 et la fiabilit\u00e9. <\/p>\n<p>+ Code fabricant : TN-245M<br \/> + Nombre d&rsquo;unit\u00e9s emball\u00e9es : 1<br \/> + Couleur : magenta<br \/> + Contenance : 664 g <\/p>\n<p>Profitez de notre service de r\u00e9approvisionnement automatique de vos consommables, pour un budget ma\u00eetris\u00e9 et une tranquillit\u00e9 assur\u00e9e ! <\/p>\n<p>Pensez \u00e0 d\u00e9poser vos cartouches usag\u00e9es dans le container pour qu&rsquo;elles puissent \u00eatre revaloris\u00e9es (r\u00e9f\u00e9rence : 2.157.879). Une vraie solution professionnelle dans votre quotidien. <\/p>\n<p>+ Garantie 2 ans<\/p>","protected":false},"excerpt":{"rendered":"<p>R\u00e9pondez \u00e0 vos besoins en impression avec Brother Vous pouvez vous offrir une technologie d&rsquo;impression innovante. Pourquoi ne pas utiliser les bons consommables ? Tirez le meilleur parti de votre imprimante avec les cartouches de toner Brother. Vous <\/p>","protected":false},"featured_media":30710,"comment_status":"open","ping_status":"closed","template":"","meta":[],"product_brand":[],"product_cat":[137],"product_tag":[],"class_list":{"0":"post-30711","1":"product","2":"type-product","3":"status-publish","4":"has-post-thumbnail","6":"product_cat-article-offic","8":"first","9":"instock","10":"shipping-taxable","11":"purchasable","12":"product-type-simple"},"_links":{"self":[{"href":"https:\/\/topprixsarl.ch\/en\/wp-json\/wp\/v2\/product\/30711","targetHints":{"allow":["GET"]}}],"collection":[{"href":"https:\/\/topprixsarl.ch\/en\/wp-json\/wp\/v2\/product"}],"about":[{"href":"https:\/\/topprixsarl.ch\/en\/wp-json\/wp\/v2\/types\/product"}],"replies":[{"embeddable":true,"href":"https:\/\/topprixsarl.ch\/en\/wp-json\/wp\/v2\/comments?post=30711"}],"version-history":[{"count":3,"href":"https:\/\/topprixsarl.ch\/en\/wp-json\/wp\/v2\/product\/30711\/revisions"}],"predecessor-version":[{"id":33306,"href":"https:\/\/topprixsarl.ch\/en\/wp-json\/wp\/v2\/product\/30711\/revisions\/33306"}],"wp:featuredmedia":[{"embeddable":true,"href":"https:\/\/topprixsarl.ch\/en\/wp-json\/wp\/v2\/media\/30710"}],"wp:attachment":[{"href":"https:\/\/topprixsarl.ch\/en\/wp-json\/wp\/v2\/media?parent=30711"}],"wp:term":[{"taxonomy":"product_brand","embeddable":true,"href":"https:\/\/topprixsarl.ch\/en\/wp-json\/wp\/v2\/product_brand?post=30711"},{"taxonomy":"product_cat","embeddable":true,"href":"https:\/\/topprixsarl.ch\/en\/wp-json\/wp\/v2\/product_cat?post=30711"},{"taxonomy":"product_tag","embeddable":true,"href":"https:\/\/topprixsarl.ch\/en\/wp-json\/wp\/v2\/product_tag?post=30711"}],"curies":[{"name":"wp","href":"https:\/\/api.w.org\/{rel}","templated":true}]}}