{"id":30709,"date":"2026-01-09T14:05:05","date_gmt":"2026-01-09T14:05:05","guid":{"rendered":"https:\/\/topprixsarl.ch\/product\/cartouche-de-toner-brother-tn-245c-cyan\/"},"modified":"2026-01-14T14:20:13","modified_gmt":"2026-01-14T14:20:13","slug":"cartouche-de-toner-brother-tn-245c-cyan","status":"publish","type":"product","link":"https:\/\/topprixsarl.ch\/en\/product\/cartouche-de-toner-brother-tn-245c-cyan\/","title":{"rendered":"Brother TN-245C Toner Cartridge- cyan"},"content":{"rendered":"<p>**Cartouche de toner Brother : des couleurs vives et \u00e9clatantes**<\/p>\n<p>Les cartouches de toner, v\u00e9ritables alli\u00e9es de l&rsquo;environnement de bureau d&rsquo;aujourd&rsquo;hui, sont un incontournable que l&rsquo;on ne saurait n\u00e9gliger. Avec Brother, vous faites de vos besoins quotidiens une \u0153uvre d&rsquo;art, o\u00f9 qualit\u00e9 et pr\u00e9cision sont au rendez-vous.<\/p>\n<p>La cartouche de couleur cyan est la solution id\u00e9ale pour une qualit\u00e9 d&rsquo;impression irr\u00e9prochable et des couleurs vives et \u00e9clatantes. En choisissant ce produit de marque authentique et neuf, vous optez pour la qualit\u00e9 et la fiabilit\u00e9.<\/p>\n<p>+ **Code fabricant :** TN-245C<br \/> + **Nombre d&rsquo;unit\u00e9s emball\u00e9es :** 1<br \/> + **Couleur :** cyan<br \/> + **Contenance :** 664 g <\/p>\n<p>Pour un budget ma\u00eetris\u00e9 et une tranquillit\u00e9 assur\u00e9e : profitez de notre service de r\u00e9approvisionnement automatique de vos consommables ! Toutes vos cartouches usag\u00e9es ont leur place dans le container (r\u00e9f\u00e9rence : 2.157.879).<\/p>\n<p>Ce produit va vous impressionner, commandez d\u00e8s \u00e0 pr\u00e9sent !<\/p>\n<p>> **Garantie 2 ans**<\/p>","protected":false},"excerpt":{"rendered":"<p>Cartouche de toner Brother : des couleurs vives et \u00e9clatantes Les cartouches de toner, v\u00e9ritables alli\u00e9es de l&rsquo;environnement de bureau d&rsquo;aujourd&rsquo;hui, sont un incontournable que l&rsquo;on ne saurait n\u00e9gliger. Avec Brother, vous faites de vos besoins quotid<\/p>","protected":false},"featured_media":30708,"comment_status":"open","ping_status":"closed","template":"","meta":[],"product_brand":[],"product_cat":[137],"product_tag":[],"class_list":{"0":"post-30709","1":"product","2":"type-product","3":"status-publish","4":"has-post-thumbnail","6":"product_cat-article-offic","8":"first","9":"instock","10":"shipping-taxable","11":"purchasable","12":"product-type-simple"},"_links":{"self":[{"href":"https:\/\/topprixsarl.ch\/en\/wp-json\/wp\/v2\/product\/30709","targetHints":{"allow":["GET"]}}],"collection":[{"href":"https:\/\/topprixsarl.ch\/en\/wp-json\/wp\/v2\/product"}],"about":[{"href":"https:\/\/topprixsarl.ch\/en\/wp-json\/wp\/v2\/types\/product"}],"replies":[{"embeddable":true,"href":"https:\/\/topprixsarl.ch\/en\/wp-json\/wp\/v2\/comments?post=30709"}],"version-history":[{"count":3,"href":"https:\/\/topprixsarl.ch\/en\/wp-json\/wp\/v2\/product\/30709\/revisions"}],"predecessor-version":[{"id":33307,"href":"https:\/\/topprixsarl.ch\/en\/wp-json\/wp\/v2\/product\/30709\/revisions\/33307"}],"wp:featuredmedia":[{"embeddable":true,"href":"https:\/\/topprixsarl.ch\/en\/wp-json\/wp\/v2\/media\/30708"}],"wp:attachment":[{"href":"https:\/\/topprixsarl.ch\/en\/wp-json\/wp\/v2\/media?parent=30709"}],"wp:term":[{"taxonomy":"product_brand","embeddable":true,"href":"https:\/\/topprixsarl.ch\/en\/wp-json\/wp\/v2\/product_brand?post=30709"},{"taxonomy":"product_cat","embeddable":true,"href":"https:\/\/topprixsarl.ch\/en\/wp-json\/wp\/v2\/product_cat?post=30709"},{"taxonomy":"product_tag","embeddable":true,"href":"https:\/\/topprixsarl.ch\/en\/wp-json\/wp\/v2\/product_tag?post=30709"}],"curies":[{"name":"wp","href":"https:\/\/api.w.org\/{rel}","templated":true}]}}