{"id":30707,"date":"2026-01-09T14:04:50","date_gmt":"2026-01-09T14:04:50","guid":{"rendered":"https:\/\/topprixsarl.ch\/product\/cartouche-de-toner-brother-tn-241bk-noire\/"},"modified":"2026-01-14T14:20:14","modified_gmt":"2026-01-14T14:20:14","slug":"cartouche-de-toner-brother-tn-241bk-noire","status":"publish","type":"product","link":"https:\/\/topprixsarl.ch\/en\/product\/cartouche-de-toner-brother-tn-241bk-noire\/","title":{"rendered":"Brother TN-241BK- black toner cartridge"},"content":{"rendered":"<p>**Cartouche de toner Brother : la solution id\u00e9ale pour votre imprimante**<\/p>\n<p>Les cartouches de toner sont les consommables qu&rsquo;il vous faut si vous recherchez une technologie d&rsquo;impression innovante. Tirez le meilleur parti de votre imprimante avec Brother ! Vous obtiendrez des documents pr\u00e9cis avec des bords nets. <\/p>\n<p>Gr\u00e2ce \u00e0 l&rsquo;encre noire de qualit\u00e9 sup\u00e9rieure et \u00e0 la technologie avanc\u00e9e de Brother, vos tirages artistiques et vos photographies en noir et blanc seront parfaits. <\/p>\n<p>Il s&rsquo;agit d&rsquo;un produit de marque authentique, neuf, qui vous s\u00e9duira par sa grande qualit\u00e9. <\/p>\n<p>**Caract\u00e9ristiques :**<\/p>\n<p>+ **Code fabricant :** TN-241BK<br \/> + **Nombre d&rsquo;unit\u00e9s emball\u00e9es :** 1<br \/> + **Couleur :** noir<br \/> + **Contenance :** 664 g <\/p>\n<p>Gardez votre budget sous contr\u00f4le et profitez d&rsquo;une tranquillit\u00e9 d&rsquo;esprit gr\u00e2ce \u00e0 notre service de r\u00e9approvisionnement automatique de vos consommables ! <\/p>\n<p>En fin de vie, vos cartouches ont encore une utilit\u00e9 : d\u00e9posez-les dans le container (r\u00e9f\u00e9rence : 2.157.879). <\/p>\n<p>Passez votre commande d\u00e8s maintenant ! <\/p>\n<p>> **Garantie 2 ans**<\/p>","protected":false},"excerpt":{"rendered":"<p>Cartouche de toner Brother : la solution id\u00e9ale pour votre imprimante Les cartouches de toner sont les consommables qu&rsquo;il vous faut si vous recherchez une technologie d&rsquo;impression innovante. Tirez le meilleur parti de votre imprimante avec Brother ! <\/p>","protected":false},"featured_media":30706,"comment_status":"open","ping_status":"closed","template":"","meta":[],"product_brand":[],"product_cat":[137],"product_tag":[],"class_list":{"0":"post-30707","1":"product","2":"type-product","3":"status-publish","4":"has-post-thumbnail","6":"product_cat-article-offic","8":"first","9":"instock","10":"shipping-taxable","11":"purchasable","12":"product-type-simple"},"_links":{"self":[{"href":"https:\/\/topprixsarl.ch\/en\/wp-json\/wp\/v2\/product\/30707","targetHints":{"allow":["GET"]}}],"collection":[{"href":"https:\/\/topprixsarl.ch\/en\/wp-json\/wp\/v2\/product"}],"about":[{"href":"https:\/\/topprixsarl.ch\/en\/wp-json\/wp\/v2\/types\/product"}],"replies":[{"embeddable":true,"href":"https:\/\/topprixsarl.ch\/en\/wp-json\/wp\/v2\/comments?post=30707"}],"version-history":[{"count":3,"href":"https:\/\/topprixsarl.ch\/en\/wp-json\/wp\/v2\/product\/30707\/revisions"}],"predecessor-version":[{"id":33308,"href":"https:\/\/topprixsarl.ch\/en\/wp-json\/wp\/v2\/product\/30707\/revisions\/33308"}],"wp:featuredmedia":[{"embeddable":true,"href":"https:\/\/topprixsarl.ch\/en\/wp-json\/wp\/v2\/media\/30706"}],"wp:attachment":[{"href":"https:\/\/topprixsarl.ch\/en\/wp-json\/wp\/v2\/media?parent=30707"}],"wp:term":[{"taxonomy":"product_brand","embeddable":true,"href":"https:\/\/topprixsarl.ch\/en\/wp-json\/wp\/v2\/product_brand?post=30707"},{"taxonomy":"product_cat","embeddable":true,"href":"https:\/\/topprixsarl.ch\/en\/wp-json\/wp\/v2\/product_cat?post=30707"},{"taxonomy":"product_tag","embeddable":true,"href":"https:\/\/topprixsarl.ch\/en\/wp-json\/wp\/v2\/product_tag?post=30707"}],"curies":[{"name":"wp","href":"https:\/\/api.w.org\/{rel}","templated":true}]}}