{"id":30703,"date":"2026-01-09T14:04:20","date_gmt":"2026-01-09T14:04:20","guid":{"rendered":"https:\/\/topprixsarl.ch\/product\/aimant-berec-rond-30-mm-vert-paq-10-unites\/"},"modified":"2026-01-14T14:20:14","modified_gmt":"2026-01-14T14:20:14","slug":"aimant-berec-rond-30-mm-vert-paq-10-unites","status":"publish","type":"product","link":"https:\/\/topprixsarl.ch\/en\/product-2\/aimant-berec-rond-30-mm-vert-paq-10-unites\/","title":{"rendered":"Magnet Berec, round, 30 mm, green, pack. 10 pcs."},"content":{"rendered":"<p>Une bonne organisation et c&rsquo;est d\u00e9j\u00e0 la moiti\u00e9 de fait. <\/p>\n<p>Vous cherchez des aimants avec lesquels vous pouvez fixer temporairement des documents importants? Les aimants de la marque Berec vous permettent de mieux vous organiser. <\/p>\n<p>+ **Durabilit\u00e9 renforc\u00e9e** : La fonctionnalit\u00e9 du produit en terme de durabilit\u00e9 est renforc\u00e9e par un assemblage de mat\u00e9riaux en m\u00e9tal et plastique. <\/p>\n<p>+ **Visibilit\u00e9** : La couleur verte utilis\u00e9e ici est vive et parfaitement visible. Ainsi, elle vous aide \u00e0 garder une bonne vue d&rsquo;ensemble. <\/p>\n<p>+ **Design harmonieux** : La forme ronde des aimants est sans aucun doute harmonieuse. <\/p>\n<p>+ **Dimensions pratiques** : Avec un diam\u00e8tre de 30 mm, ils trouvent leur place dans n&rsquo;importe quel tiroir. <\/p>\n<p>+ **Quantit\u00e9** : Il y a dix articles dans chaque paquet. <\/p>\n<p>Avec les aimants de la marque Berec, vous cr\u00e9ez de l&rsquo;ordre. Placez les documents importants \u00e0 un endroit bien visible et \u00e9chappez ainsi au d\u00e9sordre!*<\/p>","protected":false},"excerpt":{"rendered":"<p>Une bonne organisation et c&rsquo;est d\u00e9j\u00e0 la moiti\u00e9 de fait Vous cherchez des aimants avec lesquels vous pouvez fixer temporairement des documents importants? Les aimants de la marque Berec vous permettent de mieux vous organiser. La fonctionnalit\u00e9 du pro<\/p>","protected":false},"featured_media":30702,"comment_status":"open","ping_status":"closed","template":"","meta":[],"product_brand":[],"product_cat":[137],"product_tag":[],"class_list":{"0":"post-30703","1":"product","2":"type-product","3":"status-publish","4":"has-post-thumbnail","6":"product_cat-papier","8":"first","9":"instock","10":"shipping-taxable","11":"purchasable","12":"product-type-simple"},"_links":{"self":[{"href":"https:\/\/topprixsarl.ch\/en\/wp-json\/wp\/v2\/product\/30703","targetHints":{"allow":["GET"]}}],"collection":[{"href":"https:\/\/topprixsarl.ch\/en\/wp-json\/wp\/v2\/product"}],"about":[{"href":"https:\/\/topprixsarl.ch\/en\/wp-json\/wp\/v2\/types\/product"}],"replies":[{"embeddable":true,"href":"https:\/\/topprixsarl.ch\/en\/wp-json\/wp\/v2\/comments?post=30703"}],"version-history":[{"count":2,"href":"https:\/\/topprixsarl.ch\/en\/wp-json\/wp\/v2\/product\/30703\/revisions"}],"predecessor-version":[{"id":32683,"href":"https:\/\/topprixsarl.ch\/en\/wp-json\/wp\/v2\/product\/30703\/revisions\/32683"}],"wp:featuredmedia":[{"embeddable":true,"href":"https:\/\/topprixsarl.ch\/en\/wp-json\/wp\/v2\/media\/30702"}],"wp:attachment":[{"href":"https:\/\/topprixsarl.ch\/en\/wp-json\/wp\/v2\/media?parent=30703"}],"wp:term":[{"taxonomy":"product_brand","embeddable":true,"href":"https:\/\/topprixsarl.ch\/en\/wp-json\/wp\/v2\/product_brand?post=30703"},{"taxonomy":"product_cat","embeddable":true,"href":"https:\/\/topprixsarl.ch\/en\/wp-json\/wp\/v2\/product_cat?post=30703"},{"taxonomy":"product_tag","embeddable":true,"href":"https:\/\/topprixsarl.ch\/en\/wp-json\/wp\/v2\/product_tag?post=30703"}],"curies":[{"name":"wp","href":"https:\/\/api.w.org\/{rel}","templated":true}]}}