{"id":30701,"date":"2026-01-09T14:04:07","date_gmt":"2026-01-09T14:04:07","guid":{"rendered":"https:\/\/topprixsarl.ch\/product\/aimants-berec-ronds-avec-capuchon-en-plastique-o-30-mm-bleu-emb-de-10-pcs\/"},"modified":"2026-01-14T14:20:14","modified_gmt":"2026-01-14T14:20:14","slug":"aimants-berec-ronds-avec-capuchon-en-plastique-o-30-mm-bleu-emb-de-10-pcs","status":"publish","type":"product","link":"https:\/\/topprixsarl.ch\/en\/product-2\/aimants-berec-ronds-avec-capuchon-en-plastique-o-30-mm-bleu-emb-de-10-pcs\/","title":{"rendered":"Aimants Berec, ronds avec capuchon en plastique, \u00f8 30 mm, bleu, emb. de 10 pcs"},"content":{"rendered":"<p>Avec une organisation convaincante, le travail est presque termin\u00e9. Vous \u00e9garez sans cesse des billets de concert ou de th\u00e9\u00e2tre. L&#8217;emploi du temps de votre enfant est introuvable et la liste des courses n&rsquo;a pas encore de place attitr\u00e9e? <\/p>\n<p>Gr\u00e2ce aux aimants de la marque Berec, vous pouvez facilement fixer des documents importants \u00e0 des endroits bien visibles. <\/p>\n<p>+ M\u00e9lange de mat\u00e9riaux en m\u00e9tal et plastique pour une durabilit\u00e9 accrue<br \/>\n+ Couleur bleu vive qui attire rapidement l&rsquo;attention<br \/>\n+ Forme ronde douce et harmonieuse<br \/>\n+ Diam\u00e8tre pratique de 30 mm, assurant une large gamme d&rsquo;applications<br \/>\n+ Chaque paquet contient dix articles au total  <\/p>\n<p>Ayez toujours un \u0153il sur les documents importants, les cartes postales ou les beaux souvenirs: gr\u00e2ce aux aimants puissants et \u00e9l\u00e9gants de la marque Berec, vous pouvez faire en sorte d&rsquo;avoir une bonne vue d&rsquo;ensemble. <\/p>\n<p>Luttez contre le chaos et vous profiterez d&rsquo;un bureau bien rang\u00e9.<\/p>","protected":false},"excerpt":{"rendered":"<p>Avec une organisation convaincante, le travail est presque termin\u00e9 Vous \u00e9garez sans cesse des billets de concert ou de th\u00e9\u00e2tre. L&#8217;emploi du temps de votre enfant est introuvable et la liste des courses n&rsquo;a pas encore de place attitr\u00e9e? Gr\u00e2ce aux aima<\/p>","protected":false},"featured_media":30700,"comment_status":"open","ping_status":"closed","template":"","meta":[],"product_brand":[],"product_cat":[142],"product_tag":[],"class_list":{"0":"post-30701","1":"product","2":"type-product","3":"status-publish","4":"has-post-thumbnail","6":"product_cat-entretien","8":"first","9":"instock","10":"shipping-taxable","11":"purchasable","12":"product-type-simple"},"_links":{"self":[{"href":"https:\/\/topprixsarl.ch\/en\/wp-json\/wp\/v2\/product\/30701","targetHints":{"allow":["GET"]}}],"collection":[{"href":"https:\/\/topprixsarl.ch\/en\/wp-json\/wp\/v2\/product"}],"about":[{"href":"https:\/\/topprixsarl.ch\/en\/wp-json\/wp\/v2\/types\/product"}],"replies":[{"embeddable":true,"href":"https:\/\/topprixsarl.ch\/en\/wp-json\/wp\/v2\/comments?post=30701"}],"version-history":[{"count":2,"href":"https:\/\/topprixsarl.ch\/en\/wp-json\/wp\/v2\/product\/30701\/revisions"}],"predecessor-version":[{"id":32682,"href":"https:\/\/topprixsarl.ch\/en\/wp-json\/wp\/v2\/product\/30701\/revisions\/32682"}],"wp:featuredmedia":[{"embeddable":true,"href":"https:\/\/topprixsarl.ch\/en\/wp-json\/wp\/v2\/media\/30700"}],"wp:attachment":[{"href":"https:\/\/topprixsarl.ch\/en\/wp-json\/wp\/v2\/media?parent=30701"}],"wp:term":[{"taxonomy":"product_brand","embeddable":true,"href":"https:\/\/topprixsarl.ch\/en\/wp-json\/wp\/v2\/product_brand?post=30701"},{"taxonomy":"product_cat","embeddable":true,"href":"https:\/\/topprixsarl.ch\/en\/wp-json\/wp\/v2\/product_cat?post=30701"},{"taxonomy":"product_tag","embeddable":true,"href":"https:\/\/topprixsarl.ch\/en\/wp-json\/wp\/v2\/product_tag?post=30701"}],"curies":[{"name":"wp","href":"https:\/\/api.w.org\/{rel}","templated":true}]}}