{"id":30691,"date":"2026-01-09T14:02:51","date_gmt":"2026-01-09T14:02:51","guid":{"rendered":"https:\/\/topprixsarl.ch\/product\/box-de-recyclage-brieger-372x247x300-mm-brun\/"},"modified":"2026-01-14T14:20:14","modified_gmt":"2026-01-14T14:20:14","slug":"box-de-recyclage-brieger-372x247x300-mm-brun","status":"publish","type":"product","link":"https:\/\/topprixsarl.ch\/en\/product-2\/box-de-recyclage-brieger-372x247x300-mm-brun\/","title":{"rendered":"Brieger recycling box, 372x247x300 mm, brown"},"content":{"rendered":"<p>Recycler, c&rsquo;est facile! Cette bo\u00eete Brieger a \u00e9t\u00e9 con\u00e7ue dans un seul but: vous encourager \u00e0 recycler. <\/p>\n<p>Gr\u00e2ce \u00e0 son \u00e9tiquetage visible, il permet de trier parfaitement toutes sortes de vieux papiers. Il n&rsquo;y a pas de rabats sup\u00e9rieurs, vous n&rsquo;aurez donc aucun mal \u00e0 jeter d&rsquo;anciens documents, pr\u00e9sentations ou d\u00e9pliants. <\/p>\n<p>La c\u00e9l\u00e8bre soci\u00e9t\u00e9 suisse Brieger propose une large gamme de fournitures de bureau \u00e9cologiques et cette bo\u00eete de recyclage ne fait pas exception. <\/p>\n<p>+ Compos\u00e9e de 70% de mat\u00e9riaux recycl\u00e9s et 100% recyclable, c&rsquo;est un r\u00e9el atout si vous voulez vous d\u00e9barrasser de d\u00e9chets de papier tout en respectant la plan\u00e8te. <\/p>\n<p>+ Ne gaspillez pas le papier &#8211; recyclez-le!<\/p>","protected":false},"excerpt":{"rendered":"<p>Recycler, c&rsquo;est facile! Cette bo\u00eete Brieger a \u00e9t\u00e9 con\u00e7ue dans un seul but: vous encourager \u00e0 recycler. Gr\u00e2ce \u00e0 son \u00e9tiquetage visible, il permet de trier parfaitement toutes sortes de vieux papiers. Il n&rsquo;y a pas de rabats sup\u00e9rieurs, vous n&rsquo;aurez don<\/p>","protected":false},"featured_media":30690,"comment_status":"open","ping_status":"closed","template":"","meta":[],"product_brand":[],"product_cat":[137],"product_tag":[],"class_list":{"0":"post-30691","1":"product","2":"type-product","3":"status-publish","4":"has-post-thumbnail","6":"product_cat-papier","8":"first","9":"instock","10":"shipping-taxable","11":"purchasable","12":"product-type-simple"},"_links":{"self":[{"href":"https:\/\/topprixsarl.ch\/en\/wp-json\/wp\/v2\/product\/30691","targetHints":{"allow":["GET"]}}],"collection":[{"href":"https:\/\/topprixsarl.ch\/en\/wp-json\/wp\/v2\/product"}],"about":[{"href":"https:\/\/topprixsarl.ch\/en\/wp-json\/wp\/v2\/types\/product"}],"replies":[{"embeddable":true,"href":"https:\/\/topprixsarl.ch\/en\/wp-json\/wp\/v2\/comments?post=30691"}],"version-history":[{"count":2,"href":"https:\/\/topprixsarl.ch\/en\/wp-json\/wp\/v2\/product\/30691\/revisions"}],"predecessor-version":[{"id":32677,"href":"https:\/\/topprixsarl.ch\/en\/wp-json\/wp\/v2\/product\/30691\/revisions\/32677"}],"wp:featuredmedia":[{"embeddable":true,"href":"https:\/\/topprixsarl.ch\/en\/wp-json\/wp\/v2\/media\/30690"}],"wp:attachment":[{"href":"https:\/\/topprixsarl.ch\/en\/wp-json\/wp\/v2\/media?parent=30691"}],"wp:term":[{"taxonomy":"product_brand","embeddable":true,"href":"https:\/\/topprixsarl.ch\/en\/wp-json\/wp\/v2\/product_brand?post=30691"},{"taxonomy":"product_cat","embeddable":true,"href":"https:\/\/topprixsarl.ch\/en\/wp-json\/wp\/v2\/product_cat?post=30691"},{"taxonomy":"product_tag","embeddable":true,"href":"https:\/\/topprixsarl.ch\/en\/wp-json\/wp\/v2\/product_tag?post=30691"}],"curies":[{"name":"wp","href":"https:\/\/api.w.org\/{rel}","templated":true}]}}