{"id":30687,"date":"2026-01-09T14:02:05","date_gmt":"2026-01-09T14:02:05","guid":{"rendered":"https:\/\/topprixsarl.ch\/product\/nettoyant-multi-usages-citron-bidon-de-5-l\/"},"modified":"2026-01-14T14:20:15","modified_gmt":"2026-01-14T14:20:15","slug":"nettoyant-multi-usages-citron-bidon-de-5-l","status":"publish","type":"product","link":"https:\/\/topprixsarl.ch\/en\/product-2\/nettoyant-multi-usages-citron-bidon-de-5-l\/","title":{"rendered":"Nettoyant multi-usages- citron- bidon de 5 L"},"content":{"rendered":"<p>Un bureau propre, une plan\u00e8te propre<\/p>\n<p>Il est donc temps de nettoyer la maison ou le bureau. Pour \u00e9liminer germes et bact\u00e9ries, vous devez nettoyer \u00e0 fond les tables et surfaces de travail, jusqu&rsquo;\u00e0 ce qu&rsquo;elles brillent. La t\u00e2che est rapide, vous vous asseyez et admirez votre travail. Votre maison est propre, contrairement \u00e0 notre plan\u00e8te : le d\u00e9tergent et ses actifs chimiques puissants sont efficaces, mais malheureusement, nocifs pour la nature. <\/p>\n<p>Ce n\u2019est pas une fatalit\u00e9 si vous utilisez un nettoyant polyvalent \u00e9cologique. <\/p>\n<p>+ D\u00e9tergent \u00e9cologique id\u00e9al pour nettoyer toutes les surfaces : carrelage, comptoirs, surfaces en bois, en plastique ou en verre. <\/p>\n<p>Un seul d\u00e9tergent suffit donc pour tout le bureau. Gr\u00e2ce \u00e0 sa formule efficace, une petite quantit\u00e9 suffit pour nettoyer une grande surface. Une bouteille de cinq litres suffit donc pour longtemps. <\/p>\n<p>+ Surfaces brillantes et l\u00e9ger ar\u00f4me de citron frais dans l&rsquo;air, un plaisir pour les yeux et le nez. <\/p>\n<p>Ce d\u00e9tergent porte un label \u00e9cologique de l\u2019UE, preuve de son respect de l&rsquo;environnement. <\/p>\n<p>+ Compos\u00e9 d&rsquo;ingr\u00e9dients v\u00e9g\u00e9taux et min\u00e9raux, biod\u00e9gradables, ayant un faible impact sur les cours d&rsquo;eau. <\/p>\n<p>Pensez \u00e0 la propret\u00e9 de toute la plan\u00e8te, pas seulement \u00e0 celle de votre bureau ! <\/p>\n<p>Produit dangereux. Respecter les pr\u00e9cautions d\u2019emploi indiqu\u00e9es sur la fiche de donn\u00e9es de s\u00e9curit\u00e9*.<\/p>","protected":false},"excerpt":{"rendered":"<p>Un bureau propre, une plan\u00e8te propre Il est donc temps de nettoyer la maison ou le bureau. Pour \u00e9liminer germes et bact\u00e9ries, vous devez nettoyer \u00e0 fond les tables et surfaces de travail, jusqu&rsquo;\u00e0 ce qu&rsquo;elles brillent. La t\u00e2che est rapide, vous vous a<\/p>","protected":false},"featured_media":30686,"comment_status":"open","ping_status":"closed","template":"","meta":[],"product_brand":[],"product_cat":[143],"product_tag":[],"class_list":{"0":"post-30687","1":"product","2":"type-product","3":"status-publish","4":"has-post-thumbnail","6":"product_cat-nettoyage","8":"first","9":"instock","10":"shipping-taxable","11":"purchasable","12":"product-type-simple"},"_links":{"self":[{"href":"https:\/\/topprixsarl.ch\/en\/wp-json\/wp\/v2\/product\/30687","targetHints":{"allow":["GET"]}}],"collection":[{"href":"https:\/\/topprixsarl.ch\/en\/wp-json\/wp\/v2\/product"}],"about":[{"href":"https:\/\/topprixsarl.ch\/en\/wp-json\/wp\/v2\/types\/product"}],"replies":[{"embeddable":true,"href":"https:\/\/topprixsarl.ch\/en\/wp-json\/wp\/v2\/comments?post=30687"}],"version-history":[{"count":3,"href":"https:\/\/topprixsarl.ch\/en\/wp-json\/wp\/v2\/product\/30687\/revisions"}],"predecessor-version":[{"id":33309,"href":"https:\/\/topprixsarl.ch\/en\/wp-json\/wp\/v2\/product\/30687\/revisions\/33309"}],"wp:featuredmedia":[{"embeddable":true,"href":"https:\/\/topprixsarl.ch\/en\/wp-json\/wp\/v2\/media\/30686"}],"wp:attachment":[{"href":"https:\/\/topprixsarl.ch\/en\/wp-json\/wp\/v2\/media?parent=30687"}],"wp:term":[{"taxonomy":"product_brand","embeddable":true,"href":"https:\/\/topprixsarl.ch\/en\/wp-json\/wp\/v2\/product_brand?post=30687"},{"taxonomy":"product_cat","embeddable":true,"href":"https:\/\/topprixsarl.ch\/en\/wp-json\/wp\/v2\/product_cat?post=30687"},{"taxonomy":"product_tag","embeddable":true,"href":"https:\/\/topprixsarl.ch\/en\/wp-json\/wp\/v2\/product_tag?post=30687"}],"curies":[{"name":"wp","href":"https:\/\/api.w.org\/{rel}","templated":true}]}}