{"id":30683,"date":"2026-01-09T14:01:35","date_gmt":"2026-01-09T14:01:35","guid":{"rendered":"https:\/\/topprixsarl.ch\/product\/bloque-porte-alba-elastomere-metal\/"},"modified":"2026-01-14T14:20:15","modified_gmt":"2026-01-14T14:20:15","slug":"bloque-porte-alba-elastomere-metal","status":"publish","type":"product","link":"https:\/\/topprixsarl.ch\/en\/product-2\/bloque-porte-alba-elastomere-metal\/","title":{"rendered":"Alba door stopper - elastomer - metal"},"content":{"rendered":"<p>Et aucune porte ne sera ferm\u00e9e. <\/p>\n<p>Pour a\u00e9rer une pi\u00e8ce ou apporter des objets encombrants comme des meubles, vous devez garder la porte ouverte ou la tirer \u00e0 plusieurs reprises. Si vous en avez assez d\u2019utiliser des m\u00e9thodes peu fiables, cet arr\u00eat de porte sp\u00e9cial r\u00e9pondra \u00e0 vos attentes. <\/p>\n<p>+ L&rsquo;arr\u00eat de porte Alba maintient efficacement toutes les portes ouvertes. <\/p>\n<p>Gr\u00e2ce \u00e0 sa conception ronde originale, il n&rsquo;endommagera pas et n&rsquo;\u00e9gratignera pas les surfaces. <\/p>\n<p>+ La base lest\u00e9e et la semelle antid\u00e9rapante permettront une bonne stabilit\u00e9. <\/p>\n<p>La partie sup\u00e9rieure est munie d&rsquo;un deuxi\u00e8me anneau en \u00e9lastom\u00e8re qui entoure la but\u00e9e de porte pour plus de protection. <\/p>\n<p>+ Gr\u00e2ce \u00e0 son design moderne, cette but\u00e9e de porte en acier s&rsquo;int\u00e8gre parfaitement dans tout bureau. <\/p>\n<p>Arr\u00eat de porte fiable!<\/p>","protected":false},"excerpt":{"rendered":"<p>Et aucune porte ne sera ferm\u00e9e Pour a\u00e9rer une pi\u00e8ce ou apporter des objets encombrants comme des meubles, vous devez garder la porte ouverte ou la tirer \u00e0 plusieurs reprises. Si vous en avez assez d\u2019utiliser des m\u00e9thodes peu fiables, cet arr\u00eat de por<\/p>","protected":false},"featured_media":30682,"comment_status":"open","ping_status":"closed","template":"","meta":[],"product_brand":[],"product_cat":[142],"product_tag":[],"class_list":{"0":"post-30683","1":"product","2":"type-product","3":"status-publish","4":"has-post-thumbnail","6":"product_cat-entretien","8":"first","9":"instock","10":"shipping-taxable","11":"purchasable","12":"product-type-simple"},"_links":{"self":[{"href":"https:\/\/topprixsarl.ch\/en\/wp-json\/wp\/v2\/product\/30683","targetHints":{"allow":["GET"]}}],"collection":[{"href":"https:\/\/topprixsarl.ch\/en\/wp-json\/wp\/v2\/product"}],"about":[{"href":"https:\/\/topprixsarl.ch\/en\/wp-json\/wp\/v2\/types\/product"}],"replies":[{"embeddable":true,"href":"https:\/\/topprixsarl.ch\/en\/wp-json\/wp\/v2\/comments?post=30683"}],"version-history":[{"count":2,"href":"https:\/\/topprixsarl.ch\/en\/wp-json\/wp\/v2\/product\/30683\/revisions"}],"predecessor-version":[{"id":32671,"href":"https:\/\/topprixsarl.ch\/en\/wp-json\/wp\/v2\/product\/30683\/revisions\/32671"}],"wp:featuredmedia":[{"embeddable":true,"href":"https:\/\/topprixsarl.ch\/en\/wp-json\/wp\/v2\/media\/30682"}],"wp:attachment":[{"href":"https:\/\/topprixsarl.ch\/en\/wp-json\/wp\/v2\/media?parent=30683"}],"wp:term":[{"taxonomy":"product_brand","embeddable":true,"href":"https:\/\/topprixsarl.ch\/en\/wp-json\/wp\/v2\/product_brand?post=30683"},{"taxonomy":"product_cat","embeddable":true,"href":"https:\/\/topprixsarl.ch\/en\/wp-json\/wp\/v2\/product_cat?post=30683"},{"taxonomy":"product_tag","embeddable":true,"href":"https:\/\/topprixsarl.ch\/en\/wp-json\/wp\/v2\/product_tag?post=30683"}],"curies":[{"name":"wp","href":"https:\/\/api.w.org\/{rel}","templated":true}]}}