{"id":30673,"date":"2026-01-09T14:00:21","date_gmt":"2026-01-09T14:00:21","guid":{"rendered":"https:\/\/topprixsarl.ch\/product\/cartouche-de-toner-hp-131a-cf213a-magenta\/"},"modified":"2026-01-14T14:20:15","modified_gmt":"2026-01-14T14:20:15","slug":"cartouche-de-toner-hp-131a-cf213a-magenta","status":"publish","type":"product","link":"https:\/\/topprixsarl.ch\/en\/product\/cartouche-de-toner-hp-131a-cf213a-magenta\/","title":{"rendered":"Cartouche de toner HP 131A &#8211; CF213A &#8211; magenta"},"content":{"rendered":"<p>Mettez vos impressions en valeur avec HP. <\/p>\n<p>Vous pouvez vous offrir une technologie d&rsquo;impression innovante. Pourquoi ne pas utiliser les bons consommables ? <\/p>\n<p>Tirez le meilleur parti de votre imprimante avec les cartouches de toner HP. Vous obtiendrez des documents pr\u00e9cis avec des bords nets et de magnifiques d\u00e9grad\u00e9s de couleurs. <\/p>\n<p>Cette cartouche de couleur magenta est parfaite pour toutes vos impressions en couleur. Il s&rsquo;agit d&rsquo;un produit de marque authentique, neuf, qui vous s\u00e9duira par sa grande qualit\u00e9. <\/p>\n<p>+ Code fabricant : CF213A<br \/>\n+ Nombre d&rsquo;unit\u00e9s emball\u00e9es : 1<br \/>\n+ Couleur : magenta  <\/p>\n<p>Notre service de r\u00e9approvisionnement automatique de vos consommables vous permettra de mieux g\u00e9rer votre budget et de vous assurer une plus grande tranquillit\u00e9 d&rsquo;esprit. <\/p>\n<p>Nous r\u00e9cup\u00e9rons et revalorisons les cartouches usag\u00e9es gr\u00e2ce \u00e0 notre container de r\u00e9cup\u00e9ration (r\u00e9f\u00e9rence : 2.157.879). <\/p>\n<p>N&rsquo;attendez plus, commandez d\u00e8s \u00e0 pr\u00e9sent ! <\/p>\n<p>+ Garantie 2 ans<\/p>","protected":false},"excerpt":{"rendered":"<p>Mettez vos impressions en valeur avec HP Vous pouvez vous offrir une technologie d&rsquo;impression innovante. Pourquoi ne pas utiliser les bons consommables ? Tirez le meilleur parti de votre imprimante avec les cartouches de toner HP. Vous obtiendrez des<\/p>","protected":false},"featured_media":30672,"comment_status":"open","ping_status":"closed","template":"","meta":[],"product_brand":[],"product_cat":[137],"product_tag":[],"class_list":{"0":"post-30673","1":"product","2":"type-product","3":"status-publish","4":"has-post-thumbnail","6":"product_cat-article-offic","8":"first","9":"instock","10":"shipping-taxable","11":"purchasable","12":"product-type-simple"},"_links":{"self":[{"href":"https:\/\/topprixsarl.ch\/en\/wp-json\/wp\/v2\/product\/30673","targetHints":{"allow":["GET"]}}],"collection":[{"href":"https:\/\/topprixsarl.ch\/en\/wp-json\/wp\/v2\/product"}],"about":[{"href":"https:\/\/topprixsarl.ch\/en\/wp-json\/wp\/v2\/types\/product"}],"replies":[{"embeddable":true,"href":"https:\/\/topprixsarl.ch\/en\/wp-json\/wp\/v2\/comments?post=30673"}],"version-history":[{"count":2,"href":"https:\/\/topprixsarl.ch\/en\/wp-json\/wp\/v2\/product\/30673\/revisions"}],"predecessor-version":[{"id":32666,"href":"https:\/\/topprixsarl.ch\/en\/wp-json\/wp\/v2\/product\/30673\/revisions\/32666"}],"wp:featuredmedia":[{"embeddable":true,"href":"https:\/\/topprixsarl.ch\/en\/wp-json\/wp\/v2\/media\/30672"}],"wp:attachment":[{"href":"https:\/\/topprixsarl.ch\/en\/wp-json\/wp\/v2\/media?parent=30673"}],"wp:term":[{"taxonomy":"product_brand","embeddable":true,"href":"https:\/\/topprixsarl.ch\/en\/wp-json\/wp\/v2\/product_brand?post=30673"},{"taxonomy":"product_cat","embeddable":true,"href":"https:\/\/topprixsarl.ch\/en\/wp-json\/wp\/v2\/product_cat?post=30673"},{"taxonomy":"product_tag","embeddable":true,"href":"https:\/\/topprixsarl.ch\/en\/wp-json\/wp\/v2\/product_tag?post=30673"}],"curies":[{"name":"wp","href":"https:\/\/api.w.org\/{rel}","templated":true}]}}