{"id":30671,"date":"2026-01-09T14:00:06","date_gmt":"2026-01-09T14:00:06","guid":{"rendered":"https:\/\/topprixsarl.ch\/product\/cartouche-de-toner-hp-131a-cf212a-jaune\/"},"modified":"2026-01-14T14:20:15","modified_gmt":"2026-01-14T14:20:15","slug":"cartouche-de-toner-hp-131a-cf212a-jaune","status":"publish","type":"product","link":"https:\/\/topprixsarl.ch\/en\/product\/cartouche-de-toner-hp-131a-cf212a-jaune\/","title":{"rendered":"Cartouche de toner HP 131A- CF212A- jaune"},"content":{"rendered":"<p>**Cartouche de toner HP : des couleurs vives et \u00e9clatantes**<\/p>\n<p>En vous offrant une technologie d&rsquo;impression de pointe, vous faites le choix de la qualit\u00e9. Les cartouches de toner HP sont les consommables id\u00e9aux pour votre imprimante. Elles vous permettent d&rsquo;obtenir des documents pr\u00e9cis aux bords nets.<\/p>\n<p>Cette cartouche de couleur jaune est parfaite pour toutes vos impressions en couleur. En choisissant ce produit de marque authentique et neuf, vous optez pour la qualit\u00e9 et la fiabilit\u00e9.<\/p>\n<p>+ Code fabricant : CF213A<br \/> + Nombre d&rsquo;unit\u00e9s emball\u00e9es : 1<br \/> + Couleur : jaune <\/p>\n<p>Notre service de r\u00e9approvisionnement automatique est la solution id\u00e9ale pour mieux g\u00e9rer votre budget et vous assurer une tranquillit\u00e9 d&rsquo;esprit. Pensez \u00e0 d\u00e9poser vos cartouches usag\u00e9es dans le container pour qu&rsquo;elles puissent \u00eatre revaloris\u00e9es (r\u00e9f\u00e9rence : 2.157.879). Une vraie solution professionnelle dans votre quotidien.<\/p>\n<p>+ Garantie 2 ans*<\/p>","protected":false},"excerpt":{"rendered":"<p>Cartouche de toner HP : des couleurs vives et \u00e9clatantes En vous offrant une technologie d&rsquo;impression de pointe, vous faites le choix de la qualit\u00e9. Les cartouches de toner HP sont les consommables id\u00e9aux pour votre imprimante. Ils vous permettent d&rsquo;<\/p>","protected":false},"featured_media":30670,"comment_status":"open","ping_status":"closed","template":"","meta":[],"product_brand":[],"product_cat":[137],"product_tag":[],"class_list":{"0":"post-30671","1":"product","2":"type-product","3":"status-publish","4":"has-post-thumbnail","6":"product_cat-article-offic","8":"first","9":"instock","10":"shipping-taxable","11":"purchasable","12":"product-type-simple"},"_links":{"self":[{"href":"https:\/\/topprixsarl.ch\/en\/wp-json\/wp\/v2\/product\/30671","targetHints":{"allow":["GET"]}}],"collection":[{"href":"https:\/\/topprixsarl.ch\/en\/wp-json\/wp\/v2\/product"}],"about":[{"href":"https:\/\/topprixsarl.ch\/en\/wp-json\/wp\/v2\/types\/product"}],"replies":[{"embeddable":true,"href":"https:\/\/topprixsarl.ch\/en\/wp-json\/wp\/v2\/comments?post=30671"}],"version-history":[{"count":3,"href":"https:\/\/topprixsarl.ch\/en\/wp-json\/wp\/v2\/product\/30671\/revisions"}],"predecessor-version":[{"id":33310,"href":"https:\/\/topprixsarl.ch\/en\/wp-json\/wp\/v2\/product\/30671\/revisions\/33310"}],"wp:featuredmedia":[{"embeddable":true,"href":"https:\/\/topprixsarl.ch\/en\/wp-json\/wp\/v2\/media\/30670"}],"wp:attachment":[{"href":"https:\/\/topprixsarl.ch\/en\/wp-json\/wp\/v2\/media?parent=30671"}],"wp:term":[{"taxonomy":"product_brand","embeddable":true,"href":"https:\/\/topprixsarl.ch\/en\/wp-json\/wp\/v2\/product_brand?post=30671"},{"taxonomy":"product_cat","embeddable":true,"href":"https:\/\/topprixsarl.ch\/en\/wp-json\/wp\/v2\/product_cat?post=30671"},{"taxonomy":"product_tag","embeddable":true,"href":"https:\/\/topprixsarl.ch\/en\/wp-json\/wp\/v2\/product_tag?post=30671"}],"curies":[{"name":"wp","href":"https:\/\/api.w.org\/{rel}","templated":true}]}}